{"id":3141,"date":"2024-10-22T20:31:53","date_gmt":"2024-10-22T23:31:53","guid":{"rendered":"https:\/\/bonomosistemas.com.ar\/site\/?post_type=product&#038;p=3141"},"modified":"2026-01-26T20:05:47","modified_gmt":"2026-01-26T23:05:47","slug":"impresora-laser-monocromatica-brother-hl1200","status":"publish","type":"product","link":"https:\/\/bonomosistemas.com.ar\/site\/producto\/impresora-laser-monocromatica-brother-hl1200\/","title":{"rendered":"Impresora Laser Monocrom\u00e1tica Brother HL1200"},"content":{"rendered":"<ul>\n<li><strong>Impresi\u00f3n:<\/strong>\n<ul>\n<li>Velocidad de impresi\u00f3n en negro (m\u00e1x. ppm): 21<\/li>\n<li>Impresi\u00f3n sin bordes: N\/A<\/li>\n<li>Tipo de suministro: Cartucho de t\u00f3ner y Drum<\/li>\n<li>Velocidad de CPU (MhZ): 200<\/li>\n<li>Tiempo de salida de la primera p\u00e1gina: 10<\/li>\n<li>Resoluci\u00f3n de impresi\u00f3n (dpi): 2400 x 600 dpi<\/li>\n<li>Tecnolog\u00eda de impresi\u00f3n: L\u00e1ser B\/N<\/li>\n<li>Compatibilidad de controlador de impresora: Windows, Mac OS, Linux<\/li>\n<\/ul>\n<\/li>\n<li><strong>Manejo del Papel:<\/strong>\n<ul>\n<li>Capacidad de alimentaci\u00f3n manual (p\u00e1g.): 1<\/li>\n<li>Tipos de papel: Plano, Papel reciclado<\/li>\n<li>Capacidad de salida de papel (p\u00e1gs.): 50<\/li>\n<li>Tama\u00f1o de papel &#8211; Bandeja: Carta, Legal, Ejecutivo, A4, A5, B5<\/li>\n<li>Gramaje &#8211; Bandeja de papel (m\u00edn. \/ M\u00e1x.): 65-105 g\/m\u00b2<\/li>\n<li>Capacidad de entrada de papel est\u00e1ndar (p\u00e1gs.): 150<\/li>\n<\/ul>\n<\/li>\n<li><strong>General:<\/strong>\n<ul>\n<li>Ciclo de trabajo mensual m\u00e1ximo: Hasta 10.000 p\u00e1ginas<\/li>\n<li>Volumen de impresi\u00f3n mensual recomendado: 250 a 1.800 p\u00e1ginas (m\u00e1ximo)<\/li>\n<li>Memoria Est\u00e1ndar: 1<\/li>\n<li>Modo de ahorro de t\u00f3ner: N\/A<\/li>\n<\/ul>\n<\/li>\n<li><strong>Energ\u00eda:<\/strong>\n<ul>\n<li>Voltaje: 220-240 V 50\/60Hz<\/li>\n<li>Ruido de la m\u00e1quina (listo \/ copiando): 51 dB<\/li>\n<li>Entorno operativo: humedad: 20 a 80 %<\/li>\n<li>Entorno operativo: temperatura: 10 a 32 \u00b0C<\/li>\n<\/ul>\n<\/li>\n<li><strong>Dimensiones:<\/strong>\n<ul>\n<li>Dimensiones de la Unidad (L x P x A): 34 cm x 23.8 cm x 18.9 cm<\/li>\n<li>Peso de la unidad (kg.): 4.6<\/li>\n<\/ul>\n<\/li>\n<\/ul>\n","protected":false},"excerpt":{"rendered":"<p>La HL-1200 es una impresora l\u00e1ser monocrom\u00e1tica de tama\u00f1o compacto, ideal para uso personal. Ofrece alta calidad de impresi\u00f3n con 2400 x 600 dpi y velocidad de impresi\u00f3n de 21ppm. Tambi\u00e9n cuenta con una bandeja para 150 hojas y modo de ahorro de T\u00f3ner. Adem\u00e1s, su dise\u00f1o compacto y moderno ahorra espacio y permite colocarla virtualmente en cualquier sitio. Para ayudarle a reducir el costo de operaci\u00f3n, utiliza toner de reemplazo de bajo precio.<\/p>\n","protected":false},"featured_media":3139,"comment_status":"open","ping_status":"closed","template":"","meta":{"_et_pb_use_builder":"","_et_pb_old_content":"","_et_gb_content_width":""},"product_brand":[],"product_cat":[55],"product_tag":[199,219,256,257],"class_list":{"0":"post-3141","1":"product","2":"type-product","3":"status-publish","4":"has-post-thumbnail","6":"product_cat-laser","7":"product_tag-brother","8":"product_tag-impresora","9":"product_tag-impresora-laser","10":"product_tag-monocromatica","12":"first","13":"instock","14":"shipping-taxable","15":"purchasable","16":"product-type-simple"},"_links":{"self":[{"href":"https:\/\/bonomosistemas.com.ar\/site\/wp-json\/wp\/v2\/product\/3141","targetHints":{"allow":["GET"]}}],"collection":[{"href":"https:\/\/bonomosistemas.com.ar\/site\/wp-json\/wp\/v2\/product"}],"about":[{"href":"https:\/\/bonomosistemas.com.ar\/site\/wp-json\/wp\/v2\/types\/product"}],"replies":[{"embeddable":true,"href":"https:\/\/bonomosistemas.com.ar\/site\/wp-json\/wp\/v2\/comments?post=3141"}],"wp:featuredmedia":[{"embeddable":true,"href":"https:\/\/bonomosistemas.com.ar\/site\/wp-json\/wp\/v2\/media\/3139"}],"wp:attachment":[{"href":"https:\/\/bonomosistemas.com.ar\/site\/wp-json\/wp\/v2\/media?parent=3141"}],"wp:term":[{"taxonomy":"product_brand","embeddable":true,"href":"https:\/\/bonomosistemas.com.ar\/site\/wp-json\/wp\/v2\/product_brand?post=3141"},{"taxonomy":"product_cat","embeddable":true,"href":"https:\/\/bonomosistemas.com.ar\/site\/wp-json\/wp\/v2\/product_cat?post=3141"},{"taxonomy":"product_tag","embeddable":true,"href":"https:\/\/bonomosistemas.com.ar\/site\/wp-json\/wp\/v2\/product_tag?post=3141"}],"curies":[{"name":"wp","href":"https:\/\/api.w.org\/{rel}","templated":true}]}}