{"id":3206,"date":"2024-12-08T12:13:30","date_gmt":"2024-12-08T15:13:30","guid":{"rendered":"https:\/\/bonomosistemas.com.ar\/site\/?post_type=product&#038;p=3206"},"modified":"2026-01-26T19:36:35","modified_gmt":"2026-01-26T22:36:35","slug":"mouse-inalambrico-genius-nx-7000se","status":"publish","type":"product","link":"https:\/\/bonomosistemas.com.ar\/site\/producto\/mouse-inalambrico-genius-nx-7000se\/","title":{"rendered":"Mouse Inal\u00e1mbrico Genius NX-7000SE"},"content":{"rendered":"<ul>\n<li><strong>Marca:<\/strong> Genius<\/li>\n<li><strong>Modelo:<\/strong> NX-7000SE<\/li>\n<li><strong>Color<\/strong>: Negro.<\/li>\n<li><strong>Tipo de Mouse<\/strong>: \u00f3ptico<\/li>\n<li><strong>Interfaz:<\/strong> 2,4 GHz (adaptador USB)<\/li>\n<li><strong>Tres botones (contando scroll).<\/strong><\/li>\n<li><strong>Fuente de alimentaci\u00f3n:<\/strong> 1\u00d7 pila AA (incluye de regalo)<\/li>\n<li><strong>Sensor \u00f3ptico de 1200 dpi<\/strong> para un mejor control de movimiento.<\/li>\n<li><strong>Soporta los siguientes SO:<\/strong> Windows\u00ae8\/ 7\/Vista\/XP, Mac OSX 10.4+ o superior.<\/li>\n<li><strong>Dimensi\u00f3n:<\/strong> 111.7 x 60.1 x 37.9 mm<\/li>\n<li><strong>Peso:<\/strong>\u00a053 gr<\/li>\n<\/ul>\n","protected":false},"excerpt":{"rendered":"<p>El mouse inal\u00e1mbrico basado en tecnolog\u00eda 2.4 GHz tiene un sensor \u00f3ptico con resoluci\u00f3n 1200 DPI. Gracias a este sensor, es f\u00e1cil de utilizar incluso sobre una mesa de madera, una superficie de cristal, un sof\u00e1 o una alfombra. Gracias a su dise\u00f1o sim\u00e9trico, es adecuado tanto para jugadores diestros como zurdos. La fuente de alimentaciones de 1 pila AA que incluye de regalo en la caja.<\/p>\n","protected":false},"featured_media":3207,"comment_status":"open","ping_status":"closed","template":"","meta":{"_et_pb_use_builder":"","_et_pb_old_content":"","_et_gb_content_width":""},"product_brand":[],"product_cat":[82],"product_tag":[136,147],"class_list":{"0":"post-3206","1":"product","2":"type-product","3":"status-publish","4":"has-post-thumbnail","6":"product_cat-mouse","7":"product_tag-genius","8":"product_tag-mouse","10":"first","11":"instock","12":"shipping-taxable","13":"purchasable","14":"product-type-simple"},"_links":{"self":[{"href":"https:\/\/bonomosistemas.com.ar\/site\/wp-json\/wp\/v2\/product\/3206","targetHints":{"allow":["GET"]}}],"collection":[{"href":"https:\/\/bonomosistemas.com.ar\/site\/wp-json\/wp\/v2\/product"}],"about":[{"href":"https:\/\/bonomosistemas.com.ar\/site\/wp-json\/wp\/v2\/types\/product"}],"replies":[{"embeddable":true,"href":"https:\/\/bonomosistemas.com.ar\/site\/wp-json\/wp\/v2\/comments?post=3206"}],"wp:featuredmedia":[{"embeddable":true,"href":"https:\/\/bonomosistemas.com.ar\/site\/wp-json\/wp\/v2\/media\/3207"}],"wp:attachment":[{"href":"https:\/\/bonomosistemas.com.ar\/site\/wp-json\/wp\/v2\/media?parent=3206"}],"wp:term":[{"taxonomy":"product_brand","embeddable":true,"href":"https:\/\/bonomosistemas.com.ar\/site\/wp-json\/wp\/v2\/product_brand?post=3206"},{"taxonomy":"product_cat","embeddable":true,"href":"https:\/\/bonomosistemas.com.ar\/site\/wp-json\/wp\/v2\/product_cat?post=3206"},{"taxonomy":"product_tag","embeddable":true,"href":"https:\/\/bonomosistemas.com.ar\/site\/wp-json\/wp\/v2\/product_tag?post=3206"}],"curies":[{"name":"wp","href":"https:\/\/api.w.org\/{rel}","templated":true}]}}