{"id":3215,"date":"2024-12-17T18:22:30","date_gmt":"2024-12-17T21:22:30","guid":{"rendered":"https:\/\/bonomosistemas.com.ar\/site\/?post_type=product&#038;p=3215"},"modified":"2026-01-26T20:13:11","modified_gmt":"2026-01-26T23:13:11","slug":"adaptador-displayport-a-vga-nisuta","status":"publish","type":"product","link":"https:\/\/bonomosistemas.com.ar\/site\/producto\/adaptador-displayport-a-vga-nisuta\/","title":{"rendered":"Adaptador DisplayPort a VGA Nisuta"},"content":{"rendered":"<ul>\n<li><strong>Modelo:<\/strong> NS-DPVGBL<\/li>\n<li class=\"list-group-item\">Este es un dispositivo electr\u00f3nico, no un simple cable, con lo cual le recomendamos evitar conectarlo\/desconectarlo cuando la PC y\/o el monitor est\u00e9n funcionando para as\u00ed evitar da\u00f1ar el conversor.<\/li>\n<li class=\"list-group-item\">Ideal para conectar una salida de video display port a un monitor VGA<\/li>\n<li class=\"list-group-item\">Longitud del conversor 15cm<\/li>\n<li class=\"list-group-item\">Soporta resoluciones de video de hasta 1920x1080P@60Hz<\/li>\n<\/ul>\n","protected":false},"excerpt":{"rendered":"<p>Modelo: NS-DPVGBL Este es un dispositivo electr\u00f3nico, no un simple cable, con lo cual le recomendamos evitar conectarlo\/desconectarlo cuando la PC y\/o el monitor est\u00e9n funcionando para as\u00ed evitar da\u00f1ar el conversor. Ideal para conectar una salida de video display port a un monitor VGA Longitud del conversor 15cm Soporta resoluciones de video de hasta [&hellip;]<\/p>\n","protected":false},"featured_media":3216,"comment_status":"open","ping_status":"closed","template":"","meta":{"_et_pb_use_builder":"","_et_pb_old_content":"","_et_gb_content_width":""},"product_brand":[],"product_cat":[61],"product_tag":[397,192],"class_list":{"0":"post-3215","1":"product","2":"type-product","3":"status-publish","4":"has-post-thumbnail","6":"product_cat-accesorios","7":"product_tag-adaptadores","8":"product_tag-nisuta","10":"first","11":"instock","12":"shipping-taxable","13":"purchasable","14":"product-type-simple"},"_links":{"self":[{"href":"https:\/\/bonomosistemas.com.ar\/site\/wp-json\/wp\/v2\/product\/3215","targetHints":{"allow":["GET"]}}],"collection":[{"href":"https:\/\/bonomosistemas.com.ar\/site\/wp-json\/wp\/v2\/product"}],"about":[{"href":"https:\/\/bonomosistemas.com.ar\/site\/wp-json\/wp\/v2\/types\/product"}],"replies":[{"embeddable":true,"href":"https:\/\/bonomosistemas.com.ar\/site\/wp-json\/wp\/v2\/comments?post=3215"}],"wp:featuredmedia":[{"embeddable":true,"href":"https:\/\/bonomosistemas.com.ar\/site\/wp-json\/wp\/v2\/media\/3216"}],"wp:attachment":[{"href":"https:\/\/bonomosistemas.com.ar\/site\/wp-json\/wp\/v2\/media?parent=3215"}],"wp:term":[{"taxonomy":"product_brand","embeddable":true,"href":"https:\/\/bonomosistemas.com.ar\/site\/wp-json\/wp\/v2\/product_brand?post=3215"},{"taxonomy":"product_cat","embeddable":true,"href":"https:\/\/bonomosistemas.com.ar\/site\/wp-json\/wp\/v2\/product_cat?post=3215"},{"taxonomy":"product_tag","embeddable":true,"href":"https:\/\/bonomosistemas.com.ar\/site\/wp-json\/wp\/v2\/product_tag?post=3215"}],"curies":[{"name":"wp","href":"https:\/\/api.w.org\/{rel}","templated":true}]}}