{"id":3218,"date":"2024-12-17T18:50:42","date_gmt":"2024-12-17T21:50:42","guid":{"rendered":"https:\/\/bonomosistemas.com.ar\/site\/?post_type=product&#038;p=3218"},"modified":"2026-01-26T20:13:41","modified_gmt":"2026-01-26T23:13:41","slug":"adaptador-displayport-a-hdmi-nisuta","status":"publish","type":"product","link":"https:\/\/bonomosistemas.com.ar\/site\/producto\/adaptador-displayport-a-hdmi-nisuta\/","title":{"rendered":"Adaptador DisplayPort a HDMI Nisuta"},"content":{"rendered":"<ul>\n<li><strong>Modelo:<\/strong> NSDPHD2<\/li>\n<li class=\"list-group-item\">Este es un dispositivo electr\u00f3nico, no un simple cable, con lo cual le recomendamos evitar conectarlo\/desconectarlo cuando la PC y\/o el monitor est\u00e9n funcionando para as\u00ed evitar da\u00f1ar el conversor.<\/li>\n<li class=\"list-group-item\">Ideal para conectar una salida de video display port a un monitor HDMI<\/li>\n<li class=\"list-group-item\">Longitud del conversor 15cm<\/li>\n<li class=\"list-group-item\">Soporta modos espejo y escritorio extendido<\/li>\n<li class=\"list-group-item\">Cumple con Display port 1.1V y HDMI 1.3V<\/li>\n<li class=\"list-group-item\">Soporta Display Port 1.1 para 1.62 y 2.7Gbps.<\/li>\n<li class=\"list-group-item\">Soporta HDMI 1.3a hasta 2.25Gbps.<\/li>\n<li class=\"list-group-item\">Soporta resoluci\u00f3n HDTV: 480i, 576i, 480p, 576p, 1080i, y 1080p@60Hz.<\/li>\n<li class=\"list-group-item\">Chipset: CS5218<\/li>\n<\/ul>\n","protected":false},"excerpt":{"rendered":"<p>Modelo: NSDPHD2 Este es un dispositivo electr\u00f3nico, no un simple cable, con lo cual le recomendamos evitar conectarlo\/desconectarlo cuando la PC y\/o el monitor est\u00e9n funcionando para as\u00ed evitar da\u00f1ar el conversor. Ideal para conectar una salida de video display port a un monitor HDMI Longitud del conversor 15cm Soporta modos espejo y escritorio extendido [&hellip;]<\/p>\n","protected":false},"featured_media":3219,"comment_status":"open","ping_status":"closed","template":"","meta":{"_et_pb_use_builder":"","_et_pb_old_content":"","_et_gb_content_width":""},"product_brand":[],"product_cat":[61],"product_tag":[397,192],"class_list":{"0":"post-3218","1":"product","2":"type-product","3":"status-publish","4":"has-post-thumbnail","6":"product_cat-accesorios","7":"product_tag-adaptadores","8":"product_tag-nisuta","10":"first","11":"instock","12":"shipping-taxable","13":"purchasable","14":"product-type-simple"},"_links":{"self":[{"href":"https:\/\/bonomosistemas.com.ar\/site\/wp-json\/wp\/v2\/product\/3218","targetHints":{"allow":["GET"]}}],"collection":[{"href":"https:\/\/bonomosistemas.com.ar\/site\/wp-json\/wp\/v2\/product"}],"about":[{"href":"https:\/\/bonomosistemas.com.ar\/site\/wp-json\/wp\/v2\/types\/product"}],"replies":[{"embeddable":true,"href":"https:\/\/bonomosistemas.com.ar\/site\/wp-json\/wp\/v2\/comments?post=3218"}],"wp:featuredmedia":[{"embeddable":true,"href":"https:\/\/bonomosistemas.com.ar\/site\/wp-json\/wp\/v2\/media\/3219"}],"wp:attachment":[{"href":"https:\/\/bonomosistemas.com.ar\/site\/wp-json\/wp\/v2\/media?parent=3218"}],"wp:term":[{"taxonomy":"product_brand","embeddable":true,"href":"https:\/\/bonomosistemas.com.ar\/site\/wp-json\/wp\/v2\/product_brand?post=3218"},{"taxonomy":"product_cat","embeddable":true,"href":"https:\/\/bonomosistemas.com.ar\/site\/wp-json\/wp\/v2\/product_cat?post=3218"},{"taxonomy":"product_tag","embeddable":true,"href":"https:\/\/bonomosistemas.com.ar\/site\/wp-json\/wp\/v2\/product_tag?post=3218"}],"curies":[{"name":"wp","href":"https:\/\/api.w.org\/{rel}","templated":true}]}}