{"id":3221,"date":"2024-12-17T18:54:27","date_gmt":"2024-12-17T21:54:27","guid":{"rendered":"https:\/\/bonomosistemas.com.ar\/site\/?post_type=product&#038;p=3221"},"modified":"2026-01-26T20:12:57","modified_gmt":"2026-01-26T23:12:57","slug":"adaptador-usb-a-hdmi-nisuta","status":"publish","type":"product","link":"https:\/\/bonomosistemas.com.ar\/site\/producto\/adaptador-usb-a-hdmi-nisuta\/","title":{"rendered":"Adaptador USB a HDMI Nisuta"},"content":{"rendered":"<ul>\n<li><strong>Modelo:<\/strong> NS-COUSHD3<\/li>\n<li class=\"list-group-item\">Este es un dispositivo electr\u00f3nico, no un simple cable, con lo cual le recomendamos evitar conectarlo\/desconectarlo cuando la PC y\/o el monitor est\u00e9n funcionando para as\u00ed evitar da\u00f1ar el conversor.<\/li>\n<li class=\"list-group-item\">Longitud del conversor 15cm<\/li>\n<li class=\"list-group-item\">Conectado a un puerto USB 3.0 puede soportar m\u00e1ximo 2048&#215;1152@60Hz<\/li>\n<li class=\"list-group-item\">Conectado a un puerto USB 2.0 puede soportar m\u00e1ximo 800x600P@60Hz<\/li>\n<li class=\"list-group-item\">Soporta PC y laptop con entrada USB 2.0 y USB 3.0<\/li>\n<li class=\"list-group-item\">Soporta salida de video HDMI 1.3b<\/li>\n<li class=\"list-group-item\">Funciones: pantalla principal, pantalla extendida, espejo<\/li>\n<li class=\"list-group-item\">Resoluci\u00f3n de la salida HDMI: 480P \/ 576P \/ 720P \/ 1080P<\/li>\n<li class=\"list-group-item\">Soporta los sistemas operativos: Win7 (64bit)\/Win 8.1 (64 bit)\/ Win10 (32\/64bit)<\/li>\n<li class=\"list-group-item\">Soporta funci\u00f3n de multipantalla (m\u00e1ximo 6 pantallas)<\/li>\n<li class=\"list-group-item\">Material de los conectores oro plateado 24k<\/li>\n<\/ul>\n","protected":false},"excerpt":{"rendered":"<p>Modelo: NS-COUSHD3 Este es un dispositivo electr\u00f3nico, no un simple cable, con lo cual le recomendamos evitar conectarlo\/desconectarlo cuando la PC y\/o el monitor est\u00e9n funcionando para as\u00ed evitar da\u00f1ar el conversor. Longitud del conversor 15cm Conectado a un puerto USB 3.0 puede soportar m\u00e1ximo 2048&#215;1152@60Hz Conectado a un puerto USB 2.0 puede soportar m\u00e1ximo [&hellip;]<\/p>\n","protected":false},"featured_media":3222,"comment_status":"open","ping_status":"closed","template":"","meta":{"_et_pb_use_builder":"","_et_pb_old_content":"","_et_gb_content_width":""},"product_brand":[],"product_cat":[61],"product_tag":[397,192],"class_list":{"0":"post-3221","1":"product","2":"type-product","3":"status-publish","4":"has-post-thumbnail","6":"product_cat-accesorios","7":"product_tag-adaptadores","8":"product_tag-nisuta","10":"first","11":"instock","12":"shipping-taxable","13":"purchasable","14":"product-type-simple"},"_links":{"self":[{"href":"https:\/\/bonomosistemas.com.ar\/site\/wp-json\/wp\/v2\/product\/3221","targetHints":{"allow":["GET"]}}],"collection":[{"href":"https:\/\/bonomosistemas.com.ar\/site\/wp-json\/wp\/v2\/product"}],"about":[{"href":"https:\/\/bonomosistemas.com.ar\/site\/wp-json\/wp\/v2\/types\/product"}],"replies":[{"embeddable":true,"href":"https:\/\/bonomosistemas.com.ar\/site\/wp-json\/wp\/v2\/comments?post=3221"}],"wp:featuredmedia":[{"embeddable":true,"href":"https:\/\/bonomosistemas.com.ar\/site\/wp-json\/wp\/v2\/media\/3222"}],"wp:attachment":[{"href":"https:\/\/bonomosistemas.com.ar\/site\/wp-json\/wp\/v2\/media?parent=3221"}],"wp:term":[{"taxonomy":"product_brand","embeddable":true,"href":"https:\/\/bonomosistemas.com.ar\/site\/wp-json\/wp\/v2\/product_brand?post=3221"},{"taxonomy":"product_cat","embeddable":true,"href":"https:\/\/bonomosistemas.com.ar\/site\/wp-json\/wp\/v2\/product_cat?post=3221"},{"taxonomy":"product_tag","embeddable":true,"href":"https:\/\/bonomosistemas.com.ar\/site\/wp-json\/wp\/v2\/product_tag?post=3221"}],"curies":[{"name":"wp","href":"https:\/\/api.w.org\/{rel}","templated":true}]}}