{"id":3224,"date":"2024-12-18T21:07:03","date_gmt":"2024-12-19T00:07:03","guid":{"rendered":"https:\/\/bonomosistemas.com.ar\/site\/?post_type=product&#038;p=3224"},"modified":"2026-03-06T14:16:04","modified_gmt":"2026-03-06T17:16:04","slug":"teclado-gamer-trust-gxt-853-esca-rgb","status":"publish","type":"product","link":"https:\/\/bonomosistemas.com.ar\/site\/producto\/teclado-gamer-trust-gxt-853-esca-rgb\/","title":{"rendered":"Teclado Gamer Trust GXT 853 ESCA"},"content":{"rendered":"<ul>\n<li><strong>Tipo de teclado:<\/strong>\u00a0Full Size<\/li>\n<li><strong>Tecnolog\u00eda de teclas:<\/strong>\u00a0membrana<\/li>\n<li><strong>Cantidad de teclas:<\/strong>\u00a0104<\/li>\n<li><strong>Teclas multimedia:<\/strong>\u00a012<\/li>\n<li><strong>Teclas especiales:<\/strong>\u00a0FN<\/li>\n<li><strong>Indicadores:<\/strong>\u00a0Num-lock \/ Caps-lock \/ Scroll-lock<\/li>\n<li><strong>Iluminaci\u00f3n:<\/strong>\u00a0Rainbow<\/li>\n<li><strong>Dimensiones:<\/strong>\u00a0465 x 167 x 46 mm<\/li>\n<li><strong>Longitud del cable:<\/strong>\u00a0180 cm<\/li>\n<li><strong>Conector:<\/strong>\u00a0USB 2.0 Tipo A<\/li>\n<li><strong>Peso:<\/strong>\u00a0646 g<\/li>\n<li><strong>Peso total:<\/strong>\u00a0668 g<\/li>\n<li><strong>Vida \u00fatil de las teclas:<\/strong>\u00a05.000.000 de presiones<\/li>\n<li><strong>Compatibilidad:<\/strong>\u00a0PC, Notebook<\/li>\n<\/ul>\n","protected":false},"excerpt":{"rendered":"<p>Este teclado gaming lleno de color cuenta con una iluminaci\u00f3n LED ajustable que le confiere una aut\u00e9ntica est\u00e9tica gamer. Adem\u00e1s, el soporte de tel\u00e9fono integrado te permitir\u00e1 consultar los mensajes entrantes mientras juegas.<\/p>\n","protected":false},"featured_media":3225,"comment_status":"closed","ping_status":"closed","template":"","meta":{"_et_pb_use_builder":"","_et_pb_old_content":"","_et_gb_content_width":""},"product_brand":[],"product_cat":[84,322,411],"product_tag":[156,175,364],"class_list":{"0":"post-3224","1":"product","2":"type-product","3":"status-publish","4":"has-post-thumbnail","6":"product_cat-teclados","7":"product_cat-destacados-gamer","8":"product_cat-dia-del-nino","9":"product_tag-gamer","10":"product_tag-teclado","11":"product_tag-trust","13":"first","14":"instock","15":"sale","16":"shipping-taxable","17":"purchasable","18":"product-type-simple"},"_links":{"self":[{"href":"https:\/\/bonomosistemas.com.ar\/site\/wp-json\/wp\/v2\/product\/3224","targetHints":{"allow":["GET"]}}],"collection":[{"href":"https:\/\/bonomosistemas.com.ar\/site\/wp-json\/wp\/v2\/product"}],"about":[{"href":"https:\/\/bonomosistemas.com.ar\/site\/wp-json\/wp\/v2\/types\/product"}],"replies":[{"embeddable":true,"href":"https:\/\/bonomosistemas.com.ar\/site\/wp-json\/wp\/v2\/comments?post=3224"}],"wp:featuredmedia":[{"embeddable":true,"href":"https:\/\/bonomosistemas.com.ar\/site\/wp-json\/wp\/v2\/media\/3225"}],"wp:attachment":[{"href":"https:\/\/bonomosistemas.com.ar\/site\/wp-json\/wp\/v2\/media?parent=3224"}],"wp:term":[{"taxonomy":"product_brand","embeddable":true,"href":"https:\/\/bonomosistemas.com.ar\/site\/wp-json\/wp\/v2\/product_brand?post=3224"},{"taxonomy":"product_cat","embeddable":true,"href":"https:\/\/bonomosistemas.com.ar\/site\/wp-json\/wp\/v2\/product_cat?post=3224"},{"taxonomy":"product_tag","embeddable":true,"href":"https:\/\/bonomosistemas.com.ar\/site\/wp-json\/wp\/v2\/product_tag?post=3224"}],"curies":[{"name":"wp","href":"https:\/\/api.w.org\/{rel}","templated":true}]}}