{"id":3227,"date":"2024-12-18T21:16:20","date_gmt":"2024-12-19T00:16:20","guid":{"rendered":"https:\/\/bonomosistemas.com.ar\/site\/?post_type=product&#038;p=3227"},"modified":"2026-03-06T14:16:28","modified_gmt":"2026-03-06T17:16:28","slug":"teclado-gamer-trust-gxt-830rw-avonn","status":"publish","type":"product","link":"https:\/\/bonomosistemas.com.ar\/site\/producto\/teclado-gamer-trust-gxt-830rw-avonn\/","title":{"rendered":"Teclado Gamer Trust GXT 830RW AVONN"},"content":{"rendered":"<ul>\n<li>Dise\u00f1o de tama\u00f1o completo<\/li>\n<li>Iluminaci\u00f3n Rainbow Wave con nivel de brillo ajustable<\/li>\n<li>Sin efecto fantasma: Hasta 6 pulsaciones de teclas simult\u00e1neas<\/li>\n<li>12 teclas multimedia de acceso directo<\/li>\n<li>Interruptor de modo de juego; desactive la tecla de Windows directamente<\/li>\n<\/ul>\n","protected":false},"excerpt":{"rendered":"<p>El Trust GXT 830-RW Avonn le ofrece un teclado de juegos de dise\u00f1o de tama\u00f1o completo con 12 teclas multimedia. \u00a1Deje que la atractiva iluminaci\u00f3n de la onda del arco iris lo gu\u00ede y siempre presione la tecla correcta! El teclado para juegos Avonn completar\u00e1 su configuraci\u00f3n de juego con colores vivos. Las luces LED son de brillo ajustable, lo que hace que el GXT 830-RW tambi\u00e9n sea perfecto para jugar en tiempos m\u00e1s oscuros: elige tu color de guerra o atrae a tus enemigos a tu web con la atractiva iluminaci\u00f3n Rainbow Wave.<\/p>\n","protected":false},"featured_media":3228,"comment_status":"closed","ping_status":"closed","template":"","meta":{"_et_pb_use_builder":"","_et_pb_old_content":"","_et_gb_content_width":""},"product_brand":[],"product_cat":[84,322,411],"product_tag":[156,175,364],"class_list":{"0":"post-3227","1":"product","2":"type-product","3":"status-publish","4":"has-post-thumbnail","6":"product_cat-teclados","7":"product_cat-destacados-gamer","8":"product_cat-dia-del-nino","9":"product_tag-gamer","10":"product_tag-teclado","11":"product_tag-trust","13":"first","14":"instock","15":"sale","16":"shipping-taxable","17":"purchasable","18":"product-type-simple"},"_links":{"self":[{"href":"https:\/\/bonomosistemas.com.ar\/site\/wp-json\/wp\/v2\/product\/3227","targetHints":{"allow":["GET"]}}],"collection":[{"href":"https:\/\/bonomosistemas.com.ar\/site\/wp-json\/wp\/v2\/product"}],"about":[{"href":"https:\/\/bonomosistemas.com.ar\/site\/wp-json\/wp\/v2\/types\/product"}],"replies":[{"embeddable":true,"href":"https:\/\/bonomosistemas.com.ar\/site\/wp-json\/wp\/v2\/comments?post=3227"}],"wp:featuredmedia":[{"embeddable":true,"href":"https:\/\/bonomosistemas.com.ar\/site\/wp-json\/wp\/v2\/media\/3228"}],"wp:attachment":[{"href":"https:\/\/bonomosistemas.com.ar\/site\/wp-json\/wp\/v2\/media?parent=3227"}],"wp:term":[{"taxonomy":"product_brand","embeddable":true,"href":"https:\/\/bonomosistemas.com.ar\/site\/wp-json\/wp\/v2\/product_brand?post=3227"},{"taxonomy":"product_cat","embeddable":true,"href":"https:\/\/bonomosistemas.com.ar\/site\/wp-json\/wp\/v2\/product_cat?post=3227"},{"taxonomy":"product_tag","embeddable":true,"href":"https:\/\/bonomosistemas.com.ar\/site\/wp-json\/wp\/v2\/product_tag?post=3227"}],"curies":[{"name":"wp","href":"https:\/\/api.w.org\/{rel}","templated":true}]}}