{"id":3231,"date":"2024-12-18T21:29:14","date_gmt":"2024-12-19T00:29:14","guid":{"rendered":"https:\/\/bonomosistemas.com.ar\/site\/?post_type=product&#038;p=3231"},"modified":"2026-03-06T14:15:14","modified_gmt":"2026-03-06T17:15:14","slug":"kit-trust-gxt-794-4-en-1-gaming-bundle","status":"publish","type":"product","link":"https:\/\/bonomosistemas.com.ar\/site\/producto\/kit-trust-gxt-794-4-en-1-gaming-bundle\/","title":{"rendered":"Kit 4 en 1 Gaming Bundle Trust GXT 794W"},"content":{"rendered":"<ul>\n<li><strong>Contenido del paquete<\/strong><\/li>\n<li style=\"list-style-type: none;\">\n<ul>\n<li class=\"c-specs__first\">Teclado gaming<\/li>\n<li class=\"c-specs__first\">Rat\u00f3n gaming inal\u00e1mbrico<\/li>\n<li class=\"c-specs__first\">Alfombrilla para rat\u00f3n<\/li>\n<li class=\"c-specs__first\">Cable de carga USB-A a USB-C de 1 m<\/li>\n<li class=\"c-specs__first\">Microrreceptor USB<\/li>\n<li class=\"c-specs__first\">Gu\u00eda del usuario<\/li>\n<\/ul>\n<\/li>\n<li><strong>Requisitos del sistema<\/strong>\n<ul>\n<li>2 puertos USB<\/li>\n<li>Windows 10 u 11<\/li>\n<\/ul>\n<\/li>\n<\/ul>\n","protected":false},"excerpt":{"rendered":"<p>Paquete gaming 3 en 1 con teclado compacto TKL, rat\u00f3n inal\u00e1mbrico con iluminaci\u00f3n y alfombrilla para rat\u00f3n<\/p>\n","protected":false},"featured_media":3232,"comment_status":"closed","ping_status":"closed","template":"","meta":{"_et_pb_use_builder":"","_et_pb_old_content":"","_et_gb_content_width":""},"product_brand":[],"product_cat":[176,322],"product_tag":[156,170,147,281,175,365,364],"class_list":{"0":"post-3231","1":"product","2":"type-product","3":"status-publish","4":"has-post-thumbnail","6":"product_cat-kit-teclado-y-mouse","7":"product_cat-destacados-gamer","8":"product_tag-gamer","9":"product_tag-kit","10":"product_tag-mouse","11":"product_tag-mousepad","12":"product_tag-teclado","13":"product_tag-teclados","14":"product_tag-trust","16":"first","17":"instock","18":"sale","19":"shipping-taxable","20":"purchasable","21":"product-type-simple"},"_links":{"self":[{"href":"https:\/\/bonomosistemas.com.ar\/site\/wp-json\/wp\/v2\/product\/3231","targetHints":{"allow":["GET"]}}],"collection":[{"href":"https:\/\/bonomosistemas.com.ar\/site\/wp-json\/wp\/v2\/product"}],"about":[{"href":"https:\/\/bonomosistemas.com.ar\/site\/wp-json\/wp\/v2\/types\/product"}],"replies":[{"embeddable":true,"href":"https:\/\/bonomosistemas.com.ar\/site\/wp-json\/wp\/v2\/comments?post=3231"}],"wp:featuredmedia":[{"embeddable":true,"href":"https:\/\/bonomosistemas.com.ar\/site\/wp-json\/wp\/v2\/media\/3232"}],"wp:attachment":[{"href":"https:\/\/bonomosistemas.com.ar\/site\/wp-json\/wp\/v2\/media?parent=3231"}],"wp:term":[{"taxonomy":"product_brand","embeddable":true,"href":"https:\/\/bonomosistemas.com.ar\/site\/wp-json\/wp\/v2\/product_brand?post=3231"},{"taxonomy":"product_cat","embeddable":true,"href":"https:\/\/bonomosistemas.com.ar\/site\/wp-json\/wp\/v2\/product_cat?post=3231"},{"taxonomy":"product_tag","embeddable":true,"href":"https:\/\/bonomosistemas.com.ar\/site\/wp-json\/wp\/v2\/product_tag?post=3231"}],"curies":[{"name":"wp","href":"https:\/\/api.w.org\/{rel}","templated":true}]}}