{"id":3256,"date":"2024-12-21T14:25:21","date_gmt":"2024-12-21T17:25:21","guid":{"rendered":"https:\/\/bonomosistemas.com.ar\/site\/?post_type=product&#038;p=3256"},"modified":"2026-01-26T20:12:42","modified_gmt":"2026-01-26T23:12:42","slug":"adaptador-usb-c-a-gigabit-ethernet-10-100-1000mbps-nisuta","status":"publish","type":"product","link":"https:\/\/bonomosistemas.com.ar\/site\/producto\/adaptador-usb-c-a-gigabit-ethernet-10-100-1000mbps-nisuta\/","title":{"rendered":"Adaptador USB-C a Gigabit Ethernet 10\/100\/1000Mbps Nisuta"},"content":{"rendered":"<ul>\n<li><strong>Modelo:<\/strong> NS-COUSCRG<\/li>\n<li class=\"list-group-item\">Con conector USB C macho y RJ45 hembra<\/li>\n<li class=\"list-group-item\">Con carcasa met\u00e1lica<\/li>\n<li class=\"list-group-item\">Soporta 10\/100\/1000 Mbps capacidad auto-sensing<\/li>\n<li class=\"list-group-item\">Soporta Auto MDIX (detecta autom\u00e1ticamente cables de red derechos y cruzados)<\/li>\n<li class=\"list-group-item\">Soporta modo USB full y high speed con capacidad de bus power<\/li>\n<li class=\"list-group-item\">Compatible con IEEE 802.3, 802.3u, and 802.3ab (10Base-T, 100Base-TX y 1000 Base-T)<\/li>\n<li class=\"list-group-item\">Soporta ambos operaci\u00f3n full-duplex y half-duplex en Fast Ethernet<\/li>\n<li class=\"list-group-item\">Soporta paquete Jumbo packet de hasta 9KB<\/li>\n<li class=\"list-group-item\">Soporta modo de suspensi\u00f3n y despertar remoto v\u00eda link-up y paquete m\u00e1gico<\/li>\n<li class=\"list-group-item\">Incluye 20KB SRAM para RX packet buffering y 20KB SRAM para TX packet buffering<\/li>\n<li class=\"list-group-item\">Instalaci\u00f3n Plug and Play<\/li>\n<li class=\"list-group-item\">Soporta Sistemas Operativos: Windows XP, VISTA, 7\/8\/8.1\/10 Mac 10.5 o superior<\/li>\n<li class=\"list-group-item\">No necesita driver, solo enchufe y utilice<\/li>\n<\/ul>\n","protected":false},"excerpt":{"rendered":"<p>Modelo: NS-COUSCRG Con conector USB C macho y RJ45 hembra Con carcasa met\u00e1lica Soporta 10\/100\/1000 Mbps capacidad auto-sensing Soporta Auto MDIX (detecta autom\u00e1ticamente cables de red derechos y cruzados) Soporta modo USB full y high speed con capacidad de bus power Compatible con IEEE 802.3, 802.3u, and 802.3ab (10Base-T, 100Base-TX y 1000 Base-T) Soporta ambos [&hellip;]<\/p>\n","protected":false},"featured_media":3257,"comment_status":"open","ping_status":"closed","template":"","meta":{"_et_pb_use_builder":"","_et_pb_old_content":"","_et_gb_content_width":""},"product_brand":[],"product_cat":[61],"product_tag":[397,192],"class_list":{"0":"post-3256","1":"product","2":"type-product","3":"status-publish","4":"has-post-thumbnail","6":"product_cat-accesorios","7":"product_tag-adaptadores","8":"product_tag-nisuta","10":"first","11":"instock","12":"shipping-taxable","13":"purchasable","14":"product-type-simple"},"_links":{"self":[{"href":"https:\/\/bonomosistemas.com.ar\/site\/wp-json\/wp\/v2\/product\/3256","targetHints":{"allow":["GET"]}}],"collection":[{"href":"https:\/\/bonomosistemas.com.ar\/site\/wp-json\/wp\/v2\/product"}],"about":[{"href":"https:\/\/bonomosistemas.com.ar\/site\/wp-json\/wp\/v2\/types\/product"}],"replies":[{"embeddable":true,"href":"https:\/\/bonomosistemas.com.ar\/site\/wp-json\/wp\/v2\/comments?post=3256"}],"wp:featuredmedia":[{"embeddable":true,"href":"https:\/\/bonomosistemas.com.ar\/site\/wp-json\/wp\/v2\/media\/3257"}],"wp:attachment":[{"href":"https:\/\/bonomosistemas.com.ar\/site\/wp-json\/wp\/v2\/media?parent=3256"}],"wp:term":[{"taxonomy":"product_brand","embeddable":true,"href":"https:\/\/bonomosistemas.com.ar\/site\/wp-json\/wp\/v2\/product_brand?post=3256"},{"taxonomy":"product_cat","embeddable":true,"href":"https:\/\/bonomosistemas.com.ar\/site\/wp-json\/wp\/v2\/product_cat?post=3256"},{"taxonomy":"product_tag","embeddable":true,"href":"https:\/\/bonomosistemas.com.ar\/site\/wp-json\/wp\/v2\/product_tag?post=3256"}],"curies":[{"name":"wp","href":"https:\/\/api.w.org\/{rel}","templated":true}]}}