{"id":3278,"date":"2025-01-23T19:44:16","date_gmt":"2025-01-23T22:44:16","guid":{"rendered":"https:\/\/bonomosistemas.com.ar\/site\/?post_type=product&#038;p=3278"},"modified":"2026-04-18T11:51:44","modified_gmt":"2026-04-18T14:51:44","slug":"calculadora-cientifica-casio-fx-95es-plus-2nd-edition","status":"publish","type":"product","link":"https:\/\/bonomosistemas.com.ar\/site\/producto\/calculadora-cientifica-casio-fx-95es-plus-2nd-edition\/","title":{"rendered":"Calculadora Cient\u00edfica Casio fx-95ES Plus 2nd Edition"},"content":{"rendered":"<div class=\"p-product_detail-spec-accordion__panel-item\">\n<div class=\"p-product_detail-spec-accordion__panel-item-ttl\">\n<p><strong>CARACTER\u00cdSTICAS DEL PRODUCTO<\/strong><\/p>\n<\/div>\n<ul>\n<li>No programable<\/li>\n<li>Sin creaci\u00f3n de gr\u00e1ficos<\/li>\n<li>Cantidad de funciones: 274<\/li>\n<\/ul>\n<p><strong style=\"color: #333333;\">N\u00daMERO DE DIGITOS<\/strong><\/p>\n<\/div>\n<div class=\"p-product_detail-spec-accordion__panel-item-ttl\">\n<ul>\n<li><span style=\"color: #666666;\">10 + 2 d\u00edgitos<\/span><\/li>\n<\/ul>\n<p><strong style=\"color: #333333;\">PANTALLA DE CRISTAL LIQUIDO<\/strong><\/p>\n<ul>\n<li>Presentaci\u00f3n de libro de texto natural<\/li>\n<li>Presentaci\u00f3n de matriz de puntos<\/li>\n<\/ul>\n<\/div>\n<p><strong style=\"color: #333333;\">CARACTERISTICAS CLAVE<\/strong><\/p>\n<ul>\n<li>Teclas pl\u00e1sticas<\/li>\n<\/ul>\n<p class=\"p-product_detail-spec-accordion__panel-item\">\n<p><strong style=\"color: #333333;\">FUNCIONES CLAVE<\/strong><\/p>\n<ul>\n<li>Signo negativo<\/li>\n<li>Apagado<\/li>\n<\/ul>\n<p><strong>MEMORIA<\/strong><\/p>\n<ul>\n<li>Variables: 9<\/li>\n<li>Memoria independiente (M\/M+\/M-)<\/li>\n<li>Memoria de respuesta<\/li>\n<li>Protecci\u00f3n de memoria<\/li>\n<li>Funci\u00f3n de restablecimiento<\/li>\n<\/ul>\n<p><strong>FUENTE DE ALIMENTACION<\/strong><\/p>\n<ul>\n<li>AAA \u00d7 1 (R03)<\/li>\n<li>Duraci\u00f3n aproximada de la bater\u00eda principal: 2\u00a0a\u00f1os<\/li>\n<li>Apagado autom\u00e1tico<\/li>\n<\/ul>\n<p class=\"p-product_detail-spec-accordion__panel-item\">\n<p class=\"p-product_detail-spec-accordion__panel-item\"><strong style=\"color: #333333;\">TAMA\u00d1O (PR. \u00d7 AN. \u00d7 AL.)<\/strong><\/p>\n<ul>\n<li class=\"p-product_detail-spec-accordion__panel-item-cont\">161.5 \u00d7 77 \u00d7 13.8 mm<\/li>\n<\/ul>\n<p><strong style=\"color: #333333;\">PESO<\/strong><\/p>\n<div class=\"p-product_detail-spec-accordion__panel-item-ttl\">\n<ul>\n<li><span style=\"color: #666666;\">105 g<\/span><\/li>\n<\/ul>\n<p><strong style=\"color: #333333;\">ACCESORIOS<\/strong><\/p>\n<\/div>\n<div class=\"p-product_detail-spec-accordion__panel-item\">\n<ul>\n<li>Estuche duro<\/li>\n<\/ul>\n<\/div>\n","protected":false},"excerpt":{"rendered":"<p>CARACTER\u00cdSTICAS DEL PRODUCTO No programable Sin creaci\u00f3n de gr\u00e1ficos Cantidad de funciones: 274 N\u00daMERO DE DIGITOS 10 + 2 d\u00edgitos PANTALLA DE CRISTAL LIQUIDO Presentaci\u00f3n de libro de texto natural Presentaci\u00f3n de matriz de puntos CARACTERISTICAS CLAVE Teclas pl\u00e1sticas FUNCIONES CLAVE Signo negativo Apagado MEMORIA Variables: 9 Memoria independiente (M\/M+\/M-) Memoria de respuesta Protecci\u00f3n de [&hellip;]<\/p>\n","protected":false},"featured_media":3279,"comment_status":"closed","ping_status":"closed","template":"","meta":{"_et_pb_use_builder":"","_et_pb_old_content":"","_et_gb_content_width":""},"product_brand":[],"product_cat":[23],"product_tag":[253,255,399],"class_list":{"0":"post-3278","1":"product","2":"type-product","3":"status-publish","4":"has-post-thumbnail","6":"product_cat-calculadoras","7":"product_tag-calculadora","8":"product_tag-casio","9":"product_tag-cientifica","11":"first","12":"instock","13":"shipping-taxable","14":"purchasable","15":"product-type-simple"},"_links":{"self":[{"href":"https:\/\/bonomosistemas.com.ar\/site\/wp-json\/wp\/v2\/product\/3278","targetHints":{"allow":["GET"]}}],"collection":[{"href":"https:\/\/bonomosistemas.com.ar\/site\/wp-json\/wp\/v2\/product"}],"about":[{"href":"https:\/\/bonomosistemas.com.ar\/site\/wp-json\/wp\/v2\/types\/product"}],"replies":[{"embeddable":true,"href":"https:\/\/bonomosistemas.com.ar\/site\/wp-json\/wp\/v2\/comments?post=3278"}],"wp:featuredmedia":[{"embeddable":true,"href":"https:\/\/bonomosistemas.com.ar\/site\/wp-json\/wp\/v2\/media\/3279"}],"wp:attachment":[{"href":"https:\/\/bonomosistemas.com.ar\/site\/wp-json\/wp\/v2\/media?parent=3278"}],"wp:term":[{"taxonomy":"product_brand","embeddable":true,"href":"https:\/\/bonomosistemas.com.ar\/site\/wp-json\/wp\/v2\/product_brand?post=3278"},{"taxonomy":"product_cat","embeddable":true,"href":"https:\/\/bonomosistemas.com.ar\/site\/wp-json\/wp\/v2\/product_cat?post=3278"},{"taxonomy":"product_tag","embeddable":true,"href":"https:\/\/bonomosistemas.com.ar\/site\/wp-json\/wp\/v2\/product_tag?post=3278"}],"curies":[{"name":"wp","href":"https:\/\/api.w.org\/{rel}","templated":true}]}}