{"id":3421,"date":"2025-03-29T14:27:48","date_gmt":"2025-03-29T17:27:48","guid":{"rendered":"https:\/\/bonomosistemas.com.ar\/site\/?post_type=product&#038;p=3421"},"modified":"2026-04-04T20:43:11","modified_gmt":"2026-04-04T23:43:11","slug":"monitor-led-24-philips-241v8l-77","status":"publish","type":"product","link":"https:\/\/bonomosistemas.com.ar\/site\/producto\/monitor-led-24-philips-241v8l-77\/","title":{"rendered":"Monitor LED 24&#8243; Philips 241V8L\/77"},"content":{"rendered":"<p class=\"p-heading-03 p-heading-light p-s08__spec-title\"><strong>IMAGEN\/PANTALLA<\/strong><\/p>\n<ul>\n<li><strong>Tama\u00f1o del panel:<\/strong> 23,8 pulgadas\/60,5 cm<\/li>\n<li><strong>Relaci\u00f3n de aspecto:<\/strong> 16:9<\/li>\n<li><strong>Tipo de panel LCD:<\/strong> LCD VA<\/li>\n<li><strong>Tipo de retroiluminaci\u00f3n:<\/strong> Sistema W-LED<\/li>\n<li><strong>Tama\u00f1o del p\u00edxel:<\/strong> 0.2745 x 0.2745 mm<\/li>\n<li><strong>Brillo:<\/strong> 250 \u00a0cd\/m\u00b2<\/li>\n<li><strong>Colores de la pantalla:<\/strong> 16,7\u00a0M<\/li>\n<li><strong>Relaci\u00f3n de contraste (t\u00edpica):<\/strong> 3000:1<\/li>\n<li><strong>SmartContrast:<\/strong> Mega Infinity DCR<\/li>\n<li><strong>Tiempo de respuesta (t\u00edpico):<\/strong> 4\u00a0ms (GtG)*<\/li>\n<li><strong>\u00c1ngulo de visi\u00f3n:<\/strong>\n<ul class=\"p-bullets\">\n<li>\n<div class=\"p-body-copy-02 \">178\u00ba\u00a0(H)\/178\u00ba\u00a0(V)<\/div>\n<\/li>\n<li>\n<div class=\"p-body-copy-02 \">A C\/R &gt; 10<\/div>\n<\/li>\n<\/ul>\n<\/li>\n<\/ul>\n<ul class=\"p-s08__main-list\">\n<li class=\"p-heading-04 p-heading-bold p-s08__main-list-title\"><strong>Resoluci\u00f3n m\u00e1xima:<\/strong> 1920\u00a0x\u00a01080 a 75\u00a0Hz*<\/li>\n<li class=\"p-heading-04 p-heading-bold p-s08__main-list-title\"><strong>\u00c1rea de visualizaci\u00f3n de alto rendimiento:<\/strong> 527 (H) x 296,5 (V)<\/li>\n<li class=\"p-heading-04 p-heading-bold p-s08__main-list-title\"><strong>Frecuencia de exploraci\u00f3n:<\/strong> De 30 a 85\u00a0kHz (H)\/de 48 a 75\u00a0Hz (V)<\/li>\n<li class=\"p-heading-04 p-heading-bold p-s08__main-list-title\"><strong>sRGB:<\/strong> S\u00ed<\/li>\n<li class=\"p-heading-04 p-heading-bold p-s08__main-list-title\"><strong>Sin parpadeo:<\/strong> S\u00ed<\/li>\n<li class=\"p-heading-04 p-heading-bold p-s08__main-list-title\"><strong>Densidad de p\u00edxeles:<\/strong> 93 PPI<\/li>\n<li class=\"p-heading-04 p-heading-bold p-s08__main-list-title\"><strong>Modo LowBlue:<\/strong> S\u00ed<\/li>\n<li class=\"p-heading-04 p-heading-bold p-s08__main-list-title\"><strong>Recubrimiento de la pantalla:<\/strong> Antirreflejo, 3H, borroso al 25\u00a0%<\/li>\n<li class=\"p-heading-04 p-heading-bold p-s08__main-list-title\"><strong>EasyRead:<\/strong> S\u00ed<\/li>\n<li class=\"p-heading-04 p-heading-bold p-s08__main-list-title\"><strong>Sincronizaci\u00f3n adaptable:<\/strong> S\u00ed<\/li>\n<\/ul>\n<p class=\"p-heading-03 p-heading-light p-s08__spec-title\"><strong>CONECTIVIDAD<\/strong><\/p>\n<ul>\n<li><strong>Entrada de se\u00f1al:<\/strong>\n<ul>\n<li>VGA (anal\u00f3gico)<\/li>\n<li>HDMI (digital, HDCP)<\/li>\n<\/ul>\n<\/li>\n<\/ul>\n<ul class=\"p-s08__main-list\">\n<li style=\"list-style-type: none;\"><\/li>\n<li class=\"p-heading-04 p-heading-bold p-s08__main-list-title\"><strong>Entrada de la sincronizaci\u00f3n:<\/strong>\n<ul class=\"p-bullets\">\n<li>\n<div class=\"p-body-copy-02 \">Sincronizaci\u00f3n separada<\/div>\n<\/li>\n<li>\n<div class=\"p-body-copy-02 \">Sincronizaci\u00f3n en verde<\/div>\n<\/li>\n<\/ul>\n<\/li>\n<li class=\"p-heading-04 p-heading-bold p-s08__main-list-title\"><strong>Audio (entrada\/salida):<\/strong> Salida de audio<\/li>\n<\/ul>\n","protected":false},"excerpt":{"rendered":"<p class=\"p-p18v2-pex-area__desc-title pv-subheading--m pv-bold pv-margin-block-end--2xs\">El monitor panor\u00e1mico V-line de Philips ofrece una visualizaci\u00f3n m\u00e1s all\u00e1 de cualquier l\u00edmite, una excelente relaci\u00f3n calidad-precio con funciones esenciales. La tecnolog\u00eda Adaptive-Sync ofrece una visualizaci\u00f3n de video fluida. Las funciones como el modo antirreflejos, el modo LowBlue y la tecnolog\u00eda sin parpadeos reducen el cansancio de la vista.<\/p>\n","protected":false},"featured_media":3133,"comment_status":"open","ping_status":"closed","template":"","meta":{"_et_pb_use_builder":"","_et_pb_old_content":"","_et_gb_content_width":""},"product_brand":[],"product_cat":[411,70],"product_tag":[177,333],"class_list":{"0":"post-3421","1":"product","2":"type-product","3":"status-publish","4":"has-post-thumbnail","6":"product_cat-dia-del-nino","7":"product_cat-monitores-y-tv","8":"product_tag-monitor","9":"product_tag-philips","11":"first","12":"instock","13":"shipping-taxable","14":"purchasable","15":"product-type-simple"},"_links":{"self":[{"href":"https:\/\/bonomosistemas.com.ar\/site\/wp-json\/wp\/v2\/product\/3421","targetHints":{"allow":["GET"]}}],"collection":[{"href":"https:\/\/bonomosistemas.com.ar\/site\/wp-json\/wp\/v2\/product"}],"about":[{"href":"https:\/\/bonomosistemas.com.ar\/site\/wp-json\/wp\/v2\/types\/product"}],"replies":[{"embeddable":true,"href":"https:\/\/bonomosistemas.com.ar\/site\/wp-json\/wp\/v2\/comments?post=3421"}],"wp:featuredmedia":[{"embeddable":true,"href":"https:\/\/bonomosistemas.com.ar\/site\/wp-json\/wp\/v2\/media\/3133"}],"wp:attachment":[{"href":"https:\/\/bonomosistemas.com.ar\/site\/wp-json\/wp\/v2\/media?parent=3421"}],"wp:term":[{"taxonomy":"product_brand","embeddable":true,"href":"https:\/\/bonomosistemas.com.ar\/site\/wp-json\/wp\/v2\/product_brand?post=3421"},{"taxonomy":"product_cat","embeddable":true,"href":"https:\/\/bonomosistemas.com.ar\/site\/wp-json\/wp\/v2\/product_cat?post=3421"},{"taxonomy":"product_tag","embeddable":true,"href":"https:\/\/bonomosistemas.com.ar\/site\/wp-json\/wp\/v2\/product_tag?post=3421"}],"curies":[{"name":"wp","href":"https:\/\/api.w.org\/{rel}","templated":true}]}}