{"id":3441,"date":"2025-04-27T15:11:35","date_gmt":"2025-04-27T18:11:35","guid":{"rendered":"https:\/\/bonomosistemas.com.ar\/site\/?post_type=product&#038;p=3441"},"modified":"2026-02-28T21:42:26","modified_gmt":"2026-03-01T00:42:26","slug":"kit-teclado-y-mouse-inalambrico-logitech-mk235","status":"publish","type":"product","link":"https:\/\/bonomosistemas.com.ar\/site\/producto\/kit-teclado-y-mouse-inalambrico-logitech-mk235\/","title":{"rendered":"Kit Teclado y Mouse Inal\u00e1mbrico Logitech MK235"},"content":{"rendered":"<div class=\"specs-group\">\n<div class=\"specs-block\">\n<ul>\n<li><strong>Teclado<\/strong><\/li>\n<\/ul>\n<\/div>\n<\/div>\n<div class=\"specs-group\">\n<div class=\"specs-block\">\n<ul>\n<li style=\"list-style-type: none;\">\n<ul class=\"specs-description-list\">\n<li>Dise\u00f1o resistente a salpicaduras<\/li>\n<li>Patas inclinables<\/li>\n<li>Teclado num\u00e9rico con 10 teclas<\/li>\n<li>Botones\/Teclas especiales: 15 teclas de funci\u00f3n<\/li>\n<li>Hasta 5 millones de pulsaciones<\/li>\n<li>Dos bater\u00edas AAA<\/li>\n<li><strong>Duraci\u00f3n de bater\u00edas<\/strong>: 36 meses<\/li>\n<li><strong>Altura:<\/strong> 137,5mm<\/li>\n<li><strong>Ancho:<\/strong> 435,5mm<\/li>\n<li><strong>Profundidad:<\/strong> 20,5 mm<\/li>\n<li><strong>Peso:<\/strong> 475 g<\/li>\n<\/ul>\n<\/li>\n<\/ul>\n<\/div>\n<div class=\"specs-block\">\n<ul>\n<li class=\"specs-title\"><strong>Mouse<\/strong><\/li>\n<\/ul>\n<ul class=\"specs-description-list\">\n<li style=\"list-style-type: none;\">\n<ul class=\"specs-description-list\">\n<li><strong>Tecnolog\u00eda de sensor<\/strong>: Seguimiento \u00f3ptico uniforme<\/li>\n<li><strong>N\u00famero de botones<\/strong>: 3 (click izquierdo\/derecho, click de bot\u00f3n central)<\/li>\n<li><strong>Desplazamiento<\/strong>: l\u00ednea a l\u00ednea<\/li>\n<li><strong>Rueda de desplazamiento<\/strong>: S\u00ed, 2D, \u00f3ptico<\/li>\n<li><strong>Conexi\u00f3n\/alimentaci\u00f3n<\/strong>: Bot\u00f3n de encendido\/apagado<\/li>\n<li>1 pila AA<\/li>\n<li><strong>Duraci\u00f3n de bater\u00edas<\/strong>: 12 meses<\/li>\n<li><strong>Altura:<\/strong> 97,7 mm<\/li>\n<li><strong>Ancho:<\/strong> 61,5 mm<\/li>\n<li><strong>Profundidad:<\/strong> 35,2 mm<\/li>\n<li><strong>Peso:<\/strong> 70,5 g<\/li>\n<\/ul>\n<\/li>\n<\/ul>\n<\/div>\n<div class=\"specs-block\"><\/div>\n<\/div>\n<div class=\"specs-block\">\n<ul>\n<li style=\"list-style-type: none;\"><\/li>\n<\/ul>\n<\/div>\n<div class=\"specs-block\"><\/div>\n<div class=\"specs-block\"><\/div>\n","protected":false},"excerpt":{"rendered":"<p>Este d\u00fao ofrece todas las funciones necesarias integradas en un dise\u00f1o confortable, resistente y f\u00e1cil de usar, y mantiene tu espacio despejado. Con la calidad habitual de Logitech, la combinaci\u00f3n inal\u00e1mbrica MK235 est\u00e1 hecha para durar.<\/p>\n","protected":false},"featured_media":1285,"comment_status":"open","ping_status":"closed","template":"","meta":{"_et_pb_use_builder":"","_et_pb_old_content":"","_et_gb_content_width":""},"product_brand":[],"product_cat":[411,176],"product_tag":[193,148,147,175],"class_list":{"0":"post-3441","1":"product","2":"type-product","3":"status-publish","4":"has-post-thumbnail","6":"product_cat-dia-del-nino","7":"product_cat-kit-teclado-y-mouse","8":"product_tag-kit-teclado-mouse","9":"product_tag-logitech","10":"product_tag-mouse","11":"product_tag-teclado","13":"first","14":"instock","15":"shipping-taxable","16":"purchasable","17":"product-type-simple"},"_links":{"self":[{"href":"https:\/\/bonomosistemas.com.ar\/site\/wp-json\/wp\/v2\/product\/3441","targetHints":{"allow":["GET"]}}],"collection":[{"href":"https:\/\/bonomosistemas.com.ar\/site\/wp-json\/wp\/v2\/product"}],"about":[{"href":"https:\/\/bonomosistemas.com.ar\/site\/wp-json\/wp\/v2\/types\/product"}],"replies":[{"embeddable":true,"href":"https:\/\/bonomosistemas.com.ar\/site\/wp-json\/wp\/v2\/comments?post=3441"}],"wp:featuredmedia":[{"embeddable":true,"href":"https:\/\/bonomosistemas.com.ar\/site\/wp-json\/wp\/v2\/media\/1285"}],"wp:attachment":[{"href":"https:\/\/bonomosistemas.com.ar\/site\/wp-json\/wp\/v2\/media?parent=3441"}],"wp:term":[{"taxonomy":"product_brand","embeddable":true,"href":"https:\/\/bonomosistemas.com.ar\/site\/wp-json\/wp\/v2\/product_brand?post=3441"},{"taxonomy":"product_cat","embeddable":true,"href":"https:\/\/bonomosistemas.com.ar\/site\/wp-json\/wp\/v2\/product_cat?post=3441"},{"taxonomy":"product_tag","embeddable":true,"href":"https:\/\/bonomosistemas.com.ar\/site\/wp-json\/wp\/v2\/product_tag?post=3441"}],"curies":[{"name":"wp","href":"https:\/\/api.w.org\/{rel}","templated":true}]}}