{"id":3486,"date":"2025-05-17T20:27:59","date_gmt":"2025-05-17T23:27:59","guid":{"rendered":"https:\/\/bonomosistemas.com.ar\/site\/?post_type=product&#038;p=3486"},"modified":"2026-02-28T21:38:03","modified_gmt":"2026-03-01T00:38:03","slug":"placa-de-video-gigabyte-rtx-4060-eagle-oc-ice-8gb","status":"publish","type":"product","link":"https:\/\/bonomosistemas.com.ar\/site\/producto\/placa-de-video-gigabyte-rtx-4060-eagle-oc-ice-8gb\/","title":{"rendered":"Placa de Video Gigabyte Geforce RTX 4060 Eagle OC ICE 8GB"},"content":{"rendered":"<ul id=\"itembox\" class=\"itembox text-left hidden-xs\">\n<li><strong>Marca:<\/strong> Gigabyte<\/li>\n<li><strong>Modelo:<\/strong> NVIDIA Geforce RTX 4060<\/li>\n<li><strong>Interfaz:<\/strong> PCI Express x16 4.0<\/li>\n<li><strong>Tama\u00f1o de memoria:<\/strong> 8GB<\/li>\n<li><strong>Tipo de memoria:<\/strong> GDDR6<\/li>\n<li><strong>Velocidad de reloj:<\/strong> 2505MHz<\/li>\n<li><strong>Velocidad de reloj de memoria:<\/strong> 17Gbps<\/li>\n<li><strong>Bus de Memoria:<\/strong> 128 bits<\/li>\n<li><strong>Salidas:<\/strong> DisplayPort 1.4a x 2, HDMI 2.1a x 2<\/li>\n<li><b>Resoluci\u00f3n\u00a0M\u00e1xima Digital:<\/b> 7680 x 4320<\/li>\n<li><strong>Fuente recomendada: <\/strong>450w<\/li>\n<li><strong>Conectores:<\/strong> 1 x 8 pin<\/li>\n<li><strong>Dimensiones:<\/strong> 272 x 115 x 40 mm<\/li>\n<li><strong>Versi\u00f3n DirectX Soportada:<\/strong> 12 Ultimate<\/li>\n<li><strong>Versi\u00f3n OpenGL Soportada:<\/strong> 4.6<\/li>\n<li><strong>Pantallas m\u00e1ximas:<\/strong> 4<\/li>\n<\/ul>\n<div id=\"pdbox\" class=\"pdbox\">\n<div id=\"pdtbbox\" class=\"pdtbbox\">\n<div id=\"pdtb\" class=\"pdtb\">\n<div class=\"tr\" data-num=\"0\"><\/div>\n<\/div>\n<\/div>\n<\/div>\n","protected":false},"excerpt":{"rendered":"<ul>\n<li>Impulsado por NVIDIA DLSS 3, arquitectura ultra eficiente Ada Lovelace y trazado de rayos completo.<\/li>\n<li>N\u00facleos Tensor de 4.\u00aa generaci\u00f3n: Hasta 4 veces m\u00e1s rendimiento con DLSS 3 en comparaci\u00f3n con el renderizado por fuerza bruta.<\/li>\n<li>N\u00facleos RT de 3.\u00aa generaci\u00f3n: Hasta el doble de rendimiento en trazado de rayos.<\/li>\n<li>Impulsado por GeForce RTX&#x2122; 4060.<\/li>\n<li>Integrado con una interfaz de memoria de 8GB GDDR6 de 128 bits.<\/li>\n<li>Sistema de refrigeraci\u00f3n WINDFORCE.<\/li>\n<li>BIOS dual.<\/li>\n<li>Placa de protecci\u00f3n trasera.<\/li>\n<\/ul>\n","protected":false},"featured_media":3487,"comment_status":"open","ping_status":"closed","template":"","meta":{"_et_pb_use_builder":"","_et_pb_old_content":"","_et_gb_content_width":""},"product_brand":[],"product_cat":[74,411],"product_tag":[212,211,210,213],"class_list":{"0":"post-3486","1":"product","2":"type-product","3":"status-publish","4":"has-post-thumbnail","6":"product_cat-placas-de-video","7":"product_cat-dia-del-nino","8":"product_tag-geforce","9":"product_tag-nvidia","10":"product_tag-placa-de-video","11":"product_tag-video","13":"first","14":"instock","15":"shipping-taxable","16":"purchasable","17":"product-type-simple"},"_links":{"self":[{"href":"https:\/\/bonomosistemas.com.ar\/site\/wp-json\/wp\/v2\/product\/3486","targetHints":{"allow":["GET"]}}],"collection":[{"href":"https:\/\/bonomosistemas.com.ar\/site\/wp-json\/wp\/v2\/product"}],"about":[{"href":"https:\/\/bonomosistemas.com.ar\/site\/wp-json\/wp\/v2\/types\/product"}],"replies":[{"embeddable":true,"href":"https:\/\/bonomosistemas.com.ar\/site\/wp-json\/wp\/v2\/comments?post=3486"}],"wp:featuredmedia":[{"embeddable":true,"href":"https:\/\/bonomosistemas.com.ar\/site\/wp-json\/wp\/v2\/media\/3487"}],"wp:attachment":[{"href":"https:\/\/bonomosistemas.com.ar\/site\/wp-json\/wp\/v2\/media?parent=3486"}],"wp:term":[{"taxonomy":"product_brand","embeddable":true,"href":"https:\/\/bonomosistemas.com.ar\/site\/wp-json\/wp\/v2\/product_brand?post=3486"},{"taxonomy":"product_cat","embeddable":true,"href":"https:\/\/bonomosistemas.com.ar\/site\/wp-json\/wp\/v2\/product_cat?post=3486"},{"taxonomy":"product_tag","embeddable":true,"href":"https:\/\/bonomosistemas.com.ar\/site\/wp-json\/wp\/v2\/product_tag?post=3486"}],"curies":[{"name":"wp","href":"https:\/\/api.w.org\/{rel}","templated":true}]}}