{"id":3516,"date":"2025-05-28T12:09:03","date_gmt":"2025-05-28T15:09:03","guid":{"rendered":"https:\/\/bonomosistemas.com.ar\/site\/?post_type=product&#038;p=3516"},"modified":"2026-01-26T19:43:49","modified_gmt":"2026-01-26T22:43:49","slug":"webcam-logitech-brio-105","status":"publish","type":"product","link":"https:\/\/bonomosistemas.com.ar\/site\/producto\/webcam-logitech-brio-105\/","title":{"rendered":"Webcam Logitech Brio 105"},"content":{"rendered":"<div class=\"specs-group\">\n<header class=\"specs-header\">\n<ul>\n<li><strong>DIMENSIONES <\/strong><\/li>\n<\/ul>\n<\/header>\n<div class=\"specs-block\">\n<ul>\n<li style=\"list-style-type: none;\">\n<ul class=\"specs-description-list\">\n<li><strong>Altura:<\/strong> 31,91 mm<\/li>\n<li><strong>Ancho:<\/strong> 72,91 mm<\/li>\n<li><strong>Profundidad:<\/strong> 66,64 mm<\/li>\n<li><strong>Longitud del cable:<\/strong> 1,5 m<\/li>\n<li><strong>Peso:<\/strong> 75 g<\/li>\n<\/ul>\n<\/li>\n<\/ul>\n<\/div>\n<\/div>\n<div class=\"specs-group\">\n<header class=\"specs-header\">\n<ul>\n<li class=\"specs-heading\"><strong>REQUISITOS DEL SISTEMA<\/strong><\/li>\n<\/ul>\n<\/header>\n<div class=\"specs-block\">\n<ul>\n<li style=\"list-style-type: none;\">\n<ul class=\"specs-description-list\">\n<li>Windows 10 o posteriores, macOS 10.15 o posteriores, ChromeOS<\/li>\n<li>Puerto USB-A<\/li>\n<li>Funciona con las plataformas de videollamadas y los sistemas operativos populares para garantizar la compatibilidad y la integraci\u00f3n perfecta en el lugar de trabajo.<\/li>\n<\/ul>\n<\/li>\n<\/ul>\n<\/div>\n<div class=\"specs-block\">\n<ul>\n<li style=\"list-style-type: none;\"><\/li>\n<\/ul>\n<\/div>\n<\/div>\n<div class=\"specs-group\">\n<header class=\"specs-header\">\n<ul>\n<li class=\"specs-heading\"><strong>ESPECIFICACIONES T\u00c9CNICAS<\/strong><\/li>\n<\/ul>\n<\/header>\n<div class=\"specs-block\">\n<ul>\n<li style=\"list-style-type: none;\">\n<ul>\n<li class=\"specs-description\"><strong>Video:<\/strong>\n<ul>\n<li>M\u00faltiples resoluciones: 1080p\/30 fps (1920&#215;1080 p\u00edxeles) o 720p\/30 fps (1280&#215;720 p\u00edxeles)<\/li>\n<li>Sensor de imagen CMOS de 2 megap\u00edxeles<\/li>\n<li>Campo visual diagonal (dFOV) de 58\u00b0<\/li>\n<li>Foco fijo<\/li>\n<li>Lente especial de pl\u00e1stico de 4 elementos con revestimiento antirreflectante<\/li>\n<li>RightLight 2 equilibra autom\u00e1ticamente el brillo, ajusta el contraste y compensa los entornos de iluminaci\u00f3n dif\u00edciles para crear una presentaci\u00f3n natural.<\/li>\n<\/ul>\n<\/li>\n<li><strong>Audio: <\/strong>1 micr\u00f3fono omnidireccional integrado con un alcance de hasta 1\u00a0m<\/li>\n<li><strong>Conectividad: <\/strong>Plug and Play USB-A<\/li>\n<li><strong>Tapa de privacidad: <\/strong>Integrada<\/li>\n<li><strong>Opciones de Montaje: <\/strong>Clip de montaje adjunto para monitores, pantallas LCD y port\u00e1tiles.<\/li>\n<\/ul>\n<\/li>\n<\/ul>\n<\/div>\n<\/div>\n","protected":false},"excerpt":{"rendered":"<p>Brio 105 es una c\u00e1mara web asequible que ofrece un gran valor con una resoluci\u00f3n de 1080p. Es f\u00e1cil de implementar y usar. Incluye un obturador de privacidad integrado. Elaborado con un m\u00ednimo del 77%\u00a0Pl\u00e1stico reciclado posconsumo.<\/p>\n","protected":false},"featured_media":3517,"comment_status":"open","ping_status":"closed","template":"","meta":{"_et_pb_use_builder":"","_et_pb_old_content":"","_et_gb_content_width":""},"product_brand":[],"product_cat":[85],"product_tag":[227,148,226],"class_list":{"0":"post-3516","1":"product","2":"type-product","3":"status-publish","4":"has-post-thumbnail","6":"product_cat-webcam","7":"product_tag-camara-web","8":"product_tag-logitech","9":"product_tag-webcam","11":"first","12":"instock","13":"shipping-taxable","14":"purchasable","15":"product-type-simple"},"_links":{"self":[{"href":"https:\/\/bonomosistemas.com.ar\/site\/wp-json\/wp\/v2\/product\/3516","targetHints":{"allow":["GET"]}}],"collection":[{"href":"https:\/\/bonomosistemas.com.ar\/site\/wp-json\/wp\/v2\/product"}],"about":[{"href":"https:\/\/bonomosistemas.com.ar\/site\/wp-json\/wp\/v2\/types\/product"}],"replies":[{"embeddable":true,"href":"https:\/\/bonomosistemas.com.ar\/site\/wp-json\/wp\/v2\/comments?post=3516"}],"wp:featuredmedia":[{"embeddable":true,"href":"https:\/\/bonomosistemas.com.ar\/site\/wp-json\/wp\/v2\/media\/3517"}],"wp:attachment":[{"href":"https:\/\/bonomosistemas.com.ar\/site\/wp-json\/wp\/v2\/media?parent=3516"}],"wp:term":[{"taxonomy":"product_brand","embeddable":true,"href":"https:\/\/bonomosistemas.com.ar\/site\/wp-json\/wp\/v2\/product_brand?post=3516"},{"taxonomy":"product_cat","embeddable":true,"href":"https:\/\/bonomosistemas.com.ar\/site\/wp-json\/wp\/v2\/product_cat?post=3516"},{"taxonomy":"product_tag","embeddable":true,"href":"https:\/\/bonomosistemas.com.ar\/site\/wp-json\/wp\/v2\/product_tag?post=3516"}],"curies":[{"name":"wp","href":"https:\/\/api.w.org\/{rel}","templated":true}]}}