{"id":3523,"date":"2025-05-28T12:32:33","date_gmt":"2025-05-28T15:32:33","guid":{"rendered":"https:\/\/bonomosistemas.com.ar\/site\/?post_type=product&#038;p=3523"},"modified":"2026-03-06T14:27:51","modified_gmt":"2026-03-06T17:27:51","slug":"tablet-samsung-galaxy-a9","status":"publish","type":"product","link":"https:\/\/bonomosistemas.com.ar\/site\/producto\/tablet-samsung-galaxy-a9\/","title":{"rendered":"Tablet Samsung Galaxy A9"},"content":{"rendered":"<p><strong>PANTALLA<\/strong><\/p>\n<ul>\n<li>Tama\u00f1o: 8.7&#8243; (220.5 mm)<\/li>\n<li>Resoluci\u00f3n: WXGA+ (1340&#215;800)<\/li>\n<li>Tipo: TFT<\/li>\n<\/ul>\n<p><strong>PROCESADOR<\/strong><\/p>\n<ul>\n<li>Velocidad de CPU: 2.2Ghz, 2Ghz<\/li>\n<li>N\u00famero de n\u00facleos: 8<\/li>\n<\/ul>\n<p><strong>MEMORIA<\/strong><\/p>\n<ul>\n<li>Capacidad: 4 GB<\/li>\n<\/ul>\n<p><strong>ALMACENAMIENTO<\/strong><\/p>\n<ul>\n<li>Capacidad: 64 GB<\/li>\n<li>Slot para memoria: Micro SD<\/li>\n<li>M\u00e1xima memoria soportada: 1 TB<\/li>\n<\/ul>\n<p><strong>MULTIMEDIA<\/strong><\/p>\n<ul>\n<li>C\u00e1mara frontal: 2 MP<\/li>\n<li>C\u00e1mara trasera: 8 MP<\/li>\n<li>Reproducci\u00f3n de v\u00eddeo: Si<\/li>\n<li>Reproducci\u00f3n de audio: Si<\/li>\n<\/ul>\n<p><strong>PUERTOS<\/strong><\/p>\n<ul>\n<li>Puertos: 1 x USB 2.0<\/li>\n<li>Audio: 1 x Mini-Jack 3.5 mm<\/li>\n<\/ul>\n<p><strong>CONEXIONES<\/strong><\/p>\n<ul>\n<li>Internet m\u00f3vil: Solo Wi-Fi<\/li>\n<li>Wireless: 802.11 a\/b\/g\/n\/ac 2.4G+5GHz, VHT80<\/li>\n<li>Bluetooth: 5.3<\/li>\n<\/ul>\n<p><strong>CARACTER\u00cdSTICAS GENERALES<\/strong><\/p>\n<ul>\n<li>GPS: GPS, Glonass, Beidou, Galileo, QZSS<\/li>\n<li>Sensores:\n<ul>\n<li>Aceler\u00f3metro<\/li>\n<li>Sensor geomagn\u00e9tico<\/li>\n<li>Sensor de luz<\/li>\n<li>Sensor de proximidad<\/li>\n<\/ul>\n<\/li>\n<li>Bater\u00eda: 5100 mAh.<\/li>\n<li>Sistema operativo: Android<\/li>\n<li>Color: Gris<\/li>\n<li>Tama\u00f1o (alto x ancho x profundidad): 211 mm x 124.7 mm x 8.0 mm<\/li>\n<li>Peso: 332 g<\/li>\n<\/ul>\n","protected":false},"excerpt":{"rendered":"<p>Elegantes y modernas, las Galaxy Tab A9 presentan un dise\u00f1o elegante y un cuerpo de metal liso. Disfrut\u00e1 del dise\u00f1o de tablet exclusivo de Samsung.<\/p>\n","protected":false},"featured_media":3528,"comment_status":"closed","ping_status":"closed","template":"","meta":{"_et_pb_use_builder":"","_et_pb_old_content":"","_et_gb_content_width":""},"product_brand":[],"product_cat":[50],"product_tag":[348,179,347],"class_list":{"0":"post-3523","1":"product","2":"type-product","3":"status-publish","4":"has-post-thumbnail","6":"product_cat-notebooks-y-tablets","7":"product_tag-galaxy","8":"product_tag-samsung","9":"product_tag-tablet","11":"first","12":"instock","13":"sale","14":"shipping-taxable","15":"purchasable","16":"product-type-simple"},"_links":{"self":[{"href":"https:\/\/bonomosistemas.com.ar\/site\/wp-json\/wp\/v2\/product\/3523","targetHints":{"allow":["GET"]}}],"collection":[{"href":"https:\/\/bonomosistemas.com.ar\/site\/wp-json\/wp\/v2\/product"}],"about":[{"href":"https:\/\/bonomosistemas.com.ar\/site\/wp-json\/wp\/v2\/types\/product"}],"replies":[{"embeddable":true,"href":"https:\/\/bonomosistemas.com.ar\/site\/wp-json\/wp\/v2\/comments?post=3523"}],"wp:featuredmedia":[{"embeddable":true,"href":"https:\/\/bonomosistemas.com.ar\/site\/wp-json\/wp\/v2\/media\/3528"}],"wp:attachment":[{"href":"https:\/\/bonomosistemas.com.ar\/site\/wp-json\/wp\/v2\/media?parent=3523"}],"wp:term":[{"taxonomy":"product_brand","embeddable":true,"href":"https:\/\/bonomosistemas.com.ar\/site\/wp-json\/wp\/v2\/product_brand?post=3523"},{"taxonomy":"product_cat","embeddable":true,"href":"https:\/\/bonomosistemas.com.ar\/site\/wp-json\/wp\/v2\/product_cat?post=3523"},{"taxonomy":"product_tag","embeddable":true,"href":"https:\/\/bonomosistemas.com.ar\/site\/wp-json\/wp\/v2\/product_tag?post=3523"}],"curies":[{"name":"wp","href":"https:\/\/api.w.org\/{rel}","templated":true}]}}