{"id":3555,"date":"2025-06-10T20:25:03","date_gmt":"2025-06-10T23:25:03","guid":{"rendered":"https:\/\/bonomosistemas.com.ar\/site\/?post_type=product&#038;p=3555"},"modified":"2026-02-28T21:47:38","modified_gmt":"2026-03-01T00:47:38","slug":"auriculares-corsair-void-rgb-elite-wireless","status":"publish","type":"product","link":"https:\/\/bonomosistemas.com.ar\/site\/producto\/auriculares-corsair-void-rgb-elite-wireless\/","title":{"rendered":"Auriculares Corsair Void RGB Elite Wireless"},"content":{"rendered":"<p><!--StartFragment --><\/p>\n<ul>\n<li><strong>Modelo de auriculares:<\/strong> Void Elite Wireless<\/li>\n<li><strong>Interfaz de auriculares<\/strong>: Receptor inal\u00e1mbrico USB<\/li>\n<li><strong>Duraci\u00f3n de la bater\u00eda<\/strong>: Hasta 16 horas<\/li>\n<li><strong>Software iCUE<\/strong>: S\u00ed<\/li>\n<li><strong>Diafragmas de auriculares<\/strong>: 50mm<\/li>\n<li><strong>Tipo de auriculares<\/strong>: Inal\u00e1mbricos<\/li>\n<li><strong>Impedancia<\/strong>: 32k Ohms @ 1 kHz<\/li>\n<li><strong>Respuesta de frecuencia de auriculares<\/strong>: 20Hz &#8211; 30 kHz<\/li>\n<li><strong>Sensibilidad de auriculares<\/strong>: 116dB (+\/-3dB)<\/li>\n<li><strong>Alcance inal\u00e1mbrico de auriculares<\/strong>: Hasta 12 metros (40ft)<\/li>\n<li><strong>Alimentaci\u00f3n por bater\u00eda<\/strong>: S\u00ed<\/li>\n<li><strong>Color<\/strong>: Gris<\/li>\n<li><strong>Audio<\/strong>: Sonido envolvente 7.1<\/li>\n<li><strong>Iluminaci\u00f3n<\/strong>: S\u00ed<\/li>\n<li><strong>Plataforma<\/strong>: PC, Mac, PlayStation 4\/5<\/li>\n<li><strong>Micr\u00f3fono desmontable<\/strong>: No<\/li>\n<li><strong>Sensibilidad del micr\u00f3fono<\/strong>: -42dB (+\/-3dB)<\/li>\n<li><strong>Impedancia del micr\u00f3fono<\/strong>: 2.0k Ohms<\/li>\n<li><strong>Respuesta de frecuencia del micr\u00f3fono<\/strong>: 100Hz a 10kHz<\/li>\n<li><strong>Tipo de micr\u00f3fono<\/strong>: Omnidireccional<\/li>\n<li><strong>Peso<\/strong>: 0.39kg<\/li>\n<\/ul>\n","protected":false},"excerpt":{"rendered":"<p>Sum\u00e9rjase en la acci\u00f3n con los CORSAIR VOID RGB ELITE Wireless, con transductores de audio de neodimio de 50\u00a0mm de ajuste personalizado, un c\u00f3modo tejido de rejilla de microfibra con almohadillas de espuma con memoria y una conexi\u00f3n inal\u00e1mbrica de 2,4\u00a0GHz.<\/p>\n","protected":false},"featured_media":3556,"comment_status":"open","ping_status":"closed","template":"","meta":{"_et_pb_use_builder":"","_et_pb_old_content":"","_et_gb_content_width":""},"product_brand":[],"product_cat":[80,411],"product_tag":[134,121,135],"class_list":{"0":"post-3555","1":"product","2":"type-product","3":"status-publish","4":"has-post-thumbnail","6":"product_cat-auriculares","7":"product_cat-dia-del-nino","8":"product_tag-auriculares","9":"product_tag-corsair","10":"product_tag-sonido","12":"first","13":"instock","14":"shipping-taxable","15":"purchasable","16":"product-type-simple"},"_links":{"self":[{"href":"https:\/\/bonomosistemas.com.ar\/site\/wp-json\/wp\/v2\/product\/3555","targetHints":{"allow":["GET"]}}],"collection":[{"href":"https:\/\/bonomosistemas.com.ar\/site\/wp-json\/wp\/v2\/product"}],"about":[{"href":"https:\/\/bonomosistemas.com.ar\/site\/wp-json\/wp\/v2\/types\/product"}],"replies":[{"embeddable":true,"href":"https:\/\/bonomosistemas.com.ar\/site\/wp-json\/wp\/v2\/comments?post=3555"}],"wp:featuredmedia":[{"embeddable":true,"href":"https:\/\/bonomosistemas.com.ar\/site\/wp-json\/wp\/v2\/media\/3556"}],"wp:attachment":[{"href":"https:\/\/bonomosistemas.com.ar\/site\/wp-json\/wp\/v2\/media?parent=3555"}],"wp:term":[{"taxonomy":"product_brand","embeddable":true,"href":"https:\/\/bonomosistemas.com.ar\/site\/wp-json\/wp\/v2\/product_brand?post=3555"},{"taxonomy":"product_cat","embeddable":true,"href":"https:\/\/bonomosistemas.com.ar\/site\/wp-json\/wp\/v2\/product_cat?post=3555"},{"taxonomy":"product_tag","embeddable":true,"href":"https:\/\/bonomosistemas.com.ar\/site\/wp-json\/wp\/v2\/product_tag?post=3555"}],"curies":[{"name":"wp","href":"https:\/\/api.w.org\/{rel}","templated":true}]}}