{"id":3578,"date":"2025-06-29T13:05:28","date_gmt":"2025-06-29T16:05:28","guid":{"rendered":"https:\/\/bonomosistemas.com.ar\/site\/?post_type=product&#038;p=3578"},"modified":"2026-02-28T21:35:08","modified_gmt":"2026-03-01T00:35:08","slug":"disco-rigido-externo-2tb-wd-elements","status":"publish","type":"product","link":"https:\/\/bonomosistemas.com.ar\/site\/producto\/disco-rigido-externo-2tb-wd-elements\/","title":{"rendered":"Disco R\u00edgido Externo 2TB WD Elements"},"content":{"rendered":"<ul>\n<li><strong>Marca:<\/strong> Western Digital<\/li>\n<li><strong>L\u00ednea:<\/strong> Elements<\/li>\n<li><strong>Modelo:<\/strong> WDBU6Y0020BBK-WESN<\/li>\n<li class=\"target-even-odd border-b border-grey-light flex items-center pb-3 pt-4 pl-7\">\n<div class=\"flex-1 text-sm inheritPara\"><strong>Capacidad:<\/strong> 2 TB<\/div>\n<\/li>\n<li class=\"target-even-odd border-b border-grey-light flex items-center pb-3 pt-4 pl-7\">\n<div class=\"flex-1 text-sm inheritPara\"><strong>Interfaz:<\/strong> USB 3.2 Gen 1 \/ USB 3.0<\/div>\n<\/li>\n<li class=\"target-even-odd border-b border-grey-light flex items-center pb-3 pt-4 pl-7\">\n<div class=\"flex-1 text-sm inheritPara\"><strong>Factor de forma:<\/strong> 2.5 Inch<\/div>\n<\/li>\n<\/ul>\n","protected":false},"excerpt":{"rendered":"<ul>\n<li>Capacidad de expansi\u00f3n con plug-and-play<\/li>\n<li>Una gran capacidad de almacenamiento para que guarde sus fotograf\u00edas, videos, m\u00fasica, documentos importantes y dem\u00e1s archivos<\/li>\n<li>SuperSpeed USB\u00a03.2 Gen\u00a01\u00a0(5\u00a0Gbps)<\/li>\n<\/ul>\n","protected":false},"featured_media":3579,"comment_status":"open","ping_status":"closed","template":"","meta":{"_et_pb_use_builder":"","_et_pb_old_content":"","_et_gb_content_width":""},"product_brand":[],"product_cat":[308],"product_tag":[113,131,114,115,116],"class_list":{"0":"post-3578","1":"product","2":"type-product","3":"status-publish","4":"has-post-thumbnail","6":"product_cat-discos-externos","7":"product_tag-disco","8":"product_tag-disco-externo","9":"product_tag-disco-rigido","10":"product_tag-hdd","11":"product_tag-western-digital","13":"first","14":"instock","15":"shipping-taxable","16":"purchasable","17":"product-type-simple"},"_links":{"self":[{"href":"https:\/\/bonomosistemas.com.ar\/site\/wp-json\/wp\/v2\/product\/3578","targetHints":{"allow":["GET"]}}],"collection":[{"href":"https:\/\/bonomosistemas.com.ar\/site\/wp-json\/wp\/v2\/product"}],"about":[{"href":"https:\/\/bonomosistemas.com.ar\/site\/wp-json\/wp\/v2\/types\/product"}],"replies":[{"embeddable":true,"href":"https:\/\/bonomosistemas.com.ar\/site\/wp-json\/wp\/v2\/comments?post=3578"}],"wp:featuredmedia":[{"embeddable":true,"href":"https:\/\/bonomosistemas.com.ar\/site\/wp-json\/wp\/v2\/media\/3579"}],"wp:attachment":[{"href":"https:\/\/bonomosistemas.com.ar\/site\/wp-json\/wp\/v2\/media?parent=3578"}],"wp:term":[{"taxonomy":"product_brand","embeddable":true,"href":"https:\/\/bonomosistemas.com.ar\/site\/wp-json\/wp\/v2\/product_brand?post=3578"},{"taxonomy":"product_cat","embeddable":true,"href":"https:\/\/bonomosistemas.com.ar\/site\/wp-json\/wp\/v2\/product_cat?post=3578"},{"taxonomy":"product_tag","embeddable":true,"href":"https:\/\/bonomosistemas.com.ar\/site\/wp-json\/wp\/v2\/product_tag?post=3578"}],"curies":[{"name":"wp","href":"https:\/\/api.w.org\/{rel}","templated":true}]}}