{"id":3645,"date":"2025-07-07T20:19:41","date_gmt":"2025-07-07T23:19:41","guid":{"rendered":"https:\/\/bonomosistemas.com.ar\/site\/?post_type=product&#038;p=3645"},"modified":"2025-12-10T20:51:20","modified_gmt":"2025-12-10T23:51:20","slug":"fuente-thermaltake-smart-500w-80plus-white","status":"publish","type":"product","link":"https:\/\/bonomosistemas.com.ar\/site\/producto\/fuente-thermaltake-smart-500w-80plus-white\/","title":{"rendered":"Fuente Thermaltake Smart 500w 80Plus White"},"content":{"rendered":"<ul>\n<li><strong>Modelo:<\/strong> SPD-0500P<\/li>\n<li><strong>Potencia:<\/strong> 500w<\/li>\n<li><strong>Ventilador RGB:<\/strong> No<\/li>\n<li><strong>Factor de Forma:<\/strong> ATX<\/li>\n<li><strong>Tipo:<\/strong> Intel ATX 12v 2.3<\/li>\n<li><strong>Color:<\/strong> Negro<\/li>\n<li><strong>Temperatura de operaci\u00f3n:<\/strong> 5\u00b0C a +40\u00b0C<\/li>\n<li><strong>Sistema de Refrigeraci\u00f3n:<\/strong> 120mm Fan 1800 RPM +- 10%<\/li>\n<li><strong>Eficiencia:<\/strong> 82-86%<\/li>\n<\/ul>\n","protected":false},"excerpt":{"rendered":"<p>Al incorporar varios componentes de alta calidad, la serie Smart ahorra energ\u00eda a trav\u00e9s de su alta eficiencia de hasta el 86% y se adapta a cualquier construcci\u00f3n convencional con los requisitos m\u00e1s exigentes. Un ventilador de enfriamiento inteligente integrado proporciona un excelente flujo de aire a un nivel de ruido excepcionalmente bajo. Adem\u00e1s, el dise\u00f1o de un solo riel de +12 V permite un uso ininterrumpido con un rendimiento estable y confiable.<\/p>\n","protected":false},"featured_media":1189,"comment_status":"closed","ping_status":"closed","template":"","meta":{"_et_pb_use_builder":"","_et_pb_old_content":"","_et_gb_content_width":""},"product_brand":[],"product_cat":[123],"product_tag":[284,164],"class_list":{"0":"post-3645","1":"product","2":"type-product","3":"status-publish","4":"has-post-thumbnail","6":"product_cat-fuentes-de-alimentacion","7":"product_tag-fuente","8":"product_tag-thermaltake","10":"first","11":"instock","12":"shipping-taxable","13":"purchasable","14":"product-type-simple"},"_links":{"self":[{"href":"https:\/\/bonomosistemas.com.ar\/site\/wp-json\/wp\/v2\/product\/3645","targetHints":{"allow":["GET"]}}],"collection":[{"href":"https:\/\/bonomosistemas.com.ar\/site\/wp-json\/wp\/v2\/product"}],"about":[{"href":"https:\/\/bonomosistemas.com.ar\/site\/wp-json\/wp\/v2\/types\/product"}],"replies":[{"embeddable":true,"href":"https:\/\/bonomosistemas.com.ar\/site\/wp-json\/wp\/v2\/comments?post=3645"}],"wp:featuredmedia":[{"embeddable":true,"href":"https:\/\/bonomosistemas.com.ar\/site\/wp-json\/wp\/v2\/media\/1189"}],"wp:attachment":[{"href":"https:\/\/bonomosistemas.com.ar\/site\/wp-json\/wp\/v2\/media?parent=3645"}],"wp:term":[{"taxonomy":"product_brand","embeddable":true,"href":"https:\/\/bonomosistemas.com.ar\/site\/wp-json\/wp\/v2\/product_brand?post=3645"},{"taxonomy":"product_cat","embeddable":true,"href":"https:\/\/bonomosistemas.com.ar\/site\/wp-json\/wp\/v2\/product_cat?post=3645"},{"taxonomy":"product_tag","embeddable":true,"href":"https:\/\/bonomosistemas.com.ar\/site\/wp-json\/wp\/v2\/product_tag?post=3645"}],"curies":[{"name":"wp","href":"https:\/\/api.w.org\/{rel}","templated":true}]}}