{"id":3660,"date":"2025-07-17T21:37:22","date_gmt":"2025-07-18T00:37:22","guid":{"rendered":"https:\/\/bonomosistemas.com.ar\/site\/?post_type=product&#038;p=3660"},"modified":"2026-01-26T19:32:40","modified_gmt":"2026-01-26T22:32:40","slug":"kit-teclado-y-mouse-inalambrico-logitech-mk220","status":"publish","type":"product","link":"https:\/\/bonomosistemas.com.ar\/site\/producto\/kit-teclado-y-mouse-inalambrico-logitech-mk220\/","title":{"rendered":"Kit Teclado y Mouse Inal\u00e1mbrico Logitech MK220"},"content":{"rendered":"<div class=\"specs-group\">\n<div class=\"specs-block\">\n<ul>\n<li>Radio de acci\u00f3n inal\u00e1mbrico: 10 metros<\/li>\n<li><strong>Teclado<\/strong><\/li>\n<\/ul>\n<\/div>\n<\/div>\n<div class=\"specs-group\">\n<div class=\"specs-block\">\n<ul>\n<li style=\"list-style-type: none;\">\n<ul class=\"specs-description-list\">\n<li class=\"!my-0 items svelte-jwkzb2\"><span class=\"svelte-jwkzb2\">Teclado num\u00e9rico con 10 teclas<\/span><\/li>\n<li class=\"!my-0 items svelte-jwkzb2\"><span class=\"svelte-jwkzb2\">Controles de m\u00fasica<\/span><\/li>\n<li class=\"!my-0 items svelte-jwkzb2\"><span class=\"svelte-jwkzb2\">Hasta 5 millones de pulsaciones (excluida la tecla de bloque num\u00e9rico)<\/span><\/li>\n<li class=\"!my-0 items svelte-jwkzb2\"><span class=\"svelte-jwkzb2\">Tipo de teclas: Teclas c\u00f3ncavas<\/span><\/li>\n<li class=\"!my-0 items svelte-jwkzb2\"><span class=\"svelte-jwkzb2\"><span class=\"svelte-jwkzb2\">Resistente a salpicaduras\u00a0<\/span><\/span><\/li>\n<li class=\"!my-0 items svelte-jwkzb2\"><span class=\"svelte-jwkzb2\">2 pilas AAA (pilas alcalinas)<\/span><\/li>\n<li><strong>Altura:<\/strong> 112mm<\/li>\n<li><strong>Ancho:<\/strong> 381mm<\/li>\n<li><strong>Profundidad:<\/strong> 17,78 mm<\/li>\n<li><strong>Peso:<\/strong> 320 g<\/li>\n<\/ul>\n<\/li>\n<\/ul>\n<\/div>\n<div class=\"specs-block\">\n<ul>\n<li class=\"specs-title\"><strong>Mouse<\/strong><\/li>\n<\/ul>\n<ul class=\"specs-description-list\">\n<li style=\"list-style-type: none;\">\n<ul class=\"specs-description-list\">\n<li class=\"!my-0 items svelte-jwkzb2\"><span class=\"svelte-jwkzb2\">Tecnolog\u00eda de sensor: Seguimiento \u00f3ptico uniforme<\/span><\/li>\n<li class=\"!my-0 items svelte-jwkzb2\"><span class=\"svelte-jwkzb2\">N\u00famero de botones: 3 (click izquierdo\/derecho, click de bot\u00f3n central)<\/span><\/li>\n<li class=\"!my-0 items svelte-jwkzb2\"><span class=\"svelte-jwkzb2\">Desplazamiento: l\u00ednea a l\u00ednea<\/span><\/li>\n<li class=\"!my-0 items svelte-jwkzb2\"><span class=\"svelte-jwkzb2\">Rueda de desplazamiento: S\u00ed, \u00f3ptico<\/span><\/li>\n<li class=\"!my-0 items svelte-jwkzb2\"><span class=\"svelte-jwkzb2\">2 bater\u00edas AA (alcalinas)<\/span><\/li>\n<li><strong>Altura:<\/strong> 107 mm<\/li>\n<li><strong>Ancho: <\/strong>60\u00a0mm<\/li>\n<li><strong>Profundidad:<\/strong> 40 mm<\/li>\n<li><strong>Peso:<\/strong> 112 g<\/li>\n<\/ul>\n<\/li>\n<\/ul>\n<\/div>\n<div class=\"specs-block\"><\/div>\n<\/div>\n<div class=\"specs-block\">\n<ul>\n<li style=\"list-style-type: none;\"><\/li>\n<\/ul>\n<\/div>\n<div class=\"specs-block\"><\/div>\n<div class=\"specs-block\"><\/div>\n","protected":false},"excerpt":{"rendered":"<h4 class=\"heading3 brand-title-case\">Dise\u00f1o mucho m\u00e1s peque\u00f1o, con las misma teclas<\/h4>\n<p class=\"text-body-14 sm:text-body-16 mb-4 sm:w-[60%] text-black-930\">El compacto teclado es aproximadamente un 36% m\u00e1s peque\u00f1o que los teclados est\u00e1ndar, pero tiene todas las teclas habituales y te permite hacer las cosas con la misma facilidad.<\/p>\n","protected":false},"featured_media":3661,"comment_status":"open","ping_status":"closed","template":"","meta":{"_et_pb_use_builder":"","_et_pb_old_content":"","_et_gb_content_width":""},"product_brand":[],"product_cat":[411,176],"product_tag":[193,148,147,175],"class_list":{"0":"post-3660","1":"product","2":"type-product","3":"status-publish","4":"has-post-thumbnail","6":"product_cat-dia-del-nino","7":"product_cat-kit-teclado-y-mouse","8":"product_tag-kit-teclado-mouse","9":"product_tag-logitech","10":"product_tag-mouse","11":"product_tag-teclado","13":"first","14":"instock","15":"shipping-taxable","16":"purchasable","17":"product-type-simple"},"_links":{"self":[{"href":"https:\/\/bonomosistemas.com.ar\/site\/wp-json\/wp\/v2\/product\/3660","targetHints":{"allow":["GET"]}}],"collection":[{"href":"https:\/\/bonomosistemas.com.ar\/site\/wp-json\/wp\/v2\/product"}],"about":[{"href":"https:\/\/bonomosistemas.com.ar\/site\/wp-json\/wp\/v2\/types\/product"}],"replies":[{"embeddable":true,"href":"https:\/\/bonomosistemas.com.ar\/site\/wp-json\/wp\/v2\/comments?post=3660"}],"wp:featuredmedia":[{"embeddable":true,"href":"https:\/\/bonomosistemas.com.ar\/site\/wp-json\/wp\/v2\/media\/3661"}],"wp:attachment":[{"href":"https:\/\/bonomosistemas.com.ar\/site\/wp-json\/wp\/v2\/media?parent=3660"}],"wp:term":[{"taxonomy":"product_brand","embeddable":true,"href":"https:\/\/bonomosistemas.com.ar\/site\/wp-json\/wp\/v2\/product_brand?post=3660"},{"taxonomy":"product_cat","embeddable":true,"href":"https:\/\/bonomosistemas.com.ar\/site\/wp-json\/wp\/v2\/product_cat?post=3660"},{"taxonomy":"product_tag","embeddable":true,"href":"https:\/\/bonomosistemas.com.ar\/site\/wp-json\/wp\/v2\/product_tag?post=3660"}],"curies":[{"name":"wp","href":"https:\/\/api.w.org\/{rel}","templated":true}]}}