{"id":3669,"date":"2025-07-27T13:04:52","date_gmt":"2025-07-27T16:04:52","guid":{"rendered":"https:\/\/bonomosistemas.com.ar\/site\/?post_type=product&#038;p=3669"},"modified":"2026-02-28T21:59:26","modified_gmt":"2026-03-01T00:59:26","slug":"gabinete-thermaltake-s200-tg-argb-sin-fuente","status":"publish","type":"product","link":"https:\/\/bonomosistemas.com.ar\/site\/producto\/gabinete-thermaltake-s200-tg-argb-sin-fuente\/","title":{"rendered":"Gabinete Thermaltake S200 TG ARGB sin fuente"},"content":{"rendered":"<ul>\n<li><strong>Modelo: <\/strong>S200 TG ARGB<\/li>\n<li><strong>Tipo:<\/strong> Mid Tower<\/li>\n<li><strong>Color:<\/strong> Negro<\/li>\n<li><strong>Material:<\/strong> SPCC<\/li>\n<li><strong>Motherboard Compatibles:<\/strong> ATX, Micro ATX , Mini ITX<\/li>\n<li><strong>Posici\u00f3n PSU:<\/strong> Abajo<\/li>\n<li><strong>Soporte Watercooling:<\/strong> Si<\/li>\n<li><strong>Altura m\u00e1xima cooler CPU:<\/strong> 166mm<\/li>\n<li><strong>Largo m\u00e1ximo VGA:<\/strong> 300mm con radiador, 330mm sin radiador.<\/li>\n<li><strong>Largo m\u00e1ximo PSU:<\/strong> 190mm<\/li>\n<li><strong>Sistema cables ocultos:<\/strong> Si<\/li>\n<li><strong>Patas:<\/strong> Si<\/li>\n<li><strong>Panel Lateral:<\/strong> 3mm Vidrio Templado<\/li>\n<li><strong>Coolers:<\/strong> 4 (3 x 120mm ARGB frontal, 1 x 120mm ARGB trasero)<\/li>\n<li><strong>USB 3.0:<\/strong> 2 puertos<\/li>\n<li><strong>USB 2.0 :<\/strong> No<\/li>\n<li><strong>Audio Frontal:<\/strong> Si<\/li>\n<li><strong>Filtro Antipolvo:<\/strong> Si<\/li>\n<li><strong>Alto:<\/strong> 460mm<\/li>\n<li><strong>Ancho:<\/strong> 210mm<\/li>\n<li><strong>Largo:<\/strong> 395,3mm<\/li>\n<\/ul>\n","protected":false},"excerpt":{"rendered":"<p><!--StartFragment --><\/p>\n<p>Transform\u00e1 tu setup con el impactante dise\u00f1o del S200 TG ARGB. Este gabinete ATX con panel frontal de malla asegura una excelente ventilaci\u00f3n y viene equipado con <em>tres ventiladores frontales ARGB Lite de 120 mm<\/em>, listos para iluminar tu experiencia gamer. Compatible con las principales marcas de motherboards (ASUS, GIGABYTE, MSI, ASRock), su iluminaci\u00f3n RGB es completamente personalizable para que juegues con tu estilo.<\/p>\n<p>Adem\u00e1s, ofrece espacio para hasta seis ventiladores y soporta radiadores de hasta 360 mm en el frente. Ideal para construir una PC de alto rendimiento sin comprometer est\u00e9tica ni flujo de aire<\/p>\n<p><!--EndFragment --><\/p>\n","protected":false},"featured_media":3670,"comment_status":"open","ping_status":"closed","template":"","meta":{"_et_pb_use_builder":"","_et_pb_old_content":"","_et_gb_content_width":""},"product_brand":[],"product_cat":[38],"product_tag":[158,156,164],"class_list":{"0":"post-3669","1":"product","2":"type-product","3":"status-publish","4":"has-post-thumbnail","6":"product_cat-gabinetes","7":"product_tag-gabinete","8":"product_tag-gamer","9":"product_tag-thermaltake","11":"first","12":"instock","13":"shipping-taxable","14":"purchasable","15":"product-type-simple"},"_links":{"self":[{"href":"https:\/\/bonomosistemas.com.ar\/site\/wp-json\/wp\/v2\/product\/3669","targetHints":{"allow":["GET"]}}],"collection":[{"href":"https:\/\/bonomosistemas.com.ar\/site\/wp-json\/wp\/v2\/product"}],"about":[{"href":"https:\/\/bonomosistemas.com.ar\/site\/wp-json\/wp\/v2\/types\/product"}],"replies":[{"embeddable":true,"href":"https:\/\/bonomosistemas.com.ar\/site\/wp-json\/wp\/v2\/comments?post=3669"}],"wp:featuredmedia":[{"embeddable":true,"href":"https:\/\/bonomosistemas.com.ar\/site\/wp-json\/wp\/v2\/media\/3670"}],"wp:attachment":[{"href":"https:\/\/bonomosistemas.com.ar\/site\/wp-json\/wp\/v2\/media?parent=3669"}],"wp:term":[{"taxonomy":"product_brand","embeddable":true,"href":"https:\/\/bonomosistemas.com.ar\/site\/wp-json\/wp\/v2\/product_brand?post=3669"},{"taxonomy":"product_cat","embeddable":true,"href":"https:\/\/bonomosistemas.com.ar\/site\/wp-json\/wp\/v2\/product_cat?post=3669"},{"taxonomy":"product_tag","embeddable":true,"href":"https:\/\/bonomosistemas.com.ar\/site\/wp-json\/wp\/v2\/product_tag?post=3669"}],"curies":[{"name":"wp","href":"https:\/\/api.w.org\/{rel}","templated":true}]}}