{"id":3674,"date":"2025-07-27T13:12:56","date_gmt":"2025-07-27T16:12:56","guid":{"rendered":"https:\/\/bonomosistemas.com.ar\/site\/?post_type=product&#038;p=3674"},"modified":"2026-01-13T13:54:28","modified_gmt":"2026-01-13T16:54:28","slug":"gabinete-msi-mag-forge-m100a-sin-fuente","status":"publish","type":"product","link":"https:\/\/bonomosistemas.com.ar\/site\/producto\/gabinete-msi-mag-forge-m100a-sin-fuente\/","title":{"rendered":"Gabinete MSI MAG Forge M100A sin fuente"},"content":{"rendered":"<ul>\n<li><strong>Modelo: <\/strong>MAG Forge M100A<\/li>\n<li><strong>Tipo:<\/strong> Micro ATX Tower<\/li>\n<li><strong>Color:<\/strong> Negro<\/li>\n<li><strong>Material:<\/strong> SPCC<\/li>\n<li><strong>Motherboard Compatibles:<\/strong> Micro ATX , Mini ITX<\/li>\n<li><strong>Posici\u00f3n PSU:<\/strong> Abajo<\/li>\n<li><strong>Soporte Watercooling:<\/strong> Si<\/li>\n<li><strong>Altura m\u00e1xima cooler CPU:<\/strong> 160mm<\/li>\n<li><strong>Largo m\u00e1ximo VGA:<\/strong> 300mm<\/li>\n<li><strong>Sistema cables ocultos:<\/strong> Si<\/li>\n<li><strong>Patas:<\/strong> Si<\/li>\n<li><strong>Panel Lateral:<\/strong> Acr\u00edlico<\/li>\n<li><strong>Coolers:<\/strong> 4 (3 x 120mm ARGB frontal, 1 x 120mm ARGB trasero)<\/li>\n<li><strong>USB 3.0:<\/strong> 1<\/li>\n<li><strong>USB 2.0 :<\/strong> 2<\/li>\n<li><strong>Audio Frontal:<\/strong> Si<\/li>\n<li><strong>Filtro Antipolvo:<\/strong> Si<\/li>\n<li><strong>Alto:<\/strong> 423mm<\/li>\n<li><strong>Ancho:<\/strong> 200mm<\/li>\n<li><strong>Largo:<\/strong> 388mm<\/li>\n<\/ul>\n","protected":false},"excerpt":{"rendered":"<ul>\n<li>Puede instalar hasta 6 ventiladores de sistema, proporcionando ventilaci\u00f3n y rendimiento estable a todo el sistema.<\/li>\n<li>Ventiladores Auto RGB incorporados con llamativa iluminaci\u00f3n y vivos efectos luminosos.<\/li>\n<li>El filtro magn\u00e9tico en la parte superior de las rejillas de ventilaci\u00f3n se puede retirar f\u00e1cilmente para su limpieza.<\/li>\n<li>Admite tarjetas gr\u00e1ficas de hasta 300 mm<\/li>\n<\/ul>\n","protected":false},"featured_media":3675,"comment_status":"open","ping_status":"closed","template":"","meta":{"_et_pb_use_builder":"","_et_pb_old_content":"","_et_gb_content_width":""},"product_brand":[],"product_cat":[38],"product_tag":[158,156,201],"class_list":{"0":"post-3674","1":"product","2":"type-product","3":"status-publish","4":"has-post-thumbnail","6":"product_cat-gabinetes","7":"product_tag-gabinete","8":"product_tag-gamer","9":"product_tag-msi","11":"first","12":"instock","13":"shipping-taxable","14":"purchasable","15":"product-type-simple"},"_links":{"self":[{"href":"https:\/\/bonomosistemas.com.ar\/site\/wp-json\/wp\/v2\/product\/3674","targetHints":{"allow":["GET"]}}],"collection":[{"href":"https:\/\/bonomosistemas.com.ar\/site\/wp-json\/wp\/v2\/product"}],"about":[{"href":"https:\/\/bonomosistemas.com.ar\/site\/wp-json\/wp\/v2\/types\/product"}],"replies":[{"embeddable":true,"href":"https:\/\/bonomosistemas.com.ar\/site\/wp-json\/wp\/v2\/comments?post=3674"}],"wp:featuredmedia":[{"embeddable":true,"href":"https:\/\/bonomosistemas.com.ar\/site\/wp-json\/wp\/v2\/media\/3675"}],"wp:attachment":[{"href":"https:\/\/bonomosistemas.com.ar\/site\/wp-json\/wp\/v2\/media?parent=3674"}],"wp:term":[{"taxonomy":"product_brand","embeddable":true,"href":"https:\/\/bonomosistemas.com.ar\/site\/wp-json\/wp\/v2\/product_brand?post=3674"},{"taxonomy":"product_cat","embeddable":true,"href":"https:\/\/bonomosistemas.com.ar\/site\/wp-json\/wp\/v2\/product_cat?post=3674"},{"taxonomy":"product_tag","embeddable":true,"href":"https:\/\/bonomosistemas.com.ar\/site\/wp-json\/wp\/v2\/product_tag?post=3674"}],"curies":[{"name":"wp","href":"https:\/\/api.w.org\/{rel}","templated":true}]}}