{"id":3678,"date":"2025-07-27T13:26:28","date_gmt":"2025-07-27T16:26:28","guid":{"rendered":"https:\/\/bonomosistemas.com.ar\/site\/?post_type=product&#038;p=3678"},"modified":"2026-01-26T20:09:33","modified_gmt":"2026-01-26T23:09:33","slug":"cooler-cpu-thermaltake-ux150-l-argb","status":"publish","type":"product","link":"https:\/\/bonomosistemas.com.ar\/site\/producto\/cooler-cpu-thermaltake-ux150-l-argb\/","title":{"rendered":"Cooler CPU Thermaltake UX150-L ARGB"},"content":{"rendered":"<ul>\n<li><strong>Marca:<\/strong> Thermaltake<\/li>\n<li><strong>Dimensiones:<\/strong> 133x133x75.6mm<\/li>\n<li><strong>Material:<\/strong> Base de cobre + Aluminio<\/li>\n<li><strong>Voltaje:<\/strong> 12v &amp; 5v<\/li>\n<li><strong>Amperaje:<\/strong> 0.36A &amp; 0.78A<\/li>\n<li><strong>Velocidad del fan:<\/strong> 500~2400RPM<\/li>\n<li><strong>Bearing type:<\/strong> Hydraulic<\/li>\n<li><strong>Sockets:<\/strong>\n<ul>\n<li>Intel LGA 1851\/1700\/1200\/1156\/1155\/1151\/1150<\/li>\n<\/ul>\n<\/li>\n<\/ul>\n","protected":false},"excerpt":{"rendered":"<p><!--StartFragment --><\/p>\n<p>El UX150-L ARGB Sync cuenta con un ventilador de alto flujo de aire de 130 mm, capaz de proporcionar hasta <strong>130W de potencia de enfriamiento<\/strong>. Su dise\u00f1o incorpora un efecto de iluminaci\u00f3n estilo <em>espejo infinito<\/em> en el centro, acompa\u00f1ado por un aro LED exterior. Las luces son totalmente personalizables mediante software de sincronizaci\u00f3n con la placa madre, mejorando la est\u00e9tica general del sistema. <!--EndFragment --><\/p>\n","protected":false},"featured_media":3679,"comment_status":"open","ping_status":"closed","template":"","meta":{"_et_pb_use_builder":"","_et_pb_old_content":"","_et_gb_content_width":""},"product_brand":[],"product_cat":[307],"product_tag":[208,205,206,164],"class_list":{"0":"post-3678","1":"product","2":"type-product","3":"status-publish","4":"has-post-thumbnail","6":"product_cat-refrigeracion","7":"product_tag-cooler","8":"product_tag-cooler-cpu","9":"product_tag-refrigeracion","10":"product_tag-thermaltake","12":"first","13":"instock","14":"shipping-taxable","15":"purchasable","16":"product-type-simple"},"_links":{"self":[{"href":"https:\/\/bonomosistemas.com.ar\/site\/wp-json\/wp\/v2\/product\/3678","targetHints":{"allow":["GET"]}}],"collection":[{"href":"https:\/\/bonomosistemas.com.ar\/site\/wp-json\/wp\/v2\/product"}],"about":[{"href":"https:\/\/bonomosistemas.com.ar\/site\/wp-json\/wp\/v2\/types\/product"}],"replies":[{"embeddable":true,"href":"https:\/\/bonomosistemas.com.ar\/site\/wp-json\/wp\/v2\/comments?post=3678"}],"wp:featuredmedia":[{"embeddable":true,"href":"https:\/\/bonomosistemas.com.ar\/site\/wp-json\/wp\/v2\/media\/3679"}],"wp:attachment":[{"href":"https:\/\/bonomosistemas.com.ar\/site\/wp-json\/wp\/v2\/media?parent=3678"}],"wp:term":[{"taxonomy":"product_brand","embeddable":true,"href":"https:\/\/bonomosistemas.com.ar\/site\/wp-json\/wp\/v2\/product_brand?post=3678"},{"taxonomy":"product_cat","embeddable":true,"href":"https:\/\/bonomosistemas.com.ar\/site\/wp-json\/wp\/v2\/product_cat?post=3678"},{"taxonomy":"product_tag","embeddable":true,"href":"https:\/\/bonomosistemas.com.ar\/site\/wp-json\/wp\/v2\/product_tag?post=3678"}],"curies":[{"name":"wp","href":"https:\/\/api.w.org\/{rel}","templated":true}]}}