{"id":3727,"date":"2025-08-11T20:52:20","date_gmt":"2025-08-11T23:52:20","guid":{"rendered":"https:\/\/bonomosistemas.com.ar\/site\/?post_type=product&#038;p=3727"},"modified":"2025-12-10T20:49:31","modified_gmt":"2025-12-10T23:49:31","slug":"parlante-bluetooth-jbl-go-4-negro","status":"publish","type":"product","link":"https:\/\/bonomosistemas.com.ar\/site\/producto\/parlante-bluetooth-jbl-go-4-negro\/","title":{"rendered":"Parlante Bluetooth JBL Go 4 (Negro)"},"content":{"rendered":"<h6><strong>CARACTERISTICAS GENERALES<\/strong><\/h6>\n<ul>\n<li><span class=\"spec-key\">Potencia de salida: <\/span><span class=\"spec-value\">4.2<\/span><\/li>\n<li>\n<div class=\"spec-row\"><span class=\"spec-key\">Bluetooth: <\/span><span class=\"spec-value\">S\u00ed<\/span><\/div>\n<\/li>\n<li>\n<div class=\"spec-row\"><span class=\"spec-value\">Cable de carga: S\u00ed<\/span><\/div>\n<\/li>\n<li>\n<div class=\"spec-row\"><span class=\"spec-key\">A prueba de salpicaduras: <\/span><span class=\"spec-value\">S\u00ed<\/span><\/div>\n<\/li>\n<li>\n<div class=\"spec-row\"><span class=\"spec-key\">A prueba de agua: <\/span><span class=\"spec-value\">S\u00ed<\/span><\/div>\n<\/li>\n<li>\n<div class=\"spec-row\"><span class=\"spec-key\">Wireless: <\/span><span class=\"spec-value\">S\u00ed<\/span><\/div>\n<\/li>\n<li>\n<div class=\"spec-row\"><span class=\"spec-key\">Conexi\u00f3n Multipunto: <\/span><span class=\"spec-value\">S\u00ed<\/span><\/div>\n<\/li>\n<li>\n<div class=\"spec-row\"><span class=\"spec-key\">Bater\u00eda recargable: <\/span><span class=\"spec-value\">S\u00ed<\/span><\/div>\n<\/li>\n<li>\n<div class=\"spec-row\"><span class=\"spec-key\">Certificaci\u00f3n IPX: <\/span><span class=\"spec-value\">IP67<\/span><\/div>\n<\/li>\n<li>\n<div class=\"spec-row\"><span class=\"spec-key\">Soporta Auracast: <\/span><span class=\"spec-value\">S\u00ed<\/span><\/div>\n<div class=\"spec-row\"><\/div>\n<\/li>\n<li>\n<div class=\"spec-row\"><span class=\"spec-value\">A prueba de polvo: S\u00ed<\/span><\/div>\n<\/li>\n<\/ul>\n<h6><strong>CARACTERISTICAS DE AUDIO<\/strong><\/h6>\n<ul>\n<li><span class=\"spec-key\">Respuesta de frecuencia din\u00e1mica: <\/span><span class=\"spec-value\">90 Hz &#8211; 20 kHz<\/span><\/li>\n<\/ul>\n<h6><strong>MEDIDAS<\/strong><\/h6>\n<ul>\n<li>Dimensiones (cm): <span class=\"spec-value\" style=\"color: #666666;\">9.4 x 7.8 x 4.2<\/span><\/li>\n<li class=\"spec-row\"><span class=\"spec-key\">Peso (kgs): <\/span><span class=\"spec-value\">0.19<\/span><\/li>\n<\/ul>\n<h6><strong>CARACTERISTICAS DE CONTROL Y CONEXION<\/strong><\/h6>\n<ul>\n<li class=\"spec-row\"><span class=\"spec-key\">Perfiles Bluetooth: <\/span><span class=\"spec-value\">A2DP 1.4, AVRCP 1.6<\/span><\/li>\n<li class=\"spec-row\"><span class=\"spec-key\">Rango de frecuencia de transmisi\u00f3n Bluetooth: <\/span><span class=\"spec-value\">2400 MHz &#8211; 2483.5 MHz<\/span><\/li>\n<li class=\"spec-row\"><span class=\"spec-key\">Transmisi\u00f3n de modulaci\u00f3n GFSK v\u00eda Bluetooth: <\/span><span class=\"spec-value\">GFSK, \u03c0\/4 DQPSK<\/span><\/li>\n<li class=\"spec-row\"><span class=\"spec-key\">Potencia de transmisi\u00f3n Bluetooth: <\/span><span class=\"spec-value\">&lt; 9dBm (EIRP)<\/span><\/li>\n<li class=\"spec-row\"><span class=\"spec-key\">Versi\u00f3n Bluetooth: <\/span><span class=\"spec-value\">5.3<\/span><\/li>\n<\/ul>\n<h6><strong>BATERIA<\/strong><\/h6>\n<div>\n<ul>\n<li class=\"spec-row\"><span class=\"spec-key\">Tiempo de carga (hrs): <\/span><span class=\"spec-value\">3<\/span><\/li>\n<li class=\"spec-row\"><span class=\"spec-key\">Tiempo de reproducci\u00f3n de m\u00fasica (hrs): <\/span><span class=\"spec-value\">7<\/span><\/li>\n<\/ul>\n<\/div>\n<div><\/div>\n","protected":false},"excerpt":{"rendered":"<p>Ll\u00e9vate el gran sonido JBL Pro donde quiera que vayas. El atrevido y colorido altavoz Bluetooth ultraport\u00e1til JBL Go 4 cabe en la palma de la mano y ofrece un sonido JBL Pro Sound n\u00edtido y alto con graves potentes y potentes. Su asa integrada de nuevo dise\u00f1o hace que sea f\u00e1cil de llevar a cualquier parte; adem\u00e1s, puedes elegir el que se adapta m\u00e1s a tu estilo entre la amplia variedad de colores. Adem\u00e1s, es resistente al polvo y al agua, por lo que es ideal para llevar a cualquier parte. Gracias a las hasta 7 horas de tiempo de reproducci\u00f3n, podr\u00e1s disfrutar a tope de los divertidos d\u00edas de viaje o las noches tranquilas bajo las estrellas. Combina dos Go 4 para obtener un sonido est\u00e9reo o conecta de forma inal\u00e1mbrica varios altavoces compatibles con JBL Auracast para obtener un sonido a\u00fan m\u00e1s potente. Sube el volumen y deja que tu m\u00fasica te lleve a cualquier parte.<\/p>\n","protected":false},"featured_media":3728,"comment_status":"closed","ping_status":"closed","template":"","meta":{"_et_pb_use_builder":"","_et_pb_old_content":"","_et_gb_content_width":""},"product_brand":[],"product_cat":[83,411],"product_tag":[236,387,386],"class_list":{"0":"post-3727","1":"product","2":"type-product","3":"status-publish","4":"has-post-thumbnail","6":"product_cat-parlantes","7":"product_cat-dia-del-nino","8":"product_tag-bluetooth","9":"product_tag-jbl","10":"product_tag-parlante","12":"first","13":"instock","14":"shipping-taxable","15":"purchasable","16":"product-type-simple"},"_links":{"self":[{"href":"https:\/\/bonomosistemas.com.ar\/site\/wp-json\/wp\/v2\/product\/3727","targetHints":{"allow":["GET"]}}],"collection":[{"href":"https:\/\/bonomosistemas.com.ar\/site\/wp-json\/wp\/v2\/product"}],"about":[{"href":"https:\/\/bonomosistemas.com.ar\/site\/wp-json\/wp\/v2\/types\/product"}],"replies":[{"embeddable":true,"href":"https:\/\/bonomosistemas.com.ar\/site\/wp-json\/wp\/v2\/comments?post=3727"}],"wp:featuredmedia":[{"embeddable":true,"href":"https:\/\/bonomosistemas.com.ar\/site\/wp-json\/wp\/v2\/media\/3728"}],"wp:attachment":[{"href":"https:\/\/bonomosistemas.com.ar\/site\/wp-json\/wp\/v2\/media?parent=3727"}],"wp:term":[{"taxonomy":"product_brand","embeddable":true,"href":"https:\/\/bonomosistemas.com.ar\/site\/wp-json\/wp\/v2\/product_brand?post=3727"},{"taxonomy":"product_cat","embeddable":true,"href":"https:\/\/bonomosistemas.com.ar\/site\/wp-json\/wp\/v2\/product_cat?post=3727"},{"taxonomy":"product_tag","embeddable":true,"href":"https:\/\/bonomosistemas.com.ar\/site\/wp-json\/wp\/v2\/product_tag?post=3727"}],"curies":[{"name":"wp","href":"https:\/\/api.w.org\/{rel}","templated":true}]}}