{"id":3736,"date":"2025-08-11T21:24:53","date_gmt":"2025-08-12T00:24:53","guid":{"rendered":"https:\/\/bonomosistemas.com.ar\/site\/?post_type=product&#038;p=3736"},"modified":"2026-01-06T21:26:08","modified_gmt":"2026-01-07T00:26:08","slug":"parlante-bluetooth-philips-bt60bk","status":"publish","type":"product","link":"https:\/\/bonomosistemas.com.ar\/site\/producto\/parlante-bluetooth-philips-bt60bk\/","title":{"rendered":"Parlante Bluetooth Philips BT60BK"},"content":{"rendered":"<ul class=\"p-s08__table\">\n<li class=\"p-s08__spec \"><strong>SONIDO<\/strong><\/li>\n<\/ul>\n<ul>\n<li style=\"list-style-type: none;\">\n<ul>\n<li class=\"p-heading-03 p-heading-light p-s08__spec-title\"><span style=\"font-weight: bold;\">Respuesta de frecuencia: <\/span>De 120 Hz a 20 KHz \u00a0Hz<\/li>\n<li class=\"p-heading-03 p-heading-light p-s08__spec-title\"><span style=\"font-weight: bold;\">Potencia de salida (RMS): <\/span>3 W<\/li>\n<li class=\"p-heading-03 p-heading-light p-s08__spec-title\"><strong>Sistema de sonido:<\/strong> Mono<\/li>\n<\/ul>\n<\/li>\n<\/ul>\n<ul class=\"p-s08__table\">\n<li class=\"p-s08__spec \"><strong>DISE\u00d1O y ACABADO<br \/>\n<\/strong><\/li>\n<\/ul>\n<ul>\n<li style=\"list-style-type: none;\">\n<ul>\n<li><span style=\"font-weight: bold;\">Color: <\/span>Negro<\/li>\n<\/ul>\n<\/li>\n<\/ul>\n<ul class=\"p-s08__table\">\n<li class=\"p-s08__spec p-s08__toggle-item\"><strong>PARLANTES<\/strong><\/li>\n<\/ul>\n<ul>\n<li style=\"list-style-type: none;\">\n<ul>\n<li class=\"p-heading-03 p-heading-light p-s08__spec-title\"><span style=\"font-weight: bold;\">Impedancia de los parlantes: <\/span>4 \u00a0ohm<\/li>\n<li class=\"p-heading-03 p-heading-light p-s08__spec-title\"><span style=\"font-weight: bold;\">Controlador de altavoces: <\/span>1,57&#8243;<\/li>\n<li class=\"p-heading-03 p-heading-light p-s08__spec-title\"><span style=\"font-weight: bold;\">Relaci\u00f3n se\u00f1al \/ ruido: <\/span>&gt;55 dB<\/li>\n<li class=\"p-heading-03 p-heading-light p-s08__spec-title\"><span style=\"font-weight: bold;\">Sensibilidad: <\/span>83 dBm<\/li>\n<\/ul>\n<\/li>\n<\/ul>\n<ul class=\"p-s08__table\">\n<li class=\"p-s08__spec p-s08__toggle-item\"><strong>CONECTIVIDAD<\/strong><\/li>\n<\/ul>\n<ul>\n<li style=\"list-style-type: none;\">\n<ul>\n<li><strong>Versi\u00f3n de Bluetooth:<\/strong> <span style=\"font-weight: 500;\">5<\/span><\/li>\n<li><strong>Rango de Bluetooth:<\/strong> <span style=\"font-weight: 500;\">Campo visual, 10 m o 30 pies<\/span><\/li>\n<li><strong>Entrada auxiliar:<\/strong> <span style=\"font-weight: 500;\">S\u00ed<\/span><\/li>\n<li><strong>Banda de frecuencia de Bluetooth:<\/strong> <span style=\"font-weight: 500;\">De 2,4 GHz a 2,48 GHz<\/span><\/li>\n<\/ul>\n<\/li>\n<\/ul>\n<ul class=\"p-s08__table\">\n<li class=\"p-s08__spec p-s08__toggle-item\"><strong>SINTONIZADOR\/RECEPCI\u00d3N\/TRANSMISI\u00d3N<\/strong><\/li>\n<\/ul>\n<ul>\n<li style=\"list-style-type: none;\">\n<ul>\n<li><span style=\"font-weight: bold;\">Bandas del sintonizador: <\/span>FM<\/li>\n<\/ul>\n<\/li>\n<\/ul>\n<ul class=\"p-s08__table\">\n<li class=\"p-s08__spec p-s08__toggle-item\"><strong>COMODIDAD<\/strong><\/li>\n<\/ul>\n<ul>\n<li style=\"list-style-type: none;\">\n<ul>\n<li><span style=\"font-weight: bold;\">Indicaci\u00f3n de encendido: Si<\/span><\/li>\n<li class=\"p-heading-03 p-heading-light p-s08__spec-title\"><span style=\"font-weight: bold;\">Micr\u00f3fono integrado: <\/span>S\u00ed<\/li>\n<\/ul>\n<\/li>\n<li><strong><strong>COMPATIBILIDAD<br \/>\n<\/strong><\/strong><\/p>\n<ul>\n<li><strong>Otro dispositivo con Bluetooth:<\/strong> S\u00ed<\/li>\n<\/ul>\n<\/li>\n<\/ul>\n<ul class=\"p-s08__table\">\n<li class=\"p-s08__spec p-s08__toggle-item\"><strong>ENERGIA<\/strong><\/li>\n<\/ul>\n<ul>\n<li style=\"list-style-type: none;\">\n<ul>\n<li><strong>Tipo de bater\u00eda:<\/strong> pol\u00edmero de litio (incorporado)<\/li>\n<li><strong>Fuente de alimentaci\u00f3n:<\/strong> 5 V, CC<\/li>\n<\/ul>\n<\/li>\n<li class=\"p-heading-04 p-heading-bold p-s08__main-list-title\"><strong>ACCESORIOS INCLUIDOS<\/strong>\n<ul class=\"p-bullets\">\n<li>\n<div class=\"p-body-copy-02 \">Cable USB para carga en PC<\/div>\n<\/li>\n<li>\n<div class=\"p-body-copy-02 \">Cord\u00f3n de transporte<\/div>\n<\/li>\n<li>\n<div class=\"p-body-copy-02 \">Manual del usuario<\/p>\n<\/div>\n<\/li>\n<\/ul>\n<\/li>\n<\/ul>\n<ul class=\"p-s08__table\">\n<li class=\"p-s08__spec p-s08__toggle-item\"><strong>DIMENSIONES<\/strong><\/li>\n<\/ul>\n<ul>\n<li style=\"list-style-type: none;\">\n<ul>\n<li><strong>Peso con embalaje incluido:<\/strong> 0,195 \u00a0kg<\/li>\n<li><strong>Dimensiones del embalaje (ancho x profundidad x altura):<\/strong> 4 x 11 x 12,4 cm<\/li>\n<li><strong>Dimensiones del producto (An x Al x Pr):<\/strong> 3,2 x 5,6 x 11 cm<\/li>\n<li><strong>Peso del producto:<\/strong> 0,14 \u00a0kg<\/li>\n<\/ul>\n<\/li>\n<\/ul>\n","protected":false},"excerpt":{"rendered":"<p>El parlante port\u00e1til y compacto cuenta con un sonido excepcional. Junto con la transmisi\u00f3n inal\u00e1mbrica por Bluetooth integrada, el BT60 es ideal para el trotamundos adicto a la moda que llev\u00e1s dentro.<\/p>\n","protected":false},"featured_media":3737,"comment_status":"closed","ping_status":"closed","template":"","meta":{"_et_pb_use_builder":"","_et_pb_old_content":"","_et_gb_content_width":""},"product_brand":[],"product_cat":[83],"product_tag":[236,225,333],"class_list":{"0":"post-3736","1":"product","2":"type-product","3":"status-publish","4":"has-post-thumbnail","6":"product_cat-parlantes","7":"product_tag-bluetooth","8":"product_tag-parlantes","9":"product_tag-philips","11":"first","12":"instock","13":"shipping-taxable","14":"purchasable","15":"product-type-simple"},"_links":{"self":[{"href":"https:\/\/bonomosistemas.com.ar\/site\/wp-json\/wp\/v2\/product\/3736","targetHints":{"allow":["GET"]}}],"collection":[{"href":"https:\/\/bonomosistemas.com.ar\/site\/wp-json\/wp\/v2\/product"}],"about":[{"href":"https:\/\/bonomosistemas.com.ar\/site\/wp-json\/wp\/v2\/types\/product"}],"replies":[{"embeddable":true,"href":"https:\/\/bonomosistemas.com.ar\/site\/wp-json\/wp\/v2\/comments?post=3736"}],"wp:featuredmedia":[{"embeddable":true,"href":"https:\/\/bonomosistemas.com.ar\/site\/wp-json\/wp\/v2\/media\/3737"}],"wp:attachment":[{"href":"https:\/\/bonomosistemas.com.ar\/site\/wp-json\/wp\/v2\/media?parent=3736"}],"wp:term":[{"taxonomy":"product_brand","embeddable":true,"href":"https:\/\/bonomosistemas.com.ar\/site\/wp-json\/wp\/v2\/product_brand?post=3736"},{"taxonomy":"product_cat","embeddable":true,"href":"https:\/\/bonomosistemas.com.ar\/site\/wp-json\/wp\/v2\/product_cat?post=3736"},{"taxonomy":"product_tag","embeddable":true,"href":"https:\/\/bonomosistemas.com.ar\/site\/wp-json\/wp\/v2\/product_tag?post=3736"}],"curies":[{"name":"wp","href":"https:\/\/api.w.org\/{rel}","templated":true}]}}