{"id":3748,"date":"2025-08-28T19:41:48","date_gmt":"2025-08-28T22:41:48","guid":{"rendered":"https:\/\/bonomosistemas.com.ar\/site\/?post_type=product&#038;p=3748"},"modified":"2026-02-28T22:13:48","modified_gmt":"2026-03-01T01:13:48","slug":"disco-solido-ssd-crucial-bx500-240gb","status":"publish","type":"product","link":"https:\/\/bonomosistemas.com.ar\/site\/producto\/disco-solido-ssd-crucial-bx500-240gb\/","title":{"rendered":"Disco Solido SSD Crucial BX500 240GB"},"content":{"rendered":"<ul>\n<li><strong>Marca: <\/strong>Crucial<\/li>\n<li><strong>Modelo:<\/strong> BX500<\/li>\n<li class=\"target-even-odd border-b border-grey-light flex items-center pb-3 pt-4 pl-7\">\n<div class=\"flex-1 text-sm inheritPara\"><strong>Capacidad:<\/strong> 240GB<\/div>\n<\/li>\n<li class=\"target-even-odd border-b border-grey-light flex items-center pb-3 pt-4 pl-7\">\n<div class=\"flex-1 text-sm inheritPara\"><strong>Interfaz:<\/strong> SATA<\/div>\n<\/li>\n<li class=\"target-even-odd border-b border-grey-light flex items-center pb-3 pt-4 pl-7\">\n<div class=\"flex-1 text-sm inheritPara\"><strong>Factor de forma:<\/strong> 2.5 Inch<\/div>\n<\/li>\n<li class=\"target-even-odd border-b border-grey-light flex items-center pb-3 pt-4 pl-7\">\n<div class=\"flex-1 text-sm inheritPara\"><strong>Velocidad de lectura: <\/strong>540MB\/s<\/div>\n<\/li>\n<li><strong>Velocidad de escritura:<\/strong> 500MB\/s<\/li>\n<\/ul>\n","protected":false},"excerpt":{"rendered":"<p>A\u00f1ada memoria flash a su ordenador port\u00e1til o de sobremesa con la SSD Crucial BX500, la forma m\u00e1s f\u00e1cil de conseguir toda la velocidad de un ordenador nuevo sin tener que pagar su precio.<\/p>\n","protected":false},"featured_media":3749,"comment_status":"open","ping_status":"closed","template":"","meta":{"_et_pb_use_builder":"","_et_pb_old_content":"","_et_gb_content_width":""},"product_brand":[],"product_cat":[31],"product_tag":[418,113,118,119],"class_list":{"0":"post-3748","1":"product","2":"type-product","3":"status-publish","4":"has-post-thumbnail","6":"product_cat-almacenamiento","7":"product_tag-crucial","8":"product_tag-disco","9":"product_tag-disco-solido","10":"product_tag-ssd","12":"first","13":"instock","14":"shipping-taxable","15":"purchasable","16":"product-type-simple"},"_links":{"self":[{"href":"https:\/\/bonomosistemas.com.ar\/site\/wp-json\/wp\/v2\/product\/3748","targetHints":{"allow":["GET"]}}],"collection":[{"href":"https:\/\/bonomosistemas.com.ar\/site\/wp-json\/wp\/v2\/product"}],"about":[{"href":"https:\/\/bonomosistemas.com.ar\/site\/wp-json\/wp\/v2\/types\/product"}],"replies":[{"embeddable":true,"href":"https:\/\/bonomosistemas.com.ar\/site\/wp-json\/wp\/v2\/comments?post=3748"}],"wp:featuredmedia":[{"embeddable":true,"href":"https:\/\/bonomosistemas.com.ar\/site\/wp-json\/wp\/v2\/media\/3749"}],"wp:attachment":[{"href":"https:\/\/bonomosistemas.com.ar\/site\/wp-json\/wp\/v2\/media?parent=3748"}],"wp:term":[{"taxonomy":"product_brand","embeddable":true,"href":"https:\/\/bonomosistemas.com.ar\/site\/wp-json\/wp\/v2\/product_brand?post=3748"},{"taxonomy":"product_cat","embeddable":true,"href":"https:\/\/bonomosistemas.com.ar\/site\/wp-json\/wp\/v2\/product_cat?post=3748"},{"taxonomy":"product_tag","embeddable":true,"href":"https:\/\/bonomosistemas.com.ar\/site\/wp-json\/wp\/v2\/product_tag?post=3748"}],"curies":[{"name":"wp","href":"https:\/\/api.w.org\/{rel}","templated":true}]}}