{"id":3755,"date":"2025-09-01T19:00:04","date_gmt":"2025-09-01T22:00:04","guid":{"rendered":"https:\/\/bonomosistemas.com.ar\/site\/?post_type=product&#038;p=3755"},"modified":"2026-01-26T20:09:50","modified_gmt":"2026-01-26T23:09:50","slug":"cooler-cpu-thermaltake-astria-400-argb","status":"publish","type":"product","link":"https:\/\/bonomosistemas.com.ar\/site\/producto\/cooler-cpu-thermaltake-astria-400-argb\/","title":{"rendered":"Cooler CPU Thermaltake Astria 400 ARGB"},"content":{"rendered":"<ul>\n<li><strong>N.\u00ba de parte (P\/N):<\/strong>CL-P120-CA12SW-A<\/li>\n<li><strong>Compatibilidad:<\/strong>\n<ul>\n<li><strong>Intel:<\/strong> LGA 2066 \/ 2011 \/ 1851 \/ 1700 \/ 1200 \/ 1156 \/ 1155 \/ 1151 \/ 1150<\/li>\n<li><strong>AMD:<\/strong> AM5 \/ AM4<\/li>\n<\/ul>\n<\/li>\n<li><strong>Dimensiones: <\/strong>124 x 94 x 160 mm (Largo x Ancho x Alto)<\/li>\n<li><strong>Material del disipador: <\/strong>Aletas de aluminio y heatpipes de cobre<\/li>\n<li><strong>Heatpipes: <\/strong>\u03a66mm x 6 unidades<\/li>\n<li><strong>Dimensiones del ventilador: <\/strong>120 x 120 x 25 mm (Largo x Ancho x Alto)<\/li>\n<li><strong>Cantidad de ventiladores: <\/strong>1 unidad<\/li>\n<li><strong>Velocidad del ventilador: <\/strong>PWM 500 ~ 1800 RPM<\/li>\n<li><strong>Voltaje nominal: <\/strong>\n<ul>\n<li>LED: 5 V<\/li>\n<li>Ventilador: 12 V y 5 V<\/li>\n<\/ul>\n<\/li>\n<li><strong>Consumo de energ\u00eda:<\/strong>\n<ul>\n<li>LED: 3.25 W<\/li>\n<li>Ventilador: 1.8 W y 1.55 W<\/li>\n<\/ul>\n<\/li>\n<li><strong>Flujo de aire: <\/strong>65.0 CFM<\/li>\n<li><strong>Presi\u00f3n est\u00e1tica: <\/strong>2.56 mm-H\u2082O<\/li>\n<li><strong>Ruido ac\u00fastico: <\/strong>26.8 dBA<\/li>\n<li><strong>Vida \u00fatil \/ Vida \u00fatil del ventilador: <\/strong>40,000 horas<\/li>\n<li><strong>Conectores:<\/strong>\n<ul>\n<li><strong>LED: <\/strong>Header ARGB de 5 V<\/li>\n<li><strong>Ventilador: <\/strong>Conector 2510 de 4 pines<\/li>\n<\/ul>\n<\/li>\n<li><strong>Potencia de refrigeraci\u00f3n: <\/strong>230 W<\/li>\n<\/ul>\n<p><!--EndFragment --><\/p>\n","protected":false},"excerpt":{"rendered":"<p>El disipador de CPU ASTRIA 400 ARGB Lighting es nuestro primer modelo de alto rendimiento con iluminaci\u00f3n ARGB, que incorpora un exclusivo dise\u00f1o superior iluminado con efecto de \u00ablluvia de meteoritos\u00bb. Equipado con seis heatpipes de cobre en forma de U de \u00d86mm y un ventilador de 120mm de alto flujo de aire, el ASTRIA 400 ARGB ofrece una potencia de disipaci\u00f3n t\u00e9rmica de 230W TDP, brindando una experiencia de refrigeraci\u00f3n excepcional incluso para usuarios con CPUs est\u00e1ndar.<\/p>\n<p><!--EndFragment --><\/p>\n","protected":false},"featured_media":3756,"comment_status":"open","ping_status":"closed","template":"","meta":{"_et_pb_use_builder":"","_et_pb_old_content":"","_et_gb_content_width":""},"product_brand":[],"product_cat":[307],"product_tag":[208,205,206,164],"class_list":{"0":"post-3755","1":"product","2":"type-product","3":"status-publish","4":"has-post-thumbnail","6":"product_cat-refrigeracion","7":"product_tag-cooler","8":"product_tag-cooler-cpu","9":"product_tag-refrigeracion","10":"product_tag-thermaltake","12":"first","13":"instock","14":"shipping-taxable","15":"purchasable","16":"product-type-simple"},"_links":{"self":[{"href":"https:\/\/bonomosistemas.com.ar\/site\/wp-json\/wp\/v2\/product\/3755","targetHints":{"allow":["GET"]}}],"collection":[{"href":"https:\/\/bonomosistemas.com.ar\/site\/wp-json\/wp\/v2\/product"}],"about":[{"href":"https:\/\/bonomosistemas.com.ar\/site\/wp-json\/wp\/v2\/types\/product"}],"replies":[{"embeddable":true,"href":"https:\/\/bonomosistemas.com.ar\/site\/wp-json\/wp\/v2\/comments?post=3755"}],"wp:featuredmedia":[{"embeddable":true,"href":"https:\/\/bonomosistemas.com.ar\/site\/wp-json\/wp\/v2\/media\/3756"}],"wp:attachment":[{"href":"https:\/\/bonomosistemas.com.ar\/site\/wp-json\/wp\/v2\/media?parent=3755"}],"wp:term":[{"taxonomy":"product_brand","embeddable":true,"href":"https:\/\/bonomosistemas.com.ar\/site\/wp-json\/wp\/v2\/product_brand?post=3755"},{"taxonomy":"product_cat","embeddable":true,"href":"https:\/\/bonomosistemas.com.ar\/site\/wp-json\/wp\/v2\/product_cat?post=3755"},{"taxonomy":"product_tag","embeddable":true,"href":"https:\/\/bonomosistemas.com.ar\/site\/wp-json\/wp\/v2\/product_tag?post=3755"}],"curies":[{"name":"wp","href":"https:\/\/api.w.org\/{rel}","templated":true}]}}