{"id":3759,"date":"2025-09-02T20:55:09","date_gmt":"2025-09-02T23:55:09","guid":{"rendered":"https:\/\/bonomosistemas.com.ar\/site\/?post_type=product&#038;p=3759"},"modified":"2026-04-11T21:52:28","modified_gmt":"2026-04-12T00:52:28","slug":"watercooling-thermaltake-th360-v2-argb","status":"publish","type":"product","link":"https:\/\/bonomosistemas.com.ar\/site\/producto\/watercooling-thermaltake-th360-v2-argb\/","title":{"rendered":"WaterCooling Thermaltake TH360 V2 ARGB"},"content":{"rendered":"<ul>\n<li><strong>N.\u00ba de parte (P\/N):<\/strong> CL-W362-PL12SW-A<\/li>\n<li><strong>Bomba:<\/strong>\n<ul>\n<li><strong>Velocidad:<\/strong> PWM 1500~3300 R.P.M<\/li>\n<li><strong>Voltaje nominal:<\/strong> 12 V y 5 V<\/li>\n<li><strong>Corriente nominal:<\/strong> 0.43 A y 0.32 A<\/li>\n<li><strong>Consumo de energ\u00eda:<\/strong> 5.16 W y 1.6 W<\/li>\n<li><strong>Conector:<\/strong> 2510 de 4 pines \/ encabezado ARGB de 5V \u2013 3 pines<\/li>\n<\/ul>\n<\/li>\n<li><strong>Bloque de agua:<\/strong>\n<ul>\n<li><strong>Material:<\/strong> Cobre<\/li>\n<\/ul>\n<\/li>\n<\/ul>\n<ul>\n<li><strong>Ventilador:<\/strong>\n<ul>\n<li><strong>Dimensiones:<\/strong> 120 x 120 x 25 mm<\/li>\n<li><strong>Velocidad:<\/strong> PWM 500~2000 R.P.M<\/li>\n<li><strong>Nivel de ruido:<\/strong> 25.8 dB-A<\/li>\n<li><strong>Voltaje nominal:<\/strong> 12 V y 5 V<\/li>\n<li><strong>Corriente nominal:<\/strong> 0.11 A y 0.31 A (por ventilador)<\/li>\n<li><strong>Consumo de energ\u00eda:<\/strong> 1.32 W y 1.55 W (por ventilador)<\/li>\n<li><strong>Flujo de aire m\u00e1ximo:<\/strong> 57.05 CFM<\/li>\n<li><strong>Presi\u00f3n est\u00e1tica m\u00e1xima:<\/strong> 2.23 mm-H\u2082O<\/li>\n<li><strong>Conector:<\/strong> PWM 2510 de 4 pines \/ encabezado ARGB de 5V \u2013 3 pines<\/li>\n<li><strong>Tipo de rodamiento:<\/strong> Hidr\u00e1ulico<\/li>\n<li><strong>Vida \u00fatil estimada:<\/strong> 40,000 horas a 25\u202f\u00b0C<\/li>\n<\/ul>\n<\/li>\n<li><strong>Tubo:<\/strong>\n<ul>\n<li><strong>Longitud:<\/strong> 460 mm<\/li>\n<li><strong>Material:<\/strong> Goma<\/li>\n<\/ul>\n<\/li>\n<li><strong>Radiador:<\/strong>\n<ul>\n<li><strong>Dimensiones:<\/strong> 396 x 120 x 27 mm<\/li>\n<li><strong>Material:<\/strong> Aluminio<\/li>\n<\/ul>\n<\/li>\n<li><strong>Compatibilidad:<\/strong>\n<ul>\n<li><strong>Intel:<\/strong> LGA 2066 \/ 2011 \/ 1851 \/ 1700 \/ 1200 \/ 1156 \/ 1155 \/ 1151 \/ 1150<\/li>\n<li><strong>AMD:<\/strong> AM5 \/ AM4 \/ AM3+ \/ AM3 \/ AM2+ \/ AM2<\/li>\n<\/ul>\n<\/li>\n<li><strong>TDP:<\/strong>\n<ul>\n<li><strong>Capacidad t\u00e9rmica:<\/strong> 355 W<\/li>\n<\/ul>\n<\/li>\n<\/ul>\n","protected":false},"excerpt":{"rendered":"<p>El TH360 V2 ARGB incorpora una nueva tapa de estilo industrial con dise\u00f1o de iluminaci\u00f3n tipo espejo infinito, aportando una est\u00e9tica renovada a la serie TH. Equipado con tres ventiladores CT120 ARGB, este modelo es ideal para gabinetes medianos a grandes que admitan sistemas de refrigeraci\u00f3n l\u00edquida de 360 mm, y para usuarios que deseen controlar los efectos de iluminaci\u00f3n mediante software compatible con placas madre de 5V.<\/p>\n<p><!--EndFragment --><\/p>\n","protected":false},"featured_media":3760,"comment_status":"open","ping_status":"closed","template":"","meta":{"_et_pb_use_builder":"","_et_pb_old_content":"","_et_gb_content_width":""},"product_brand":[],"product_cat":[307],"product_tag":[206,164,419],"class_list":{"0":"post-3759","1":"product","2":"type-product","3":"status-publish","4":"has-post-thumbnail","6":"product_cat-refrigeracion","7":"product_tag-refrigeracion","8":"product_tag-thermaltake","9":"product_tag-watercooling","11":"first","12":"instock","13":"sale","14":"featured","15":"shipping-taxable","16":"purchasable","17":"product-type-simple"},"_links":{"self":[{"href":"https:\/\/bonomosistemas.com.ar\/site\/wp-json\/wp\/v2\/product\/3759","targetHints":{"allow":["GET"]}}],"collection":[{"href":"https:\/\/bonomosistemas.com.ar\/site\/wp-json\/wp\/v2\/product"}],"about":[{"href":"https:\/\/bonomosistemas.com.ar\/site\/wp-json\/wp\/v2\/types\/product"}],"replies":[{"embeddable":true,"href":"https:\/\/bonomosistemas.com.ar\/site\/wp-json\/wp\/v2\/comments?post=3759"}],"wp:featuredmedia":[{"embeddable":true,"href":"https:\/\/bonomosistemas.com.ar\/site\/wp-json\/wp\/v2\/media\/3760"}],"wp:attachment":[{"href":"https:\/\/bonomosistemas.com.ar\/site\/wp-json\/wp\/v2\/media?parent=3759"}],"wp:term":[{"taxonomy":"product_brand","embeddable":true,"href":"https:\/\/bonomosistemas.com.ar\/site\/wp-json\/wp\/v2\/product_brand?post=3759"},{"taxonomy":"product_cat","embeddable":true,"href":"https:\/\/bonomosistemas.com.ar\/site\/wp-json\/wp\/v2\/product_cat?post=3759"},{"taxonomy":"product_tag","embeddable":true,"href":"https:\/\/bonomosistemas.com.ar\/site\/wp-json\/wp\/v2\/product_tag?post=3759"}],"curies":[{"name":"wp","href":"https:\/\/api.w.org\/{rel}","templated":true}]}}