{"id":3763,"date":"2025-09-02T21:18:32","date_gmt":"2025-09-03T00:18:32","guid":{"rendered":"https:\/\/bonomosistemas.com.ar\/site\/?post_type=product&#038;p=3763"},"modified":"2026-04-24T21:29:43","modified_gmt":"2026-04-25T00:29:43","slug":"memoria-netac-shadow-white-8gb-ddr4-3200mhz","status":"publish","type":"product","link":"https:\/\/bonomosistemas.com.ar\/site\/producto\/memoria-netac-shadow-white-8gb-ddr4-3200mhz\/","title":{"rendered":"Memoria Netac Shadow White 8GB DDR4 3200Mhz"},"content":{"rendered":"<ul>\n<li class=\"mb-0\"><b>Marca: <\/b>Netac<\/li>\n<li class=\"mb-0\"><b>Modelo:<\/b>NTSSD4P32SP-08W<\/li>\n<li class=\"mb-0\"><b>L\u00ednea: <\/b>Shadow White<\/li>\n<li class=\"mb-0\"><b>Tipo: <\/b>DDR4<\/li>\n<li class=\"mb-0\"><b>Latencia: <\/b>16<\/li>\n<li class=\"mb-0\"><b>Voltaje: <\/b>1.35V<\/li>\n<li class=\"mb-0\"><b>Capacidad: <\/b>8 GB<\/li>\n<li class=\"mb-0\"><b>Velocidad: <\/b>3200 MHz<\/li>\n<li class=\"mb-0\"><b>Aplicaci\u00f3n: <\/b>PC<\/li>\n<li class=\"mb-0\"><b>Disipador: <\/b>Si<\/li>\n<li class=\"mb-0\"><b>Iluminaci\u00f3n: <\/b>No<\/li>\n<\/ul>\n","protected":false},"excerpt":{"rendered":"<p>Marca: Netac Modelo:NTSSD4P32SP-08W L\u00ednea: Shadow White Tipo: DDR4 Latencia: 16 Voltaje: 1.35V Capacidad: 8 GB Velocidad: 3200 MHz Aplicaci\u00f3n: PC Disipador: Si Iluminaci\u00f3n: No<\/p>\n","protected":false},"featured_media":3764,"comment_status":"open","ping_status":"closed","template":"","meta":{"_et_pb_use_builder":"","_et_pb_old_content":"","_et_gb_content_width":""},"product_brand":[],"product_cat":[62],"product_tag":[126,124,420,125],"class_list":{"0":"post-3763","1":"product","2":"type-product","3":"status-publish","4":"has-post-thumbnail","6":"product_cat-memorias-ram","7":"product_tag-ddr4","8":"product_tag-memoria","9":"product_tag-netac","10":"product_tag-ram","12":"first","13":"instock","14":"shipping-taxable","15":"purchasable","16":"product-type-simple"},"_links":{"self":[{"href":"https:\/\/bonomosistemas.com.ar\/site\/wp-json\/wp\/v2\/product\/3763","targetHints":{"allow":["GET"]}}],"collection":[{"href":"https:\/\/bonomosistemas.com.ar\/site\/wp-json\/wp\/v2\/product"}],"about":[{"href":"https:\/\/bonomosistemas.com.ar\/site\/wp-json\/wp\/v2\/types\/product"}],"replies":[{"embeddable":true,"href":"https:\/\/bonomosistemas.com.ar\/site\/wp-json\/wp\/v2\/comments?post=3763"}],"wp:featuredmedia":[{"embeddable":true,"href":"https:\/\/bonomosistemas.com.ar\/site\/wp-json\/wp\/v2\/media\/3764"}],"wp:attachment":[{"href":"https:\/\/bonomosistemas.com.ar\/site\/wp-json\/wp\/v2\/media?parent=3763"}],"wp:term":[{"taxonomy":"product_brand","embeddable":true,"href":"https:\/\/bonomosistemas.com.ar\/site\/wp-json\/wp\/v2\/product_brand?post=3763"},{"taxonomy":"product_cat","embeddable":true,"href":"https:\/\/bonomosistemas.com.ar\/site\/wp-json\/wp\/v2\/product_cat?post=3763"},{"taxonomy":"product_tag","embeddable":true,"href":"https:\/\/bonomosistemas.com.ar\/site\/wp-json\/wp\/v2\/product_tag?post=3763"}],"curies":[{"name":"wp","href":"https:\/\/api.w.org\/{rel}","templated":true}]}}