{"id":3800,"date":"2025-11-10T20:15:27","date_gmt":"2025-11-10T23:15:27","guid":{"rendered":"https:\/\/bonomosistemas.com.ar\/site\/?post_type=product&#038;p=3800"},"modified":"2026-01-26T19:48:46","modified_gmt":"2026-01-26T22:48:46","slug":"extensor-de-rango-wifi-tp-link-re200","status":"publish","type":"product","link":"https:\/\/bonomosistemas.com.ar\/site\/producto\/extensor-de-rango-wifi-tp-link-re200\/","title":{"rendered":"Extensor de Rango Wifi TP-Link RE200"},"content":{"rendered":"<p><strong>CARACTER\u00cdSTICAS DE HARDWARE<\/strong><\/p>\n<ul>\n<li><strong>Interfaz:<\/strong> 1 puerto Ethernet 10\/100Mbps (RJ45)<\/li>\n<li><strong>Botones:<\/strong> Bot\u00f3n RE (Range Extender), Bot\u00f3n de Reset<\/li>\n<li><strong>Consumo de Potencia:<\/strong> Unos 6.5W<\/li>\n<li><strong>Est\u00e1ndares Inal\u00e1mbricos:<\/strong> IEEE802.11ac, IEEE 802.11n, IEEE 802.11g, IEEE 802.11b<\/li>\n<li><strong>Dimensiones:<\/strong> 110.0 x 65.8 x 75.2mm (4.3x 2.6 x 3.0in)<\/li>\n<li><strong>Antenas:<\/strong> 3 internas<\/li>\n<\/ul>\n<p><strong>CARACTER\u00cdSTICAS INAL\u00c1MBRICAS<\/strong><\/p>\n<ul>\n<li><strong>Frecuencia:<\/strong> 2.4Ghz &amp; 5Ghz<\/li>\n<li><strong>Tasa de Se\u00f1al:<\/strong>\n<ul>\n<li style=\"list-style-type: none;\">\n<ul>\n<li style=\"list-style-type: none;\">\n<ul>\n<li>5Ghz: Hasta 433Mbps<\/li>\n<\/ul>\n<\/li>\n<\/ul>\n<\/li>\n<li>2.4Ghz: Hasta 300Mbps<\/li>\n<\/ul>\n<\/li>\n<li><strong>Sensibilidad de Recepci\u00f3n:<\/strong>\n<ul>\n<li>2.4G:\n<ul>\n<li>270M: -70dBm@10% PER<\/li>\n<li>130M: -70dBm@10% PER<\/li>\n<li>108M: -73dBm@10% PER<\/li>\n<li>54M: -75dBm@10% PER<\/li>\n<li>11M: -86dBm@8% PER<\/li>\n<li>6M: -92dBm@10% PER<\/li>\n<li>1M: -94dBm@8% PER<\/li>\n<\/ul>\n<\/li>\n<li>5G:\n<ul>\n<li>390M: -60dBm@10% PER<\/li>\n<li>29.3M: -83dBm@10% PER<\/li>\n<li>180M: -64dBm@10% PER<\/li>\n<li>13.5M: -87dBm@10% PER<\/li>\n<li>78M: -68dBm@10% PER<\/li>\n<li>6.5M: -90dBm@10% PER<\/li>\n<li>54M: -75dBm@10% PER<\/li>\n<li>6M\uff1a-90dBm@10% PER<\/li>\n<\/ul>\n<\/li>\n<\/ul>\n<\/li>\n<li><strong>Potencia de Transmisi\u00f3n:<\/strong> &lt; 20 dBm (EIRP)<\/li>\n<li><strong>Modos Inal\u00e1mbricos:<\/strong> Extensor de rango \/ punto de acceso<\/li>\n<li><strong>Funciones Inal\u00e1mbricas:<\/strong>\n<ul>\n<li>WMM (Wi-Fi Multimedia)<\/li>\n<li>Estad\u00edsticas inal\u00e1mbricas<\/li>\n<li>Funci\u00f3n Login por Dominio<\/li>\n<\/ul>\n<\/li>\n<li><strong>Seguridad Inal\u00e1mbrica:<\/strong>\n<ul>\n<li>WEP 64\/128\/152-bit<\/li>\n<li>WPA-PSK \/ WPA2-PSK<\/li>\n<\/ul>\n<\/li>\n<li><strong>Tecnolog\u00eda Mesh:<\/strong> Easy Mesh<\/li>\n<\/ul>\n","protected":false},"excerpt":{"rendered":"<ul>\n<li>Aumenta la se\u00f1al inal\u00e1mbrica a \u00e1reas previamente inalcanzables o dif\u00edciles de cablear sin problemas<\/li>\n<li>Compatible con dispositivos Wi-Fi 802.11 b \/ g \/ ny 802.11ac<\/li>\n<li>Velocidades de doble banda de hasta 750 Mbps<\/li>\n<li>El tama\u00f1o en miniatura y el dise\u00f1o montado en la pared facilitan el despliegue y el movimiento de forma flexible<\/li>\n<li>El puerto Ethernet permite que el extensor funcione como un adaptador inal\u00e1mbrico para conectar dispositivos cableados<\/li>\n<\/ul>\n","protected":false},"featured_media":3801,"comment_status":"open","ping_status":"closed","template":"","meta":{"_et_pb_use_builder":"off","_et_pb_old_content":"<strong>CARACTER\u00cdSTICAS DE HARDWARE<\/strong>\r\n<ul>\r\n \t<li><strong>Interface:<\/strong> 1 10\/100Mbps RJ45 Port \/ 1 RJ11 Port<\/li>\r\n \t<li><strong>Bot\u00f3n:<\/strong> 1 Power On\/Off Switch<\/li>\r\n \t<li><strong>Fuente de alimentaci\u00f3n externa:<\/strong> 5VDC\/1A<\/li>\r\n \t<li><strong>Est\u00e1ndar IEEE:<\/strong> IEEE 802.3, 802.3u<\/li>\r\n \t<li><strong>Est\u00e1ndares ADSL:<\/strong>\r\n<ul>\r\n \t<li>Full-rate ANSI T1.413 Issue 2, ITU-T G.992.1(G.DMT), ITU-T G.992.2(G.Lite)<\/li>\r\n \t<li>ITU-T G.994.1 (G.hs), ITU-T G.995.1 , ITU-T G.996.1, ITU-T G.997.1, ITU-T K.2.1<\/li>\r\n<\/ul>\r\n<\/li>\r\n \t<li><strong>Est\u00e1ndares ADSL2:<\/strong>\r\n<ul>\r\n \t<li>ITU-T G.992.3 (G.dmt.bis), ITU-T G.992.4 (G.lite.bis)<\/li>\r\n<\/ul>\r\n<\/li>\r\n \t<li><strong>Est\u00e1ndares ADSL2+:<\/strong>\r\n<ul>\r\n \t<li>ITU-T G.992.5<\/li>\r\n<\/ul>\r\n<\/li>\r\n \t<li><strong>Dimensiones (An x Pr x Al):<\/strong> 5.5*3.6*1.1 in.(140*92*29mm)<\/li>\r\n<\/ul>\r\n<strong>FUNCIONES DE SOFTWARE<\/strong>\r\n<ul>\r\n \t<li><strong>Calidad de servicio:<\/strong> QoS Remarking based on IPP\/ToS, DSCP and 802.1p<\/li>\r\n \t<li><strong>Seguridad:<\/strong> NAT Firewall, MAC \/IP \/URL Filtering<\/li>\r\n \t<li><strong>IPv6:<\/strong>\r\n<ul>\r\n \t<li>IPv6 and IPv4 dual stack<\/li>\r\n \t<li>Supported IPv6 Tunnels: DS-Lite, 6RD, 6 to 4<\/li>\r\n \t<li>Supported IPv6 Connection Type: PPPoEv6, DHCPv6, Static IPv6<\/li>\r\n<\/ul>\r\n<\/li>\r\n \t<li><strong>Gesti\u00f3n:<\/strong> Web Based Configuration(HTTP), Remote management, Telnet management, SNMP v1\/2c, Web Based Firmware Upgrade, Diagnostic Tools<\/li>\r\n \t<li><strong>Reenv\u00edo de puertos:<\/strong> Virtual server, DMZ, ACL(Access Control List)<\/li>\r\n \t<li><strong>Paso de VPN:<\/strong> PPTP, L2TP, IPSec Pass-through<\/li>\r\n \t<li><strong>Protocolos ATM \/ PPP:<\/strong>\r\n<ul>\r\n \t<li>ATM Forum UNI3.1\/4.0,<\/li>\r\n \t<li>PPP over ATM (RFC 2364),<\/li>\r\n \t<li>PPP over Ethernet (RFC2516),<\/li>\r\n \t<li>IPoA (RFC1577\/2225),<\/li>\r\n \t<li>PVC - Up to 8 PVCs,<\/li>\r\n<\/ul>\r\n<\/li>\r\n \t<li><strong>Caracter\u00edsticas avanzadas:<\/strong>\r\n<ul>\r\n \t<li>Traffic Shaping(ATM QoS) UBR, CBR, VBR-rt, VBR-nrt;<\/li>\r\n \t<li>Dynamic Host Configuration Protocol (DHCP), DHCP relay;<\/li>\r\n \t<li>Network Address Translation (NAT);<\/li>\r\n \t<li>Static Routing, RIP v1\/v2 (optional);<\/li>\r\n \t<li>DNS Relay, DDNS<\/li>\r\n \t<li>IGMP Multicast, UPnP<\/li>\r\n<\/ul>\r\n<\/li>\r\n<\/ul>","_et_gb_content_width":""},"product_brand":[],"product_cat":[48],"product_tag":[186,182,187],"class_list":{"0":"post-3800","1":"product","2":"type-product","3":"status-publish","4":"has-post-thumbnail","6":"product_cat-routers-y-repetidores","7":"product_tag-extensor","8":"product_tag-tp-link","9":"product_tag-wifi","11":"first","12":"instock","13":"shipping-taxable","14":"purchasable","15":"product-type-simple"},"_links":{"self":[{"href":"https:\/\/bonomosistemas.com.ar\/site\/wp-json\/wp\/v2\/product\/3800","targetHints":{"allow":["GET"]}}],"collection":[{"href":"https:\/\/bonomosistemas.com.ar\/site\/wp-json\/wp\/v2\/product"}],"about":[{"href":"https:\/\/bonomosistemas.com.ar\/site\/wp-json\/wp\/v2\/types\/product"}],"replies":[{"embeddable":true,"href":"https:\/\/bonomosistemas.com.ar\/site\/wp-json\/wp\/v2\/comments?post=3800"}],"wp:featuredmedia":[{"embeddable":true,"href":"https:\/\/bonomosistemas.com.ar\/site\/wp-json\/wp\/v2\/media\/3801"}],"wp:attachment":[{"href":"https:\/\/bonomosistemas.com.ar\/site\/wp-json\/wp\/v2\/media?parent=3800"}],"wp:term":[{"taxonomy":"product_brand","embeddable":true,"href":"https:\/\/bonomosistemas.com.ar\/site\/wp-json\/wp\/v2\/product_brand?post=3800"},{"taxonomy":"product_cat","embeddable":true,"href":"https:\/\/bonomosistemas.com.ar\/site\/wp-json\/wp\/v2\/product_cat?post=3800"},{"taxonomy":"product_tag","embeddable":true,"href":"https:\/\/bonomosistemas.com.ar\/site\/wp-json\/wp\/v2\/product_tag?post=3800"}],"curies":[{"name":"wp","href":"https:\/\/api.w.org\/{rel}","templated":true}]}}