{"id":3830,"date":"2025-12-05T21:32:43","date_gmt":"2025-12-06T00:32:43","guid":{"rendered":"https:\/\/bonomosistemas.com.ar\/site\/?post_type=product&#038;p=3830"},"modified":"2026-02-28T21:47:27","modified_gmt":"2026-03-01T00:47:27","slug":"auriculares-netmak-melow","status":"publish","type":"product","link":"https:\/\/bonomosistemas.com.ar\/site\/producto\/auriculares-netmak-melow\/","title":{"rendered":"Auriculares Netmak Melow"},"content":{"rendered":"<div><strong><span style=\"color: #424242;\">Especificaciones:<\/span><\/strong><\/div>\n<ul>\n<li><span style=\"color: #424242;\">Conexi\u00f3n BT 5.3<\/span><\/li>\n<li><span style=\"color: #424242;\">Manos libres<\/span><\/li>\n<li><span style=\"color: #424242;\">Sistema con bot\u00f3n t\u00e1ctil<\/span><\/li>\n<li><span style=\"color: #424242;\">Indicador de carga<\/span><\/li>\n<li><span style=\"color: #424242;\">Tiempo de uso: 3hs aprox<\/span><\/li>\n<li><span style=\"color: #424242;\">Alcance de 10m<\/span><\/li>\n<li><span style=\"color: #424242;\">Capacidad de bater\u00eda 300mAh<\/span><\/li>\n<li><span style=\"color: #424242;\">Sonido envolvente<\/span><\/li>\n<\/ul>\n","protected":false},"excerpt":{"rendered":"<p>Especificaciones: Conexi\u00f3n BT 5.3 Manos libres Sistema con bot\u00f3n t\u00e1ctil Indicador de carga Tiempo de uso: 3hs aprox Alcance de 10m Capacidad de bater\u00eda 300mAh Sonido envolvente<\/p>\n","protected":false},"featured_media":3831,"comment_status":"closed","ping_status":"closed","template":"","meta":{"_et_pb_use_builder":"","_et_pb_old_content":"","_et_gb_content_width":""},"product_brand":[],"product_cat":[80],"product_tag":[265,134,174],"class_list":{"0":"post-3830","1":"product","2":"type-product","3":"status-publish","4":"has-post-thumbnail","6":"product_cat-auriculares","7":"product_tag-audio","8":"product_tag-auriculares","9":"product_tag-netmak","11":"first","12":"instock","13":"shipping-taxable","14":"purchasable","15":"product-type-simple"},"_links":{"self":[{"href":"https:\/\/bonomosistemas.com.ar\/site\/wp-json\/wp\/v2\/product\/3830","targetHints":{"allow":["GET"]}}],"collection":[{"href":"https:\/\/bonomosistemas.com.ar\/site\/wp-json\/wp\/v2\/product"}],"about":[{"href":"https:\/\/bonomosistemas.com.ar\/site\/wp-json\/wp\/v2\/types\/product"}],"replies":[{"embeddable":true,"href":"https:\/\/bonomosistemas.com.ar\/site\/wp-json\/wp\/v2\/comments?post=3830"}],"wp:featuredmedia":[{"embeddable":true,"href":"https:\/\/bonomosistemas.com.ar\/site\/wp-json\/wp\/v2\/media\/3831"}],"wp:attachment":[{"href":"https:\/\/bonomosistemas.com.ar\/site\/wp-json\/wp\/v2\/media?parent=3830"}],"wp:term":[{"taxonomy":"product_brand","embeddable":true,"href":"https:\/\/bonomosistemas.com.ar\/site\/wp-json\/wp\/v2\/product_brand?post=3830"},{"taxonomy":"product_cat","embeddable":true,"href":"https:\/\/bonomosistemas.com.ar\/site\/wp-json\/wp\/v2\/product_cat?post=3830"},{"taxonomy":"product_tag","embeddable":true,"href":"https:\/\/bonomosistemas.com.ar\/site\/wp-json\/wp\/v2\/product_tag?post=3830"}],"curies":[{"name":"wp","href":"https:\/\/api.w.org\/{rel}","templated":true}]}}