{"id":3840,"date":"2025-12-07T20:51:01","date_gmt":"2025-12-07T23:51:01","guid":{"rendered":"https:\/\/bonomosistemas.com.ar\/site\/?post_type=product&#038;p=3840"},"modified":"2025-12-15T21:04:40","modified_gmt":"2025-12-16T00:04:40","slug":"monitor-led-24-samsung-ls24d300","status":"publish","type":"product","link":"https:\/\/bonomosistemas.com.ar\/site\/producto\/monitor-led-24-samsung-ls24d300\/","title":{"rendered":"Monitor LED 24&#8243; Samsung LS24D300"},"content":{"rendered":"<ul>\n<li><strong>Interfaz:<\/strong> 1 HDMI &#8211; 1 VGA<\/li>\n<li><strong>Tama\u00f1o de pantalla:<\/strong> LED 24&#8243; (pulgadas)<\/li>\n<li><strong>Resoluci\u00f3n:<\/strong> 1920 x 1080<\/li>\n<li><strong>Velocidad de actualizaci\u00f3n:<\/strong> 100 Hz<\/li>\n<li><strong>Tiempo respuesta:<\/strong> 5Ms<\/li>\n<li><strong>Tipo de panel:<\/strong> IPS<\/li>\n<li><strong>\u00c1ngulo de visi\u00f3n (H\/V):<\/strong> 178\u00b0\/178\u00b0<\/li>\n<li><strong>Entrada de audio:<\/strong> No<\/li>\n<li><strong>Parlantes:<\/strong> No<\/li>\n<li><strong>Inclinaci\u00f3n:<\/strong> -2 ~ 21<\/li>\n<li>Montable en la pared VESA 100 x 100 mm<\/li>\n<li><strong>Dimensiones (ancho x alto x prof.):<\/strong> Con soporte: 540.7 x 428.5 x 175.1 mm \/ Sin soporte 540.7 x 320.4 x 36.2 mm<\/li>\n<\/ul>\n","protected":false},"excerpt":{"rendered":"<ul>\n<li class=\"feature-benefit__sub-title contrast-target\" data-font-size-mo=\"16\" data-font-size-pc=\"28\"><strong>Panel IPS:<\/strong> Disfrut\u00e1 colores impactantes en toda la pantalla gracias al panel IPS. Los colores se mantienen brillantes y claros incluso cuando cambi\u00e1s el \u00e1ngulo de visi\u00f3n. Los tonos y matices se representan de manera consistente y atractiva, con menos p\u00e9rdida de color.<\/li>\n<li class=\"feature-benefit__sub-title contrast-target\" data-font-size-mo=\"16\" data-font-size-pc=\"28\"><strong>Tasa de refresco de 100Hz: <\/strong>Segu\u00ed en la acci\u00f3n mientras jug\u00e1s, mir\u00e1s videos o trabaj\u00e1s en proyectos creativos. La tasa de refresco de 100Hz reduce el lag y el desenfoque de movimiento para que no te pierdas nada en los momentos m\u00e1s r\u00e1pidos.<\/li>\n<li class=\"feature-benefit__sub-title contrast-target\" data-font-size-mo=\"16\" data-font-size-pc=\"28\"><strong>Modo Juego: <\/strong>Obt\u00e9n una ventaja competitiva con ajustes de juego optimizables. El color y el contraste de la imagen se pueden ajustar al instante para ver las escenas con mayor claridad y detectar a los enemigos que se esconden en la oscuridad, mientras que el Modo Juego ajusta cualquier juego para llenar la pantalla con todos los detalles a la vista.<\/li>\n<li class=\"feature-benefit__sub-title contrast-target\" data-font-size-mo=\"16\" data-font-size-pc=\"28\"><strong>Modo Eye Saver y menos parpadeo en pantalla:<\/strong> Proteg\u00e9 tu visi\u00f3n y mantenete c\u00f3modo incluso en sesiones largas. Concentrate en tu trabajo con menos luz azul y menos parpadeo.<\/li>\n<\/ul>\n","protected":false},"featured_media":3841,"comment_status":"open","ping_status":"closed","template":"","meta":{"_et_pb_use_builder":"","_et_pb_old_content":"","_et_gb_content_width":""},"product_brand":[],"product_cat":[411,70],"product_tag":[177,179],"class_list":{"0":"post-3840","1":"product","2":"type-product","3":"status-publish","4":"has-post-thumbnail","6":"product_cat-dia-del-nino","7":"product_cat-monitores-y-tv","8":"product_tag-monitor","9":"product_tag-samsung","11":"first","12":"instock","13":"shipping-taxable","14":"purchasable","15":"product-type-simple"},"_links":{"self":[{"href":"https:\/\/bonomosistemas.com.ar\/site\/wp-json\/wp\/v2\/product\/3840","targetHints":{"allow":["GET"]}}],"collection":[{"href":"https:\/\/bonomosistemas.com.ar\/site\/wp-json\/wp\/v2\/product"}],"about":[{"href":"https:\/\/bonomosistemas.com.ar\/site\/wp-json\/wp\/v2\/types\/product"}],"replies":[{"embeddable":true,"href":"https:\/\/bonomosistemas.com.ar\/site\/wp-json\/wp\/v2\/comments?post=3840"}],"wp:featuredmedia":[{"embeddable":true,"href":"https:\/\/bonomosistemas.com.ar\/site\/wp-json\/wp\/v2\/media\/3841"}],"wp:attachment":[{"href":"https:\/\/bonomosistemas.com.ar\/site\/wp-json\/wp\/v2\/media?parent=3840"}],"wp:term":[{"taxonomy":"product_brand","embeddable":true,"href":"https:\/\/bonomosistemas.com.ar\/site\/wp-json\/wp\/v2\/product_brand?post=3840"},{"taxonomy":"product_cat","embeddable":true,"href":"https:\/\/bonomosistemas.com.ar\/site\/wp-json\/wp\/v2\/product_cat?post=3840"},{"taxonomy":"product_tag","embeddable":true,"href":"https:\/\/bonomosistemas.com.ar\/site\/wp-json\/wp\/v2\/product_tag?post=3840"}],"curies":[{"name":"wp","href":"https:\/\/api.w.org\/{rel}","templated":true}]}}