{"id":3865,"date":"2025-12-14T18:10:10","date_gmt":"2025-12-14T21:10:10","guid":{"rendered":"https:\/\/bonomosistemas.com.ar\/site\/?post_type=product&#038;p=3865"},"modified":"2026-01-22T19:46:21","modified_gmt":"2026-01-22T22:46:21","slug":"motherboard-msi-b550m-a-pro","status":"publish","type":"product","link":"https:\/\/bonomosistemas.com.ar\/site\/producto\/motherboard-msi-b550m-a-pro\/","title":{"rendered":"Motherboard MSI B550M-A Pro"},"content":{"rendered":"<div class=\"col-lg-6 pl-0 pull-left\">\n<ul>\n<li><b>Marca: <\/b>MSI<\/li>\n<li><b>Modelo: <\/b>B550M-A Pro<\/li>\n<li><b>Socket: <\/b>AM4<\/li>\n<li><b>Chipset: <\/b>AMD B550<\/li>\n<li><b>Memoria:\u00a0<\/b>\n<ul>\n<li>Soporta DDR4 1866\/ 2133\/ 2400\/ 2667\/ 2800\/ 2933\/ 3000\/ 3066\/ 3200 MHz por JEDEC<\/li>\n<li>Soporta DDR4 2667\/ 2800 \/2933 \/3000 \/3066 \/3200 \/3466 \/3600\/ 3733 \/3866 \/4000 \/4133 \/4266 \/4400\/ 4600+ MHz por A-XMP MODO OC<\/li>\n<\/ul>\n<\/li>\n<li><strong>PCI-E x16:<\/strong> 1<\/li>\n<li><b>PCI-E x1: <\/b>1<\/li>\n<li><b>PCI: <\/b>0<\/li>\n<li><strong>M.2: <\/strong>1 (M key, type 2242 \/ 2260 \/ 2280 PCIe 3.0\/4.0 SSD support)<\/li>\n<li><b>VGA: <\/b>No<\/li>\n<li><b>DVI: 1<\/b><\/li>\n<li><b>HDMI: <\/b>1<\/li>\n<li><b>DisplayPort: <\/b>No<\/li>\n<li><b>Sonido: <\/b>Realtek High Definition Audio (2\/4\/5.1\/7.1 canales)<\/li>\n<li><b>Red: <\/b>Realtek GbE LAN chip (1 Gbps\/100 Mbps)<\/li>\n<li><b>PS2: <\/b>2<\/li>\n<li><b>USB Traseros: <\/b>6 ( 4 x 3.2 Gen 1 + 2\u00a0x 2.0 )<\/li>\n<li><b>USB Internos: <\/b>6 ( 2 x 3.2 Gen 1 + 4 x 2.0 )<\/li>\n<li><b>WIFI: <\/b>No<\/li>\n<li><b>Bluetooth: <\/b>No<\/li>\n<li><b>Iluminaci\u00f3n: <\/b>No<\/li>\n<li><b>Sata: <\/b>4 x SATA 6Gb\/s<\/li>\n<li><b>Raid:\u00a0<\/b>\n<ul>\n<li>Soporta RAID 0, RAID 1 y RAID 10 para dispositivos de almacenamiento SATA<\/li>\n<li>Soporta RAID 0 y RAID 1 para dispositivos de almacenamiento M.2 NVMe<\/li>\n<\/ul>\n<\/li>\n<li><b>Formato: <\/b>Micro ATX; 23,6 cm x 20 cm<\/li>\n<\/ul>\n<\/div>\n","protected":false},"excerpt":{"rendered":"<p>La Serie PRO ayuda a los usuarios a trabajar de manera m\u00e1s inteligente, al ofrecer una experiencia eficiente y productiva. Con una funcionalidad estable y una construcci\u00f3n de alta calidad, las placas madre Serie PRO optimizan las tareas profesionales con menos inconvenientes y m\u00e1s durabilidad.<\/p>\n","protected":false},"featured_media":3866,"comment_status":"open","ping_status":"closed","template":"","meta":{"_et_pb_use_builder":"","_et_pb_old_content":"","_et_gb_content_width":""},"product_brand":[],"product_cat":[411,71],"product_tag":[109,165,166,201],"class_list":{"0":"post-3865","1":"product","2":"type-product","3":"status-publish","4":"has-post-thumbnail","6":"product_cat-dia-del-nino","7":"product_cat-motherboards","8":"product_tag-amd","9":"product_tag-mother","10":"product_tag-motherboard","11":"product_tag-msi","13":"first","14":"instock","15":"shipping-taxable","16":"purchasable","17":"product-type-simple"},"_links":{"self":[{"href":"https:\/\/bonomosistemas.com.ar\/site\/wp-json\/wp\/v2\/product\/3865","targetHints":{"allow":["GET"]}}],"collection":[{"href":"https:\/\/bonomosistemas.com.ar\/site\/wp-json\/wp\/v2\/product"}],"about":[{"href":"https:\/\/bonomosistemas.com.ar\/site\/wp-json\/wp\/v2\/types\/product"}],"replies":[{"embeddable":true,"href":"https:\/\/bonomosistemas.com.ar\/site\/wp-json\/wp\/v2\/comments?post=3865"}],"wp:featuredmedia":[{"embeddable":true,"href":"https:\/\/bonomosistemas.com.ar\/site\/wp-json\/wp\/v2\/media\/3866"}],"wp:attachment":[{"href":"https:\/\/bonomosistemas.com.ar\/site\/wp-json\/wp\/v2\/media?parent=3865"}],"wp:term":[{"taxonomy":"product_brand","embeddable":true,"href":"https:\/\/bonomosistemas.com.ar\/site\/wp-json\/wp\/v2\/product_brand?post=3865"},{"taxonomy":"product_cat","embeddable":true,"href":"https:\/\/bonomosistemas.com.ar\/site\/wp-json\/wp\/v2\/product_cat?post=3865"},{"taxonomy":"product_tag","embeddable":true,"href":"https:\/\/bonomosistemas.com.ar\/site\/wp-json\/wp\/v2\/product_tag?post=3865"}],"curies":[{"name":"wp","href":"https:\/\/api.w.org\/{rel}","templated":true}]}}