{"id":3894,"date":"2026-01-13T12:32:49","date_gmt":"2026-01-13T15:32:49","guid":{"rendered":"https:\/\/bonomosistemas.com.ar\/site\/?post_type=product&#038;p=3894"},"modified":"2026-02-28T21:59:17","modified_gmt":"2026-03-01T00:59:17","slug":"gabinete-silverstone-fara-513-sin-fuente","status":"publish","type":"product","link":"https:\/\/bonomosistemas.com.ar\/site\/producto\/gabinete-silverstone-fara-513-sin-fuente\/","title":{"rendered":"Gabinete Silverstone FARA 513 sin fuente"},"content":{"rendered":"<ul>\n<li><strong>Modelo:<\/strong> FARA 513<\/li>\n<li><strong>Materiales:<\/strong> Acero, Pl\u00e1stico<\/li>\n<li><strong>Fuente:<\/strong> N\/A<\/li>\n<li><strong>Soporta motherboards:<\/strong> ATX \/ Micro ATX \/ ITX<\/li>\n<li><strong>Puertos de Expansi\u00f3n:<\/strong> 7<\/li>\n<li><strong>Bah\u00edas:<\/strong> 1 x 5,25&#8243;, 2 x 3,5\u201d, 4 x 2,5&#8243;<\/li>\n<li><strong>Panel Frontal:<\/strong> 1x USB 2.0, 2x USB 3.0, 1 Audio Combinado, Boton Power<\/li>\n<li><strong>Coolers Pre instalados:<\/strong> 1 x 120mm Trasero.<\/li>\n<li><strong>Cantidad m\u00e1xima para coolers:<\/strong> 5 (2 frontales, 2 laterales, 1 posterior)<\/li>\n<li><strong>Soporte Watercooling:<\/strong> Si (Frente: 120mm \/ 140mm \/ 240mm \/ 280mm, Trasera: 120mm)<\/li>\n<li><strong>Altura m\u00e1xima CPU Cooler:<\/strong> 161,5 mm<\/li>\n<li><strong>Largo m\u00e1ximo GPU:<\/strong> 390 mm<\/li>\n<li><strong>Dimensiones:<\/strong> Alto 425mm, Ancho 204mm, Largo 438,3mm<\/li>\n<\/ul>\n","protected":false},"excerpt":{"rendered":"<ul class=\"list-unstyled\">\n<li>Est\u00e9tica modesta con dise\u00f1o de panel frontal de rejilla perforada de gran tama\u00f1o.<\/li>\n<li>Excelente potencial de refrigeraci\u00f3n con soporte para disipador de 280mm<\/li>\n<li>Opciones de almacenamiento altamente flexibles para dispositivos 5,25\u201d, 3,5\u201d y 2,5\u201d<\/li>\n<li>E\/S frontal incluye USB 3.0 x 2, USB 2.0 x 1, combo de audio x 1 (SST-FA513-B)<\/li>\n<li>Excelente potencial de refrigeraci\u00f3n activa<\/li>\n<\/ul>\n","protected":false},"featured_media":3897,"comment_status":"open","ping_status":"closed","template":"","meta":{"_et_pb_use_builder":"","_et_pb_old_content":"","_et_gb_content_width":""},"product_brand":[],"product_cat":[38],"product_tag":[158,428],"class_list":{"0":"post-3894","1":"product","2":"type-product","3":"status-publish","4":"has-post-thumbnail","6":"product_cat-gabinetes","7":"product_tag-gabinete","8":"product_tag-silverstone","10":"first","11":"instock","12":"shipping-taxable","13":"purchasable","14":"product-type-simple"},"_links":{"self":[{"href":"https:\/\/bonomosistemas.com.ar\/site\/wp-json\/wp\/v2\/product\/3894","targetHints":{"allow":["GET"]}}],"collection":[{"href":"https:\/\/bonomosistemas.com.ar\/site\/wp-json\/wp\/v2\/product"}],"about":[{"href":"https:\/\/bonomosistemas.com.ar\/site\/wp-json\/wp\/v2\/types\/product"}],"replies":[{"embeddable":true,"href":"https:\/\/bonomosistemas.com.ar\/site\/wp-json\/wp\/v2\/comments?post=3894"}],"wp:featuredmedia":[{"embeddable":true,"href":"https:\/\/bonomosistemas.com.ar\/site\/wp-json\/wp\/v2\/media\/3897"}],"wp:attachment":[{"href":"https:\/\/bonomosistemas.com.ar\/site\/wp-json\/wp\/v2\/media?parent=3894"}],"wp:term":[{"taxonomy":"product_brand","embeddable":true,"href":"https:\/\/bonomosistemas.com.ar\/site\/wp-json\/wp\/v2\/product_brand?post=3894"},{"taxonomy":"product_cat","embeddable":true,"href":"https:\/\/bonomosistemas.com.ar\/site\/wp-json\/wp\/v2\/product_cat?post=3894"},{"taxonomy":"product_tag","embeddable":true,"href":"https:\/\/bonomosistemas.com.ar\/site\/wp-json\/wp\/v2\/product_tag?post=3894"}],"curies":[{"name":"wp","href":"https:\/\/api.w.org\/{rel}","templated":true}]}}