{"id":3909,"date":"2026-01-13T14:33:42","date_gmt":"2026-01-13T17:33:42","guid":{"rendered":"https:\/\/bonomosistemas.com.ar\/site\/?post_type=product&#038;p=3909"},"modified":"2026-01-13T14:40:37","modified_gmt":"2026-01-13T17:40:37","slug":"placa-de-red-pci-e-gigabit-tp-link-tg-3468","status":"publish","type":"product","link":"https:\/\/bonomosistemas.com.ar\/site\/producto\/placa-de-red-pci-e-gigabit-tp-link-tg-3468\/","title":{"rendered":"Placa de Red PCI-E Gigabit TP-Link TG-3468"},"content":{"rendered":"<p><strong>CARACTER\u00cdSTICAS DE HARDWARE<\/strong><\/p>\n<ul>\n<li><strong>Est\u00e1ndares y Protocolos:<\/strong> IEEE 802.3, 802.3u, 802.3ab, 802.3x, 802.1Q, 802.1p CSMA \/ CD, TCP \/ IP<\/li>\n<li><strong>Interfaz:<\/strong>\n<ul>\n<li>PCI Express de 32 bits<\/li>\n<li>1 puerto RJ45 a 10\/100\/1000 Mbps<\/li>\n<\/ul>\n<\/li>\n<li><strong>Medios de Red:<\/strong>\n<ul>\n<li>10BASE-T: cable UTP categor\u00eda 3, 4, 5 (100 metros m\u00e1ximo)<br \/>\nEIA\/TIA-568 100\u03a9 STP (m\u00e1ximo 100 m)<\/li>\n<li>100BASE-TX: cable UTP categor\u00edas 5, 5e (m\u00e1ximo 100 metros)<br \/>\nEIA\/TIA-568 100\u03a9 STP (m\u00e1ximo 100 m)<\/li>\n<li>1000Base-T: cables UTP categor\u00eda 5, 5e (m\u00e1ximo 100 metros)<\/li>\n<\/ul>\n<\/li>\n<li><strong>LED:<\/strong> Status<\/li>\n<li><strong>Est\u00e1ndares:<\/strong> IEEE802.3, IEEE802.3u, IEEE802.3ab, IEEE802.3x<\/li>\n<li><strong>Tasa de Transferencia:<\/strong>\n<ul>\n<li>10\/100\/1000Mbps for Half-Duplex mode,<\/li>\n<li>20\/200\/2000Mbps for Full-Duplex mode<\/li>\n<\/ul>\n<\/li>\n<li><strong>Indicador de LED:<\/strong> 1000 Mbps estado de enlace\/actividad, 100 Mbps enlace\/actividad, 10 Mbps enlace\/actividad<\/li>\n<li><strong>Dimensiones:<\/strong> 3.1 \u00d7 4.8 \u00d7 0.8 in (78.5 \u00d7 120.8 \u00d7 21.5mm)<\/li>\n<li><strong>Control De Flujo:<\/strong> Control de flujo IEEE 802.3x (Full-Duplex)<\/li>\n<\/ul>\n","protected":false},"excerpt":{"rendered":"<ul>\n<li>Adaptador PCIe a 10\/100\/1000 Mbps<\/li>\n<li>Interface PCIe de 32 bits: ahorro de espacio en interior del equipo<\/li>\n<li>Funci\u00f3n Wake-on-LAN, gesti\u00f3n remota a trav\u00e9s de la red local<\/li>\n<\/ul>\n","protected":false},"featured_media":3911,"comment_status":"open","ping_status":"closed","template":"","meta":{"_et_pb_use_builder":"","_et_pb_old_content":"","_et_gb_content_width":""},"product_brand":[],"product_cat":[46],"product_tag":[188,182],"class_list":{"0":"post-3909","1":"product","2":"type-product","3":"status-publish","4":"has-post-thumbnail","6":"product_cat-placas-de-red-internas","7":"product_tag-placa-de-red","8":"product_tag-tp-link","10":"first","11":"instock","12":"shipping-taxable","13":"purchasable","14":"product-type-simple"},"_links":{"self":[{"href":"https:\/\/bonomosistemas.com.ar\/site\/wp-json\/wp\/v2\/product\/3909","targetHints":{"allow":["GET"]}}],"collection":[{"href":"https:\/\/bonomosistemas.com.ar\/site\/wp-json\/wp\/v2\/product"}],"about":[{"href":"https:\/\/bonomosistemas.com.ar\/site\/wp-json\/wp\/v2\/types\/product"}],"replies":[{"embeddable":true,"href":"https:\/\/bonomosistemas.com.ar\/site\/wp-json\/wp\/v2\/comments?post=3909"}],"wp:featuredmedia":[{"embeddable":true,"href":"https:\/\/bonomosistemas.com.ar\/site\/wp-json\/wp\/v2\/media\/3911"}],"wp:attachment":[{"href":"https:\/\/bonomosistemas.com.ar\/site\/wp-json\/wp\/v2\/media?parent=3909"}],"wp:term":[{"taxonomy":"product_brand","embeddable":true,"href":"https:\/\/bonomosistemas.com.ar\/site\/wp-json\/wp\/v2\/product_brand?post=3909"},{"taxonomy":"product_cat","embeddable":true,"href":"https:\/\/bonomosistemas.com.ar\/site\/wp-json\/wp\/v2\/product_cat?post=3909"},{"taxonomy":"product_tag","embeddable":true,"href":"https:\/\/bonomosistemas.com.ar\/site\/wp-json\/wp\/v2\/product_tag?post=3909"}],"curies":[{"name":"wp","href":"https:\/\/api.w.org\/{rel}","templated":true}]}}