{"id":3933,"date":"2026-01-21T13:38:45","date_gmt":"2026-01-21T16:38:45","guid":{"rendered":"https:\/\/bonomosistemas.com.ar\/site\/?post_type=product&#038;p=3933"},"modified":"2026-01-21T13:46:04","modified_gmt":"2026-01-21T16:46:04","slug":"router-inalambrico-tp-link-archer-c24","status":"publish","type":"product","link":"https:\/\/bonomosistemas.com.ar\/site\/producto\/router-inalambrico-tp-link-archer-c24\/","title":{"rendered":"Router Inal\u00e1mbrico TP-Link Archer C24"},"content":{"rendered":"<p><strong>INAL\u00c1MBRICO<\/strong><\/p>\n<ul>\n<li><strong>Est\u00e1ndares: <\/strong>\n<ul>\n<li>IEEE 802.11ac\/n\/a 5 GHz<\/li>\n<li>IEEE 802.11n\/b\/g 2.4 GHz<\/li>\n<\/ul>\n<\/li>\n<li><strong>Velocidad WiFi:<\/strong>\n<ul>\n<li>2.4 GHz: 300 Mbps (802.11n)<\/li>\n<li>5 GHz: 433 Mbps (802.11ac)<\/li>\n<\/ul>\n<\/li>\n<li><strong>Rango WiFi:<\/strong> 4 antenas fijas. Varias antenas forman una matriz de refuerzo de se\u00f1al para cubrir m\u00e1s direcciones y \u00e1reas grandes<\/li>\n<li><strong>Modos de trabajo:<\/strong>\n<ul>\n<li>Modo Router<\/li>\n<li>Modo de Punto de acceso<\/li>\n<li>Modo extensor de rango<\/li>\n<\/ul>\n<\/li>\n<\/ul>\n<p><strong>HARDWARE<\/strong><\/p>\n<ul>\n<li><strong>Procesador:<\/strong> Single-Core CPU<\/li>\n<li><strong>Puertos ethernet:<\/strong>\n<ul>\n<li>1 puerto WAN de 10\/100 Mbps<\/li>\n<li>4 puertos LAN de 10\/100 Mbps<\/li>\n<\/ul>\n<\/li>\n<li><strong>Botones:<\/strong> WPS\/Reset Button<\/li>\n<li><strong>Energ\u00eda:<\/strong> 9 V \u2393 0.6 A<\/li>\n<\/ul>\n<p><strong>SEGURIDAD<\/strong><\/p>\n<ul>\n<li><strong>Cifrado WiFi:<\/strong>\n<ul>\n<li>WEP<\/li>\n<li>WPA<\/li>\n<li>WPA2<\/li>\n<li>WPA\/WPA2-Enterprise (802.1x)<\/li>\n<\/ul>\n<\/li>\n<li><strong>Seguridad de la red:<\/strong>\n<ul>\n<li>SPI Firewall<\/li>\n<li>Access Control<\/li>\n<li>IP &amp; MAC Binding<\/li>\n<li>Application Layer Gateway<\/li>\n<\/ul>\n<\/li>\n<li><strong>Red de invitados:<\/strong>\n<ul>\n<li>1\u00d7 2.4 GHz Guest Network<\/li>\n<li>1\u00d7 5 GHz Guest Network<\/li>\n<\/ul>\n<\/li>\n<\/ul>\n<p><strong>SOFTWARE<\/strong><\/p>\n<ul>\n<li><strong>Protocolos:<\/strong> IPv4 \/ IPv6<\/li>\n<li><strong>Controles parentales:<\/strong>\n<ul>\n<li>URL Filtering<\/li>\n<li>Time Controls<\/li>\n<\/ul>\n<\/li>\n<li><strong>Tipos de WAN:<\/strong>\n<ul>\n<li>Dynamic IP<\/li>\n<li>Static IP<\/li>\n<li>PPPoE<\/li>\n<li>PPTP<\/li>\n<li>L2TP<\/li>\n<\/ul>\n<\/li>\n<li><strong>Calidad de servicio:<\/strong>\n<ul>\n<li>QoS by Device<\/li>\n<\/ul>\n<\/li>\n<li><strong>NAT Forwarding:<\/strong>\n<ul>\n<li>Port Forwarding<\/li>\n<li>Port Triggering<\/li>\n<li>DMZ<\/li>\n<li>UPnP<\/li>\n<\/ul>\n<\/li>\n<li><strong>IPTV:<\/strong>\n<ul>\n<li>IGMP Proxy<\/li>\n<li>IGMP Snooping<\/li>\n<li>Bridge<\/li>\n<li>Tag VLAN<\/li>\n<\/ul>\n<\/li>\n<li><strong>DHCP:<\/strong>\n<ul>\n<li>Address Reservation<\/li>\n<li>DHCP Client List<\/li>\n<li>Server<\/li>\n<\/ul>\n<\/li>\n<li><strong>DDNS:<\/strong>\n<ul>\n<li>NO-IP<\/li>\n<li>DynDNS<\/li>\n<\/ul>\n<\/li>\n<li><strong>Gesti\u00f3n:<\/strong>\n<ul>\n<li>Tether App<\/li>\n<li>Webpage<\/li>\n<\/ul>\n<\/li>\n<\/ul>\n<p><strong>FISICO<\/strong><\/p>\n<ul>\n<li><strong>Dimensiones (Al x An x Pr):<\/strong> 4,5 \u00d7 4,2 \u00d7 1,0 in (115 x 106,7 x 24,3 mm)<\/li>\n<\/ul>\n","protected":false},"excerpt":{"rendered":"<ul>\n<li>Wi-Fi de alta velocidad: el AC750 de doble banda es ideal para transmisi\u00f3n de video HD y descarga de alta velocidad.<\/li>\n<li>Cobertura de gran alcance: las antenas 4 \u00d7 brindan Wi-Fi de gran alcance y conexiones confiables.<\/li>\n<li>Multimodo 3 en 1: admite router, punto de acceso y extensor de rango para agregar flexibilidad.<\/li>\n<li>Controles parentales: administra cu\u00e1ndo y c\u00f3mo los dispositivos conectados pueden acceder a Internet.<\/li>\n<li>Red de invitados: proporciona acceso independiente para los invitados mientras protege la red del host.<\/li>\n<li>Transmisi\u00f3n fluida HD: admite IGMP Proxy \/ Snooping, Bridge y Tag VLAN para optimizar la transmisi\u00f3n IPTV.<\/li>\n<li>Compatible con IPv6: compatible con IPv6 (la \u00faltima versi\u00f3n 6 del Protocolo de Internet).<\/li>\n<li>Compacto y montable: dise\u00f1ado para ahorrar espacio y complementar cualquier decoraci\u00f3n.<\/li>\n<\/ul>\n","protected":false},"featured_media":3936,"comment_status":"closed","ping_status":"closed","template":"","meta":{"_et_pb_use_builder":"","_et_pb_old_content":"","_et_gb_content_width":""},"product_brand":[],"product_cat":[48],"product_tag":[181,182,187],"class_list":{"0":"post-3933","1":"product","2":"type-product","3":"status-publish","4":"has-post-thumbnail","6":"product_cat-routers-y-repetidores","7":"product_tag-router","8":"product_tag-tp-link","9":"product_tag-wifi","11":"first","12":"instock","13":"shipping-taxable","14":"purchasable","15":"product-type-simple"},"_links":{"self":[{"href":"https:\/\/bonomosistemas.com.ar\/site\/wp-json\/wp\/v2\/product\/3933","targetHints":{"allow":["GET"]}}],"collection":[{"href":"https:\/\/bonomosistemas.com.ar\/site\/wp-json\/wp\/v2\/product"}],"about":[{"href":"https:\/\/bonomosistemas.com.ar\/site\/wp-json\/wp\/v2\/types\/product"}],"replies":[{"embeddable":true,"href":"https:\/\/bonomosistemas.com.ar\/site\/wp-json\/wp\/v2\/comments?post=3933"}],"wp:featuredmedia":[{"embeddable":true,"href":"https:\/\/bonomosistemas.com.ar\/site\/wp-json\/wp\/v2\/media\/3936"}],"wp:attachment":[{"href":"https:\/\/bonomosistemas.com.ar\/site\/wp-json\/wp\/v2\/media?parent=3933"}],"wp:term":[{"taxonomy":"product_brand","embeddable":true,"href":"https:\/\/bonomosistemas.com.ar\/site\/wp-json\/wp\/v2\/product_brand?post=3933"},{"taxonomy":"product_cat","embeddable":true,"href":"https:\/\/bonomosistemas.com.ar\/site\/wp-json\/wp\/v2\/product_cat?post=3933"},{"taxonomy":"product_tag","embeddable":true,"href":"https:\/\/bonomosistemas.com.ar\/site\/wp-json\/wp\/v2\/product_tag?post=3933"}],"curies":[{"name":"wp","href":"https:\/\/api.w.org\/{rel}","templated":true}]}}