{"id":3974,"date":"2026-04-11T21:24:19","date_gmt":"2026-04-12T00:24:19","guid":{"rendered":"https:\/\/bonomosistemas.com.ar\/site\/?post_type=product&#038;p=3974"},"modified":"2026-04-11T21:28:01","modified_gmt":"2026-04-12T00:28:01","slug":"pendrive-kingston-datatraveler-exodia-s-256gb-usb-3-2","status":"publish","type":"product","link":"https:\/\/bonomosistemas.com.ar\/site\/producto\/pendrive-kingston-datatraveler-exodia-s-256gb-usb-3-2\/","title":{"rendered":"Pendrive Kingston Datatraveler Exodia S 256GB USB 3.2"},"content":{"rendered":"<ul>\n<li>Capacidad: 256GB<\/li>\n<li>Interfaz: USB 3.2 Gen 1<\/li>\n<\/ul>\n","protected":false},"excerpt":{"rendered":"<p>Kingston DataTraveler Exodia S es una soluci\u00f3n de almacenamiento USB 3.2 Gen 1 para laptops, computadoras de escritorio y otros dispositivos digitales. DT Exodia S permite transferencias r\u00e1pidas y almacenamiento conveniente de documentos, videos, m\u00fasica y m\u00e1s. El DT Exodia S tiene tapa giratoria disponible en una gama de colores. Su dise\u00f1o la convierte en una excelente soluci\u00f3n de almacenamiento para el trabajo, la escuela o el hogar.<\/p>\n","protected":false},"featured_media":3977,"comment_status":"open","ping_status":"closed","template":"","meta":{"_et_pb_use_builder":"","_et_pb_old_content":"","_et_gb_content_width":""},"product_brand":[],"product_cat":[42],"product_tag":[230,120,231],"class_list":{"0":"post-3974","1":"product","2":"type-product","3":"status-publish","4":"has-post-thumbnail","6":"product_cat-pendrives","7":"product_tag-almacenamiento","8":"product_tag-kingston","9":"product_tag-pendrive","11":"first","12":"instock","13":"shipping-taxable","14":"purchasable","15":"product-type-simple"},"_links":{"self":[{"href":"https:\/\/bonomosistemas.com.ar\/site\/wp-json\/wp\/v2\/product\/3974","targetHints":{"allow":["GET"]}}],"collection":[{"href":"https:\/\/bonomosistemas.com.ar\/site\/wp-json\/wp\/v2\/product"}],"about":[{"href":"https:\/\/bonomosistemas.com.ar\/site\/wp-json\/wp\/v2\/types\/product"}],"replies":[{"embeddable":true,"href":"https:\/\/bonomosistemas.com.ar\/site\/wp-json\/wp\/v2\/comments?post=3974"}],"wp:featuredmedia":[{"embeddable":true,"href":"https:\/\/bonomosistemas.com.ar\/site\/wp-json\/wp\/v2\/media\/3977"}],"wp:attachment":[{"href":"https:\/\/bonomosistemas.com.ar\/site\/wp-json\/wp\/v2\/media?parent=3974"}],"wp:term":[{"taxonomy":"product_brand","embeddable":true,"href":"https:\/\/bonomosistemas.com.ar\/site\/wp-json\/wp\/v2\/product_brand?post=3974"},{"taxonomy":"product_cat","embeddable":true,"href":"https:\/\/bonomosistemas.com.ar\/site\/wp-json\/wp\/v2\/product_cat?post=3974"},{"taxonomy":"product_tag","embeddable":true,"href":"https:\/\/bonomosistemas.com.ar\/site\/wp-json\/wp\/v2\/product_tag?post=3974"}],"curies":[{"name":"wp","href":"https:\/\/api.w.org\/{rel}","templated":true}]}}