{"id":3978,"date":"2026-04-11T21:29:58","date_gmt":"2026-04-12T00:29:58","guid":{"rendered":"https:\/\/bonomosistemas.com.ar\/site\/?post_type=product&#038;p=3978"},"modified":"2026-04-11T21:41:30","modified_gmt":"2026-04-12T00:41:30","slug":"cooler-cpu-coolermaster-hyper-212-spectrum-v3","status":"publish","type":"product","link":"https:\/\/bonomosistemas.com.ar\/site\/producto\/cooler-cpu-coolermaster-hyper-212-spectrum-v3\/","title":{"rendered":"Cooler CPU CoolerMaster Hyper 212 Spectrum V3"},"content":{"rendered":"<ul>\n<li><strong>N.\u00ba de parte (P\/N): <\/strong>RR-S4NA-17PA-R1<\/li>\n<li><strong>Compatibilidad:<\/strong>\n<ul>\n<li><strong>Intel:<\/strong> LGA 1851 \/ 1700 \/ 1200 \/ 1156 \/ 1155 \/ 1151 \/ 1150<\/li>\n<li><strong>AMD:<\/strong> AM5 \/ AM4<\/li>\n<\/ul>\n<\/li>\n<li><strong>Dimensiones: <\/strong>124 x 73 x 152 mm (Largo x Ancho x Alto)<\/li>\n<li><strong>Material del disipador: <\/strong>Aletas de aluminio y 4 heatpipes.<\/li>\n<li><strong>Dimensiones del ventilador: <\/strong>120 x 120 x 25 mm (Largo x Ancho x Alto)<\/li>\n<li><strong>Cantidad de ventiladores: <\/strong>1 unidad<\/li>\n<li><strong>Velocidad del ventilador: <\/strong>PWM 650 &#8211; 1750 RPM +- 10%<\/li>\n<li><strong>Voltaje nominal: <\/strong>\n<ul>\n<li>Ventilador: 12 V<\/li>\n<\/ul>\n<\/li>\n<li><strong>Consumo de energ\u00eda:<\/strong>\n<ul>\n<li>Ventilador: 3,12 W<\/li>\n<\/ul>\n<\/li>\n<li><strong>Flujo de aire: <\/strong>71,93 CFM<\/li>\n<li><strong>Presi\u00f3n est\u00e1tica: <\/strong>1,86 mm-H\u2082O<\/li>\n<li><strong>Ruido ac\u00fastico: <\/strong>27,2 dBA (Max)<\/li>\n<li><strong>Vida \u00fatil \/ Vida \u00fatil del ventilador: <\/strong>160000 horas<\/li>\n<li><strong>Conectores:<\/strong>\n<ul>\n<li><strong>LED: <\/strong>Header ARGB de 5 V<\/li>\n<li><strong>Ventilador: <\/strong>Conector de 4 pines<\/li>\n<\/ul>\n<\/li>\n<\/ul>\n<p><!--EndFragment --><\/p>\n","protected":false},"excerpt":{"rendered":"<div><strong>Cooler Master<\/strong> est\u00e1 lanzando el <strong>Hyper 212 Spectrum V3<\/strong>, una incorporaci\u00f3n redise\u00f1ada a su popular predecesor, el 212 Spectrum.<br \/>\nEl conjunto de <strong>4 heat pipes<\/strong> ha sido tratado con <strong>niquelado plateado<\/strong> para permitir una conductividad t\u00e9rmica sin obst\u00e1culos y, al mismo tiempo, lograr una est\u00e9tica a juego.<br \/>\nLa <strong>altura del disipador es de 152 mm<\/strong>, lo que permite una amplia compatibilidad con la mayor\u00eda de los gabinetes sin sacrificar el rendimiento t\u00e9rmico.<br \/>\nLos <strong>soportes de instalaci\u00f3n<\/strong> te brindan versatilidad para las <strong>plataformas m\u00e1s recientes del mercado<\/strong>.<\/div>\n<p><!--EndFragment --><\/p>\n","protected":false},"featured_media":3979,"comment_status":"open","ping_status":"closed","template":"","meta":{"_et_pb_use_builder":"","_et_pb_old_content":"","_et_gb_content_width":""},"product_brand":[],"product_cat":[307],"product_tag":[208,205,430,206],"class_list":{"0":"post-3978","1":"product","2":"type-product","3":"status-publish","4":"has-post-thumbnail","6":"product_cat-refrigeracion","7":"product_tag-cooler","8":"product_tag-cooler-cpu","9":"product_tag-coolermaster","10":"product_tag-refrigeracion","12":"first","13":"instock","14":"shipping-taxable","15":"purchasable","16":"product-type-simple"},"_links":{"self":[{"href":"https:\/\/bonomosistemas.com.ar\/site\/wp-json\/wp\/v2\/product\/3978","targetHints":{"allow":["GET"]}}],"collection":[{"href":"https:\/\/bonomosistemas.com.ar\/site\/wp-json\/wp\/v2\/product"}],"about":[{"href":"https:\/\/bonomosistemas.com.ar\/site\/wp-json\/wp\/v2\/types\/product"}],"replies":[{"embeddable":true,"href":"https:\/\/bonomosistemas.com.ar\/site\/wp-json\/wp\/v2\/comments?post=3978"}],"wp:featuredmedia":[{"embeddable":true,"href":"https:\/\/bonomosistemas.com.ar\/site\/wp-json\/wp\/v2\/media\/3979"}],"wp:attachment":[{"href":"https:\/\/bonomosistemas.com.ar\/site\/wp-json\/wp\/v2\/media?parent=3978"}],"wp:term":[{"taxonomy":"product_brand","embeddable":true,"href":"https:\/\/bonomosistemas.com.ar\/site\/wp-json\/wp\/v2\/product_brand?post=3978"},{"taxonomy":"product_cat","embeddable":true,"href":"https:\/\/bonomosistemas.com.ar\/site\/wp-json\/wp\/v2\/product_cat?post=3978"},{"taxonomy":"product_tag","embeddable":true,"href":"https:\/\/bonomosistemas.com.ar\/site\/wp-json\/wp\/v2\/product_tag?post=3978"}],"curies":[{"name":"wp","href":"https:\/\/api.w.org\/{rel}","templated":true}]}}